{"id":27,"date":"2018-08-03T13:41:58","date_gmt":"2018-08-03T04:41:58","guid":{"rendered":"http:\/\/www.swindustry.com\/es\/?page_id=27"},"modified":"2019-03-11T02:15:35","modified_gmt":"2019-03-10T17:15:35","slug":"greeting","status":"publish","type":"page","link":"https:\/\/www.swindustry.com\/es\/greeting\/","title":{"rendered":"Introducci\u00f3n"},"content":{"rendered":"<section class=\"l-section wpb_row height_small\"><div class=\"l-section-h i-cf\"><div class=\"g-cols vc_row type_default valign_top\"><div class=\"vc_col-sm-12 wpb_column vc_column_container\"><div class=\"vc_column-inner\"><div class=\"wpb_wrapper\"><div id=\"ultimate-heading-45269d0f6c59f8ac\" class=\"uvc-heading ult-adjust-bottom-margin ultimate-heading-45269d0f6c59f8ac uvc-8706 \" data-hspacer=\"line_only\"  data-halign=\"left\" style=\"text-align:left\"><div class=\"uvc-main-heading ult-responsive\"  data-ultimate-target='.uvc-heading.ultimate-heading-45269d0f6c59f8ac h2'  data-responsive-json-new='{\"font-size\":\"\",\"line-height\":\"\"}' ><h2 style=\"font-weight:normal;\">Saludo<\/h2><\/div><div class=\"uvc-heading-spacer line_only\" style=\"topheight:1px;\"><span class=\"uvc-headings-line\" style=\"border-style:solid;border-bottom-width:1px;border-color:#ededed;width:autopx;\"><\/span><\/div><\/div><\/div><\/div><\/div><\/div><\/div><\/section><section class=\"l-section wpb_row height_small\"><div class=\"l-section-h i-cf\"><div class=\"g-cols vc_row type_default valign_top\"><div class=\"vc_col-sm-12 wpb_column vc_column_container\"><div class=\"vc_column-inner\"><div class=\"wpb_wrapper\"><div class=\"w-image align_center\"><div class=\"w-image-h\"><img width=\"798\" height=\"405\" src=\"https:\/\/www.swindustry.com\/es\/wp-content\/uploads\/2018\/09\/GREETING_img3.jpg\" class=\"attachment-full size-full\" alt=\"\" loading=\"lazy\" srcset=\"https:\/\/www.swindustry.com\/es\/wp-content\/uploads\/2018\/09\/GREETING_img3.jpg 798w, https:\/\/www.swindustry.com\/es\/wp-content\/uploads\/2018\/09\/GREETING_img3-300x152.jpg 300w, https:\/\/www.swindustry.com\/es\/wp-content\/uploads\/2018\/09\/GREETING_img3-768x390.jpg 768w, https:\/\/www.swindustry.com\/es\/wp-content\/uploads\/2018\/09\/GREETING_img3-320x162.jpg 320w, https:\/\/www.swindustry.com\/es\/wp-content\/uploads\/2018\/09\/GREETING_img3-600x305.jpg 600w\" sizes=\"(max-width: 798px) 100vw, 798px\" \/><\/div><\/div><\/div><\/div><\/div><\/div><\/div><\/section><section class=\"l-section wpb_row height_small\"><div class=\"l-section-h i-cf\"><div class=\"g-cols vc_row type_default valign_top\"><div class=\"vc_col-sm-12 wpb_column vc_column_container\"><div class=\"vc_column-inner\"><div class=\"wpb_wrapper\"><div class=\"wpb_text_column\" ><div class=\"wpb_wrapper\"><h3><span style=\"color: #142042;\"><strong>Bienvenido(a) a SW INDUSTRY CO.<\/strong><\/span><\/h3>\n<\/div><\/div><div class=\"w-separator size_custom\" style=\"height:15px\"><\/div><div class=\"wpb_text_column\" ><div class=\"wpb_wrapper\"><p style=\"text-align: justify;\"><span style=\"font-size: 14pt;\">Desde 1990, nosotros, SW INDUSTRY CO., llevamos fabricando componentes de transformadores para el mercado nacional e internacional, contribuyendo al desarrollo de las \u00e1reas de los componentes de los transformadores con una mejora constante de la calidad e innovaci\u00f3n tecnol\u00f3gica.<\/span><\/p>\n<p style=\"text-align: justify;\"><span style=\"font-size: 14pt;\">Hemos invertido en equipos avanzados para una mayor capacidad de producci\u00f3n y adquirido una alta tecnolog\u00eda y una mano de obra talentosa para una calidad superior.<\/span><\/p>\n<p style=\"text-align: justify;\"><span style=\"font-size: 14pt;\">Nos esforzaremos para llegar a ser el mejor productor en el mundo gracias a los equipos de producci\u00f3n avanzados y a nuestra propia tecnolog\u00eda para fabricar productos de alta calidad que satisfagan las necesidades de nuestros clientes.<\/span><\/p>\n<p style=\"text-align: justify;\"><span style=\"font-size: 14pt;\">Le solicitamos amablemente su continua confianza y apoyo, que nos anima a seguir invirtiendo en investigaci\u00f3n y desarrollo.<\/span><\/p>\n<\/div><\/div><div class=\"wpb_text_column\" ><div class=\"wpb_wrapper\"><p style=\"text-align: right;\"><span style=\"font-size: 14pt;\">J. Y. Choi \/ Presidente de SW INDUSTRY CO.<\/span><\/p>\n<\/div><\/div><\/div><\/div><\/div><\/div><\/div><\/section><section class=\"l-section wpb_row height_small\"><div class=\"l-section-h i-cf\"><div class=\"g-cols vc_row type_default valign_top\"><div class=\"vc_col-sm-12 wpb_column vc_column_container\"><div class=\"vc_column-inner\"><div class=\"wpb_wrapper\"><div class=\"w-separator size_custom\" style=\"height:32px\"><\/div><\/div><\/div><\/div><\/div><\/div><\/section>\n","protected":false},"excerpt":{"rendered":"SaludoBienvenido(a) a SW INDUSTRY CO. Desde 1990, nosotros, SW INDUSTRY CO., llevamos fabricando componentes de transformadores para el mercado nacional e internacional, contribuyendo al desarrollo de las \u00e1reas de los componentes de los transformadores con una mejora constante de la calidad e innovaci\u00f3n tecnol\u00f3gica. Hemos invertido en equipos avanzados para una mayor capacidad de producci\u00f3n...","protected":false},"author":1,"featured_media":0,"parent":0,"menu_order":0,"comment_status":"closed","ping_status":"closed","template":"","meta":[],"_links":{"self":[{"href":"https:\/\/www.swindustry.com\/es\/wp-json\/wp\/v2\/pages\/27"}],"collection":[{"href":"https:\/\/www.swindustry.com\/es\/wp-json\/wp\/v2\/pages"}],"about":[{"href":"https:\/\/www.swindustry.com\/es\/wp-json\/wp\/v2\/types\/page"}],"author":[{"embeddable":true,"href":"https:\/\/www.swindustry.com\/es\/wp-json\/wp\/v2\/users\/1"}],"replies":[{"embeddable":true,"href":"https:\/\/www.swindustry.com\/es\/wp-json\/wp\/v2\/comments?post=27"}],"version-history":[{"count":4,"href":"https:\/\/www.swindustry.com\/es\/wp-json\/wp\/v2\/pages\/27\/revisions"}],"predecessor-version":[{"id":1200,"href":"https:\/\/www.swindustry.com\/es\/wp-json\/wp\/v2\/pages\/27\/revisions\/1200"}],"wp:attachment":[{"href":"https:\/\/www.swindustry.com\/es\/wp-json\/wp\/v2\/media?parent=27"}],"curies":[{"name":"wp","href":"https:\/\/api.w.org\/{rel}","templated":true}]}}