{"id":31,"date":"2018-08-03T13:42:27","date_gmt":"2018-08-03T04:42:27","guid":{"rendered":"http:\/\/www.swindustry.com\/es\/?page_id=31"},"modified":"2021-01-07T18:58:48","modified_gmt":"2021-01-07T09:58:48","slug":"company-history","status":"publish","type":"page","link":"https:\/\/www.swindustry.com\/es\/company-history\/","title":{"rendered":"Historia"},"content":{"rendered":"<section class=\"l-section wpb_row height_small\"><div class=\"l-section-h i-cf\"><div class=\"g-cols vc_row type_default valign_top\"><div class=\"vc_col-sm-12 wpb_column vc_column_container\"><div class=\"vc_column-inner\"><div class=\"wpb_wrapper\"><div id=\"ultimate-heading-186469d0f6c54644d\" class=\"uvc-heading ult-adjust-bottom-margin ultimate-heading-186469d0f6c54644d uvc-9401 \" data-hspacer=\"line_only\"  data-halign=\"left\" style=\"text-align:left\"><div class=\"uvc-main-heading ult-responsive\"  data-ultimate-target='.uvc-heading.ultimate-heading-186469d0f6c54644d h2'  data-responsive-json-new='{\"font-size\":\"\",\"line-height\":\"\"}' ><h2 style=\"font-weight:normal;\">Historia<\/h2><\/div><div class=\"uvc-heading-spacer line_only\" style=\"topheight:1px;\"><span class=\"uvc-headings-line\" style=\"border-style:solid;border-bottom-width:1px;border-color:#ededed;width:autopx;\"><\/span><\/div><\/div><\/div><\/div><\/div><\/div><\/div><\/section><section class=\"l-section wpb_row height_small\"><div class=\"l-section-h i-cf\"><div class=\"g-cols vc_row type_default valign_top\"><div class=\"vc_col-sm-3 wpb_column vc_column_container animate_fade\" style=\"animation-delay:0.2s\"><div class=\"vc_column-inner\"><div class=\"wpb_wrapper\"><div class=\"w-separator size_small with_line width_default thick_3 style_solid color_border align_center\"><div class=\"w-separator-h\"><\/div><\/div><div class=\"wpb_text_column\" ><div class=\"wpb_wrapper\"><h3 style=\"text-align: center;\"><strong>~ 2010<\/strong><\/h3>\n<\/div><\/div><\/div><\/div><\/div><div class=\"vc_col-sm-9 wpb_column vc_column_container\"><div class=\"vc_column-inner\"><div class=\"wpb_wrapper\"><div class=\"w-separator size_small with_line width_default thick_3 style_solid color_border align_center\"><div class=\"w-separator-h\"><\/div><\/div><div class=\"wpb_text_column\" ><div class=\"wpb_wrapper\"><p style=\"padding-left: 10px;\"><strong>2019. 02.\u00a0 \u00a0 \u00a0 <\/strong>Adquiera un \u201c un Certificado de Tecnolog\u00eda de la Excelencia \u201c desde KED<br \/>\n<strong>2018. 04.\u00a0 \u00a0 \u00a0 <\/strong>Asistencia al \u00ab2018 IEEE PES T&amp;D (Denver, Estados Unidos)\u00bb<br \/>\n<strong>2017. 07.\u00a0 \u00a0 \u00a0 <\/strong>Asistencia a la \u00ab29.\u00aa Feria Comercial: Industria de la Electricidad, Electr\u00f3nica,<br \/>\n<strong><span style=\"color: #ffffff;\">2017. 07.\u00a0 \u00a0 \u00a0<\/span> <\/strong>Energ\u00e9tica y de la Automatizaci\u00f3n (FIEE 2017)\u00bb<strong><br \/>\n<strong>2016. 11. \u00a0 \u00a0 \u00a0 <\/strong><\/strong>Asistencia a la \u00abFeria Internacional de Electricidad, Ir\u00e1n (IEE-Teher\u00e1n)\u00bb<strong><br \/>\n<strong>2016. 06. \u00a0 \u00a0 \u00a0 <\/strong><\/strong>Asistencia a \u00abPOWER-GEN EUROPE (Mil\u00e1n)\u00bb<strong><br \/>\n<strong>2015. 07. \u00a0 \u00a0 \u00a0 <\/strong><\/strong>Expansi\u00f3n de la l\u00ednea de producci\u00f3n tras la construcci\u00f3n de una segunda f\u00e1brica<strong><br \/>\n<strong>2014. 08. \u00a0 <\/strong><\/strong>\u00a0<strong> \u00a0 <\/strong>Traslado a la f\u00e1brica Gaegok en Gimpo<strong><br \/>\n<strong>2014. 02. \u00a0 \u00a0 \u00a0 <\/strong><\/strong>Asistencia a \u00abElectricidad en Oriente Medio\u00bb<strong><br \/>\n<strong>2013. 02. \u00a0 \u00a0 \u00a0 <\/strong><\/strong>Asistencia a \u00abElectricidad en Oriente Medio\u00bb<strong><br \/>\n<strong>2012. 12. \u00a0 \u00a0 \u00a0 <\/strong><\/strong>Asistencia a \u00abEnerg\u00eda y Electricidad mundial en \u00c1frica\u00bb<strong><br \/>\n<strong>2010. 11. \u00a0 \u00a0 \u00a0 <\/strong><\/strong>Designada como \u00abPyme Prometedora\u00bb por SMBA<\/p>\n<\/div><\/div><\/div><\/div><\/div><\/div><\/div><\/section><section class=\"l-section wpb_row height_small\"><div class=\"l-section-h i-cf\"><div class=\"g-cols vc_row type_default valign_top\"><div class=\"vc_col-sm-3 wpb_column vc_column_container animate_fade\" style=\"animation-delay:0.4s\"><div class=\"vc_column-inner\"><div class=\"wpb_wrapper\"><div class=\"w-separator size_small with_line width_default thick_3 style_solid color_border align_center\"><div class=\"w-separator-h\"><\/div><\/div><div class=\"wpb_text_column\" ><div class=\"wpb_wrapper\"><h3 style=\"text-align: center;\"><strong>~ 2000<\/strong><\/h3>\n<\/div><\/div><\/div><\/div><\/div><div class=\"vc_col-sm-9 wpb_column vc_column_container\"><div class=\"vc_column-inner\"><div class=\"wpb_wrapper\"><div class=\"w-separator size_small with_line width_default thick_3 style_solid color_border align_center\"><div class=\"w-separator-h\"><\/div><\/div><div class=\"wpb_text_column\" ><div class=\"wpb_wrapper\"><p style=\"padding-left: 10px;\"><strong>2008. 01.\u00a0 \u00a0 \u00a0 <\/strong>Traslado de la f\u00e1brica principal (Daegot) en Gimpo<br \/>\n<strong>2005. 11.\u00a0 \u00a0 \u00a0 <\/strong>Asistencia a la \u00ab29.\u00aa Feria Comercial: Industria de la Electricidad, Electr\u00f3nica\u00bb<br \/>\n<strong><strong>2005. 11.\u00a0 \u00a0 \u00a0 <\/strong><\/strong>Se establece la sucursal \u00abSW de la INDUSTRIA CO.\u00bb en Daegu<strong><br \/>\n<strong>2001. 05.\u00a0 \u00a0 \u00a0 <\/strong><\/strong>Se obtiene el certificado \u00abCategor\u00eda mundial de bienes de capital\u00bb del<br \/>\n<strong><span style=\"color: #ffffff;\">2001. 05.\u00a0 \u00a0 \u00a0<\/span> <\/strong>Ministerio de Comercio, Industria y Energ\u00eda<strong><br \/>\n<strong>2000. 12.\u00a0 \u00a0 \u00a0 <\/strong><\/strong>Se ampl\u00eda la capacidad de producci\u00f3n<strong><br \/>\n<strong>2000. 12.\u00a0 \u00a0 \u00a0 <\/strong><\/strong>Traslado a la planta (2) Pungmu en Gimpo\u00a0<strong><br \/>\n<\/strong><\/p>\n<\/div><\/div><\/div><\/div><\/div><\/div><\/div><\/section><section class=\"l-section wpb_row height_small\"><div class=\"l-section-h i-cf\"><div class=\"g-cols vc_row type_default valign_top\"><div class=\"vc_col-sm-3 wpb_column vc_column_container animate_fade\" style=\"animation-delay:0.6s\"><div class=\"vc_column-inner\"><div class=\"wpb_wrapper\"><div class=\"w-separator size_small with_line width_default thick_3 style_solid color_border align_center\"><div class=\"w-separator-h\"><\/div><\/div><div class=\"wpb_text_column\" ><div class=\"wpb_wrapper\"><h3 style=\"text-align: center;\"><strong>~ 1990<\/strong><\/h3>\n<\/div><\/div><\/div><\/div><\/div><div class=\"vc_col-sm-9 wpb_column vc_column_container\"><div class=\"vc_column-inner\"><div class=\"wpb_wrapper\"><div class=\"w-separator size_small with_line width_default thick_3 style_solid color_border align_center\"><div class=\"w-separator-h\"><\/div><\/div><div class=\"wpb_text_column\" ><div class=\"wpb_wrapper\"><p style=\"padding-left: 10px;\"><strong>1999. 02.\u00a0 \u00a0 \u00a0 <\/strong>Se inaugura la \u00abSucursal Daegu\u00bb<br \/>\n<strong>1996. 01.\u00a0 \u00a0 \u00a0 <\/strong>Se convierte en Sociedad An\u00f3nima<br \/>\n<strong><strong>1995. 02.\u00a0 \u00a0 \u00a0 <\/strong><\/strong>Designada como \u00abPyme Prometedora\u00bb por SMBA<strong><br \/>\n<strong>1994. 02.\u00a0 \u00a0 \u00a0 <\/strong><\/strong>Comienza a exportar (EE.\u00a0UUU, CANAD\u00c1)<br \/>\n<strong><strong>1993. 12.\u00a0 \u00a0 \u00a0 <\/strong><\/strong>Traslado a la planta Pungmu(1) en Gimpo <strong><br \/>\n<strong>1990. 11.\u00a0 \u00a0 \u00a0 <\/strong><\/strong>Se funda \u00abSW INDUSTRY CO.\u00bb <strong><br \/>\n<\/strong><\/p>\n<\/div><\/div><\/div><\/div><\/div><\/div><\/div><\/section><section class=\"l-section wpb_row us_custom_4fceae2e height_auto has_border_radius\"><div class=\"l-section-h i-cf\"><div class=\"g-cols vc_row type_default valign_top gap-1-5px\"><style>.g-cols.gap-1-5px{margin:0 calc(-1.5rem - 1.5px)}.gap-1-5px > .vc_column_container {padding:1.5px}<\/style><div class=\"vc_col-sm-1\/5 wpb_column vc_column_container\"><div class=\"vc_column-inner us_custom_7d5e32d4\"><div class=\"wpb_wrapper\"><div class=\"w-image align_none animate_fade\" style=\"animation-delay:0.2s\"><div class=\"w-image-h\"><img width=\"290\" height=\"218\" src=\"https:\/\/www.swindustry.com\/es\/wp-content\/uploads\/2018\/08\/history_img01.jpg\" class=\"attachment-full size-full\" alt=\"\" loading=\"lazy\" \/><\/div><\/div><\/div><\/div><\/div><div class=\"vc_col-sm-1\/5 wpb_column vc_column_container\"><div class=\"vc_column-inner us_custom_7d5e32d4\"><div class=\"wpb_wrapper\"><div class=\"w-image align_none animate_fade\" style=\"animation-delay:0.4s\"><div class=\"w-image-h\"><img width=\"290\" height=\"218\" src=\"https:\/\/www.swindustry.com\/es\/wp-content\/uploads\/2018\/08\/history_img02.jpg\" class=\"attachment-full size-full\" alt=\"\" loading=\"lazy\" \/><\/div><\/div><\/div><\/div><\/div><div class=\"vc_col-sm-1\/5 wpb_column vc_column_container\"><div class=\"vc_column-inner us_custom_7d5e32d4\"><div class=\"wpb_wrapper\"><div class=\"w-image align_none animate_fade\" style=\"animation-delay:0.6s\"><div class=\"w-image-h\"><img width=\"291\" height=\"218\" src=\"https:\/\/www.swindustry.com\/es\/wp-content\/uploads\/2018\/08\/history_img03.jpg\" class=\"attachment-full size-full\" alt=\"\" loading=\"lazy\" \/><\/div><\/div><\/div><\/div><\/div><div class=\"vc_col-sm-1\/5 wpb_column vc_column_container\"><div class=\"vc_column-inner us_custom_7d5e32d4\"><div class=\"wpb_wrapper\"><div class=\"w-image align_none animate_fade\" style=\"animation-delay:0.8s\"><div class=\"w-image-h\"><img width=\"290\" height=\"218\" src=\"https:\/\/www.swindustry.com\/es\/wp-content\/uploads\/2018\/08\/history_img04.jpg\" class=\"attachment-full size-full\" alt=\"\" loading=\"lazy\" \/><\/div><\/div><\/div><\/div><\/div><div class=\"vc_col-sm-1\/5 wpb_column vc_column_container\"><div class=\"vc_column-inner us_custom_7d5e32d4\"><div class=\"wpb_wrapper\"><div class=\"w-image align_none animate_fade\" style=\"animation-delay:1s\"><div class=\"w-image-h\"><img width=\"291\" height=\"218\" src=\"https:\/\/www.swindustry.com\/es\/wp-content\/uploads\/2018\/08\/history_img05.jpg\" class=\"attachment-full size-full\" alt=\"\" loading=\"lazy\" \/><\/div><\/div><\/div><\/div><\/div><\/div><\/div><\/section><section class=\"l-section wpb_row height_small\"><div class=\"l-section-h i-cf\"><div class=\"g-cols vc_row type_default valign_top\"><div class=\"vc_col-sm-12 wpb_column vc_column_container\"><div class=\"vc_column-inner\"><div class=\"wpb_wrapper\"><div class=\"w-separator size_custom\" style=\"height:20px\"><\/div><\/div><\/div><\/div><\/div><\/div><\/section>\n","protected":false},"excerpt":{"rendered":"Historia~ 2010 2019. 02.\u00a0 \u00a0 \u00a0 Adquiera un \u201c un Certificado de Tecnolog\u00eda de la Excelencia \u201c desde KED 2018. 04.\u00a0 \u00a0 \u00a0 Asistencia al \u00ab2018 IEEE PES T&amp;D (Denver, Estados Unidos)\u00bb 2017. 07.\u00a0 \u00a0 \u00a0 Asistencia a la \u00ab29.\u00aa Feria Comercial: Industria de la Electricidad, Electr\u00f3nica, 2017. 07.\u00a0 \u00a0 \u00a0 Energ\u00e9tica y de la...","protected":false},"author":1,"featured_media":0,"parent":0,"menu_order":0,"comment_status":"closed","ping_status":"closed","template":"","meta":[],"_links":{"self":[{"href":"https:\/\/www.swindustry.com\/es\/wp-json\/wp\/v2\/pages\/31"}],"collection":[{"href":"https:\/\/www.swindustry.com\/es\/wp-json\/wp\/v2\/pages"}],"about":[{"href":"https:\/\/www.swindustry.com\/es\/wp-json\/wp\/v2\/types\/page"}],"author":[{"embeddable":true,"href":"https:\/\/www.swindustry.com\/es\/wp-json\/wp\/v2\/users\/1"}],"replies":[{"embeddable":true,"href":"https:\/\/www.swindustry.com\/es\/wp-json\/wp\/v2\/comments?post=31"}],"version-history":[{"count":4,"href":"https:\/\/www.swindustry.com\/es\/wp-json\/wp\/v2\/pages\/31\/revisions"}],"predecessor-version":[{"id":1241,"href":"https:\/\/www.swindustry.com\/es\/wp-json\/wp\/v2\/pages\/31\/revisions\/1241"}],"wp:attachment":[{"href":"https:\/\/www.swindustry.com\/es\/wp-json\/wp\/v2\/media?parent=31"}],"curies":[{"name":"wp","href":"https:\/\/api.w.org\/{rel}","templated":true}]}}