{"id":35,"date":"2018-08-03T13:42:49","date_gmt":"2018-08-03T04:42:49","guid":{"rendered":"http:\/\/www.swindustry.com\/es\/?page_id=35"},"modified":"2019-03-11T02:15:34","modified_gmt":"2019-03-10T17:15:34","slug":"header-pipe-type","status":"publish","type":"page","link":"https:\/\/www.swindustry.com\/es\/header-pipe-type\/","title":{"rendered":"Radiador con tuber\u00eda colectora"},"content":{"rendered":"<section class=\"l-section wpb_row height_small\"><div class=\"l-section-h i-cf\"><div class=\"g-cols vc_row type_default valign_top\"><div class=\"vc_col-sm-12 wpb_column vc_column_container\"><div class=\"vc_column-inner\"><div class=\"wpb_wrapper\"><div class=\"wpb_text_column\" ><div class=\"wpb_wrapper\"><blockquote>\n<h1>Radiador con tuber\u00eda colectora<br \/>\n<span style=\"font-size: 18pt;\">(Cabezal soldado)<\/span><\/h1>\n<\/blockquote>\n<\/div><\/div><\/div><\/div><\/div><\/div><\/div><\/section><section class=\"l-section wpb_row height_auto\"><div class=\"l-section-h i-cf\"><div class=\"g-cols vc_row type_default valign_top\"><div class=\"vc_col-sm-3 wpb_column vc_column_container\"><div class=\"vc_column-inner\"><div class=\"wpb_wrapper\"><\/div><\/div><\/div><div class=\"vc_col-sm-3 vc_col-xs-6 wpb_column vc_column_container\"><div class=\"vc_column-inner\"><div class=\"wpb_wrapper\"><div class=\"w-image align_none\"><div class=\"w-image-h\"><img width=\"410\" height=\"856\" src=\"https:\/\/www.swindustry.com\/es\/wp-content\/uploads\/2018\/08\/PipeType_01.jpg\" class=\"attachment-full size-full\" alt=\"\" loading=\"lazy\" srcset=\"https:\/\/www.swindustry.com\/es\/wp-content\/uploads\/2018\/08\/PipeType_01.jpg 410w, https:\/\/www.swindustry.com\/es\/wp-content\/uploads\/2018\/08\/PipeType_01-144x300.jpg 144w\" sizes=\"(max-width: 410px) 100vw, 410px\" \/><\/div><\/div><\/div><\/div><\/div><div class=\"vc_col-sm-3 vc_col-xs-6 wpb_column vc_column_container\"><div class=\"vc_column-inner\"><div class=\"wpb_wrapper\"><div class=\"w-image align_none\"><div class=\"w-image-h\"><img width=\"410\" height=\"856\" src=\"https:\/\/www.swindustry.com\/es\/wp-content\/uploads\/2018\/08\/PipeType_02.jpg\" class=\"attachment-full size-full\" alt=\"\" loading=\"lazy\" srcset=\"https:\/\/www.swindustry.com\/es\/wp-content\/uploads\/2018\/08\/PipeType_02.jpg 410w, https:\/\/www.swindustry.com\/es\/wp-content\/uploads\/2018\/08\/PipeType_02-144x300.jpg 144w\" sizes=\"(max-width: 410px) 100vw, 410px\" \/><\/div><\/div><\/div><\/div><\/div><div class=\"vc_col-sm-3 wpb_column vc_column_container\"><div class=\"vc_column-inner\"><div class=\"wpb_wrapper\"><\/div><\/div><\/div><\/div><\/div><\/section><section class=\"l-section wpb_row height_auto\"><div class=\"l-section-h i-cf\"><div class=\"g-cols vc_row type_default valign_top\"><div class=\"vc_col-sm-12 wpb_column vc_column_container\"><div class=\"vc_column-inner\"><div class=\"wpb_wrapper\"><div class=\"wpb_text_column\" ><div class=\"wpb_wrapper\"><h5><i class=\"fas fa-arrow-circle-right\"><\/i>Especificaciones<\/h5>\n<table class=\"hee\" style=\"height: 242px; width: 100%; border-collapse: collapse;\" border=\"1\">\n<tbody>\n<tr>\n<td bgcolor=\"#006699\"><span style=\"color: #ffffff;\">Producto<\/span><\/td>\n<td bgcolor=\"#006699\"><span style=\"color: #ffffff;\">Descripciones<\/span><\/td>\n<td bgcolor=\"#006699\"><span style=\"color: #ffffff;\">Comentarios<\/span><\/td>\n<\/tr>\n<tr>\n<td>Ancho<\/td>\n<td>300 mm (12&#8243;), de 310 mm, 380 mm (15&#8243;), de 450 mm (18&#8243;),<br \/>\n480 (18.9&#8243;), 520 mm (20.5&#8243;), 535 mm (21&#8243;)<\/td>\n<td><\/td>\n<\/tr>\n<tr>\n<td>Centro<\/td>\n<td>Libre<\/td>\n<td><\/td>\n<\/tr>\n<tr>\n<td>Material (Espesor)<\/td>\n<td>Acero CR, Acero Inoxidable (1 mm, 1.2 mm)<\/td>\n<td><\/td>\n<\/tr>\n<tr>\n<td>Soldadura<\/td>\n<td>O<sub>2<\/sub>, CO<sub>2<\/sub><\/td>\n<td><\/td>\n<\/tr>\n<tr>\n<td>No. de componentes<\/td>\n<td>Libre<\/td>\n<td>Especificaci\u00f3n del cliente<\/td>\n<\/tr>\n<tr>\n<td>Distancia de la aleta (extremo)<\/td>\n<td>40, 45, 50mm<\/td>\n<td>Especificaci\u00f3n del cliente<\/td>\n<\/tr>\n<tr>\n<td>Tratamiento de la superficie<\/td>\n<td>Lisa (metal desnudo), Personalizaci\u00f3n de la pintura,<br \/>\nGalvanizaci\u00f3n en caliente<\/td>\n<td>Especificaci\u00f3n del cliente<\/td>\n<\/tr>\n<\/tbody>\n<\/table>\n<p>\u203b Los tama\u00f1os personalizados est\u00e1n disponibles bajo petici\u00f3n.<\/p>\n<\/div><\/div><div class=\"wpb_text_column\" ><div class=\"wpb_wrapper\"><table class=\"hee\" style=\"height: 290px; border-collapse: collapse;\" border=\"1\">\n<tbody>\n<tr style=\"height: 24px;\">\n<td bgcolor=\"#006699\"><span style=\"color: #ffffff;\">No<\/span><\/td>\n<td bgcolor=\"#006699\"><span style=\"color: #ffffff;\">Descripciones<\/span><\/td>\n<td bgcolor=\"#006699\"><span style=\"color: #ffffff;\">Material<\/span><\/td>\n<td bgcolor=\"#006699\"><span style=\"color: #ffffff;\">Dimensi\u00f3n<\/span><\/td>\n<\/tr>\n<tr style=\"height: 48px;\">\n<td>1<\/td>\n<td>Componente de la aleta<\/td>\n<td>SPCC<\/td>\n<td>520\u00d71.0t or 1.2t<\/td>\n<\/tr>\n<tr style=\"height: 24px;\">\n<td>2<\/td>\n<td>Brida<\/td>\n<td>SS400<\/td>\n<td>18t\u00d7150\u00d7150<\/td>\n<\/tr>\n<tr style=\"height: 24px;\">\n<td>3<\/td>\n<td>Tuber\u00eda colectora<\/td>\n<td>SPP<\/td>\n<td>3\u2033, 4\u2033, 5\u2033<\/td>\n<\/tr>\n<tr style=\"height: 26px;\">\n<td>4<\/td>\n<td>Tap\u00f3n de drenaje<\/td>\n<td>SS400<\/td>\n<td><\/td>\n<\/tr>\n<tr style=\"height: 24px;\">\n<td>5<\/td>\n<td>Barra de refuerzo<\/td>\n<td>SS400<\/td>\n<td><\/td>\n<\/tr>\n<tr style=\"height: 24px;\">\n<td>6<\/td>\n<td>Placa de cubierta<\/td>\n<td>SS400<\/td>\n<td><\/td>\n<\/tr>\n<tr style=\"height: 48px;\">\n<td>7<\/td>\n<td>| Interruptor rejilla de ventilaci\u00f3n<\/td>\n<td>SS400<\/td>\n<td><\/td>\n<\/tr>\n<tr style=\"height: 48px;\">\n<td>8<\/td>\n<td>Orejeta de elevaci\u00f3n<\/td>\n<td>SS400<\/td>\n<td><\/td>\n<\/tr>\n<\/tbody>\n<\/table>\n<\/div><\/div><div class=\"w-separator size_custom\" style=\"height:20px\"><\/div><div class=\"wpb_text_column\" ><div class=\"wpb_wrapper\"><table class=\"hee\" style=\"height: 82px; border-collapse: collapse;\" border=\"1\">\n<tbody>\n<tr style=\"height: 24px;\">\n<td style=\"width: 66px;\" bgcolor=\"#006699\"><span style=\"color: #ffffff;\">Tama\u00f1o de la tuber\u00eda\u00a0<\/span><\/td>\n<td style=\"width: 72px;\" bgcolor=\"#006699\"><span style=\"color: #ffffff;\">OD<\/span><\/td>\n<td style=\"width: 72px;\" bgcolor=\"#006699\"><span style=\"color: #ffffff;\">ID<\/span><\/td>\n<td style=\"width: 71px;\" bgcolor=\"#006699\"><span style=\"color: #ffffff;\">Grosor<\/span><\/td>\n<\/tr>\n<tr style=\"height: 48px;\">\n<td style=\"width: 66px;\">3\u2033<\/td>\n<td style=\"width: 72px;\">\u00d889.1mm<\/td>\n<td style=\"width: 72px;\">\u00d881.9mm<\/td>\n<td style=\"width: 71px;\">3.6mm<\/td>\n<\/tr>\n<tr style=\"height: 24px;\">\n<td style=\"width: 66px;\">4\u2033<\/td>\n<td style=\"width: 72px;\">\u00d8108mm<\/td>\n<td style=\"width: 72px;\">\u00d8102mm<\/td>\n<td style=\"width: 71px;\">3mm<\/td>\n<\/tr>\n<tr style=\"height: 24px;\">\n<td style=\"width: 66px;\">5\u2033<\/td>\n<td style=\"width: 72px;\">\u00d8127mm<\/td>\n<td style=\"width: 72px;\">\u00d8117mm<\/td>\n<td style=\"width: 71px;\">5mm<\/td>\n<\/tr>\n<\/tbody>\n<\/table>\n<\/div><\/div><div class=\"w-separator size_custom\" style=\"height:20px\"><\/div><div class=\"w-image align_center animate_fade\" style=\"animation-delay:0.2s\"><a href=\"https:\/\/www.swindustry.com\/es\/wp-content\/uploads\/2018\/09\/drawing_PipeType.gif\" ref=\"magnificPopup\" aria-label=\"Enlace\" class=\"w-image-h\"><img width=\"598\" height=\"420\" src=\"https:\/\/www.swindustry.com\/es\/wp-content\/uploads\/2018\/09\/drawing_PipeType.gif\" class=\"attachment-us_598_0 size-us_598_0\" alt=\"\" loading=\"lazy\" \/><\/a><\/div><div class=\"w-separator size_custom\" style=\"height:32px\"><\/div><\/div><\/div><\/div><\/div><\/div><\/section>\n","protected":false},"excerpt":{"rendered":"Radiador con tuber\u00eda colectora (Cabezal soldado) Especificaciones Producto Descripciones Comentarios Ancho 300 mm (12&#8243;), de 310 mm, 380 mm (15&#8243;), de 450 mm (18&#8243;), 480 (18.9&#8243;), 520 mm (20.5&#8243;), 535 mm (21&#8243;) Centro Libre Material (Espesor) Acero CR, Acero Inoxidable (1 mm, 1.2 mm) Soldadura O2, CO2 No. de componentes Libre Especificaci\u00f3n del cliente Distancia...","protected":false},"author":1,"featured_media":0,"parent":0,"menu_order":0,"comment_status":"closed","ping_status":"closed","template":"","meta":[],"_links":{"self":[{"href":"https:\/\/www.swindustry.com\/es\/wp-json\/wp\/v2\/pages\/35"}],"collection":[{"href":"https:\/\/www.swindustry.com\/es\/wp-json\/wp\/v2\/pages"}],"about":[{"href":"https:\/\/www.swindustry.com\/es\/wp-json\/wp\/v2\/types\/page"}],"author":[{"embeddable":true,"href":"https:\/\/www.swindustry.com\/es\/wp-json\/wp\/v2\/users\/1"}],"replies":[{"embeddable":true,"href":"https:\/\/www.swindustry.com\/es\/wp-json\/wp\/v2\/comments?post=35"}],"version-history":[{"count":3,"href":"https:\/\/www.swindustry.com\/es\/wp-json\/wp\/v2\/pages\/35\/revisions"}],"predecessor-version":[{"id":1196,"href":"https:\/\/www.swindustry.com\/es\/wp-json\/wp\/v2\/pages\/35\/revisions\/1196"}],"wp:attachment":[{"href":"https:\/\/www.swindustry.com\/es\/wp-json\/wp\/v2\/media?parent=35"}],"curies":[{"name":"wp","href":"https:\/\/api.w.org\/{rel}","templated":true}]}}