{"id":37,"date":"2018-08-03T13:42:59","date_gmt":"2018-08-03T04:42:59","guid":{"rendered":"http:\/\/www.swindustry.com\/es\/?page_id=37"},"modified":"2020-12-30T11:12:29","modified_gmt":"2020-12-30T02:12:29","slug":"corrugated-fin-tank","status":"publish","type":"page","link":"https:\/\/www.swindustry.com\/es\/corrugated-fin-tank\/","title":{"rendered":"Pared tipo plegada y Tanques"},"content":{"rendered":"<section class=\"l-section wpb_row height_small\"><div class=\"l-section-h i-cf\"><div class=\"g-cols vc_row type_default valign_top\"><div class=\"vc_col-sm-12 wpb_column vc_column_container\"><div class=\"vc_column-inner\"><div class=\"wpb_wrapper\"><div class=\"wpb_text_column\" ><div class=\"wpb_wrapper\"><blockquote>\n<h1>Pared de aleta corrugada<\/h1>\n<\/blockquote>\n<\/div><\/div><\/div><\/div><\/div><\/div><\/div><\/section><section class=\"l-section wpb_row height_small\"><div class=\"l-section-h i-cf\"><div class=\"g-cols vc_row type_default valign_top\"><div class=\"vc_col-sm-12 wpb_column vc_column_container\"><div class=\"vc_column-inner\"><div class=\"wpb_wrapper\"><div class=\"g-cols wpb_row  type_default valign_top vc_inner\"><div class=\"vc_col-sm-6 vc_col-xs-6 wpb_column vc_column_container\"><div class=\"vc_column-inner\"><div class=\"wpb_wrapper\"><div class=\"w-image align_none\"><div class=\"w-image-h\"><img width=\"500\" height=\"295\" src=\"https:\/\/www.swindustry.com\/es\/wp-content\/uploads\/2018\/09\/product_CorrugatedFinWall01.jpg\" class=\"attachment-full size-full\" alt=\"\" loading=\"lazy\" srcset=\"https:\/\/www.swindustry.com\/es\/wp-content\/uploads\/2018\/09\/product_CorrugatedFinWall01.jpg 500w, https:\/\/www.swindustry.com\/es\/wp-content\/uploads\/2018\/09\/product_CorrugatedFinWall01-300x177.jpg 300w\" sizes=\"(max-width: 500px) 100vw, 500px\" \/><\/div><\/div><\/div><\/div><\/div><div class=\"vc_col-sm-6 vc_col-xs-6 wpb_column vc_column_container\"><div class=\"vc_column-inner\"><div class=\"wpb_wrapper\"><div class=\"w-image align_none\"><div class=\"w-image-h\"><img width=\"500\" height=\"295\" src=\"https:\/\/www.swindustry.com\/es\/wp-content\/uploads\/2018\/09\/product_CorrugatedFinWall02.jpg\" class=\"attachment-full size-full\" alt=\"\" loading=\"lazy\" srcset=\"https:\/\/www.swindustry.com\/es\/wp-content\/uploads\/2018\/09\/product_CorrugatedFinWall02.jpg 500w, https:\/\/www.swindustry.com\/es\/wp-content\/uploads\/2018\/09\/product_CorrugatedFinWall02-300x177.jpg 300w\" sizes=\"(max-width: 500px) 100vw, 500px\" \/><\/div><\/div><\/div><\/div><\/div><\/div><div class=\"g-cols wpb_row  type_default valign_top vc_inner\"><div class=\"vc_col-sm-12 wpb_column vc_column_container\"><div class=\"vc_column-inner\"><div class=\"wpb_wrapper\"><div class=\"w-separator size_custom\" style=\"height:40px\"><\/div><div class=\"wpb_text_column\" ><div class=\"wpb_wrapper\"><p><span style=\"background-color: #000000; color: #ffffff;\"><strong>\u00a0 Posici\u00f3n del repujado \u00a0<\/strong><\/span><\/p>\n<\/div><\/div><div class=\"w-image align_none\"><div class=\"w-image-h\"><img width=\"873\" height=\"292\" src=\"https:\/\/www.swindustry.com\/es\/wp-content\/uploads\/2018\/09\/Fin_PositionofEmbossing.gif\" class=\"attachment-full size-full\" alt=\"\" loading=\"lazy\" \/><\/div><\/div><\/div><\/div><\/div><\/div><div class=\"g-cols wpb_row  type_default valign_top vc_inner\"><div class=\"vc_col-sm-12 wpb_column vc_column_container\"><div class=\"vc_column-inner\"><div class=\"wpb_wrapper\"><div class=\"w-separator size_custom\" style=\"height:32px\"><\/div><div class=\"wpb_text_column\" ><div class=\"wpb_wrapper\"><p><span style=\"background-color: #000000; color: #ffffff;\"><strong>\u00a0 Modelo A (repujado \u00fanico) \u00a0<\/strong><\/span><\/p>\n<\/div><\/div><div class=\"w-image align_none\"><div class=\"w-image-h\"><img width=\"873\" height=\"192\" src=\"https:\/\/www.swindustry.com\/es\/wp-content\/uploads\/2018\/09\/Fin_TypeA.gif\" class=\"attachment-full size-full\" alt=\"\" loading=\"lazy\" \/><\/div><\/div><\/div><\/div><\/div><\/div><div class=\"g-cols wpb_row  type_default valign_top vc_inner\"><div class=\"vc_col-sm-12 wpb_column vc_column_container\"><div class=\"vc_column-inner\"><div class=\"wpb_wrapper\"><div class=\"w-separator size_custom\" style=\"height:32px\"><\/div><div class=\"wpb_text_column\" ><div class=\"wpb_wrapper\"><p><span style=\"background-color: #000000; color: #ffffff;\"><strong>\u00a0 Modelo B (repujado doble) \u00a0<\/strong><\/span><\/p>\n<\/div><\/div><div class=\"w-image align_none\"><div class=\"w-image-h\"><img width=\"873\" height=\"247\" src=\"https:\/\/www.swindustry.com\/es\/wp-content\/uploads\/2018\/09\/Fin_TypeB.gif\" class=\"attachment-full size-full\" alt=\"\" loading=\"lazy\" \/><\/div><\/div><\/div><\/div><\/div><\/div><div class=\"w-separator size_custom\" style=\"height:45px\"><\/div><div class=\"wpb_text_column\" ><div class=\"wpb_wrapper\"><h5><i class=\"fas fa-arrow-circle-right\"><\/i>Altura del repujado<\/h5>\n<\/div><\/div><div class=\"wpb_text_column\" ><div class=\"wpb_wrapper\"><table class=\"hee\" style=\"border-collapse: collapse; height: 96px;\" border=\"1\">\n<tbody>\n<tr style=\"height: 24px;\">\n<td style=\"height: 24px; width: 52px;\" bgcolor=\"#006699\"><span style=\"color: #ffffff;\">C\u00f3digo<\/span><\/td>\n<td style=\"height: 24px; width: 92px;\" bgcolor=\"#006699\"><span style=\"color: #ffffff;\">Altura de la aleta<\/span><\/td>\n<td style=\"height: 24px; width: 148px;\" bgcolor=\"#006699\"><span style=\"color: #ffffff;\">Altura del repujado<\/span><\/td>\n<\/tr>\n<tr style=\"height: 24px;\">\n<td style=\"height: 72px; width: 52px;\" rowspan=\"3\">EW<\/td>\n<td style=\"height: 24px; width: 92px;\">100 -130mm<\/td>\n<td style=\"height: 24px; width: 148px;\">50mm<\/td>\n<\/tr>\n<tr style=\"height: 24px;\">\n<td style=\"height: 24px; width: 92px;\">140 -150mm<\/td>\n<td style=\"height: 24px; width: 148px;\">60mm<\/td>\n<\/tr>\n<tr style=\"height: 24px;\">\n<td style=\"height: 24px; width: 92px;\">160 ~mm<\/td>\n<td style=\"height: 24px; width: 148px;\">80mm<\/td>\n<\/tr>\n<\/tbody>\n<\/table>\n<\/div><\/div><div class=\"w-separator size_custom\" style=\"height:20px\"><\/div><div class=\"wpb_text_column\" ><div class=\"wpb_wrapper\"><table class=\"hee\" style=\"border-collapse: collapse;\" border=\"1\">\n<tbody>\n<tr>\n<td bgcolor=\"#006699\"><span style=\"color: #ffffff;\">Descripci\u00f3n<\/span><\/td>\n<td bgcolor=\"#006699\"><span style=\"color: #ffffff;\">C\u00f3digo<\/span><\/td>\n<td bgcolor=\"#006699\"><span style=\"color: #ffffff;\">Especificaciones<\/span><\/td>\n<\/tr>\n<tr>\n<td>Ancho del panel<\/td>\n<td>W<\/td>\n<td>300 &#8211; 1300mm<\/td>\n<\/tr>\n<tr>\n<td>Espesor de chapa<\/td>\n<td>T<\/td>\n<td>1 &#8211; 1.5mm<\/td>\n<\/tr>\n<tr>\n<td>Extremo de la aleta<\/td>\n<td>P<\/td>\n<td>43 &#8211; 80mm<\/td>\n<\/tr>\n<tr>\n<td>Conducto de aceite<\/td>\n<td>O<\/td>\n<td>9mm<\/td>\n<\/tr>\n<tr>\n<td>N.\u00ba de la aleta<\/td>\n<td>N<\/td>\n<td>1 &#8211; 99mm<\/td>\n<\/tr>\n<tr>\n<td>Longitud total del panel<\/td>\n<td>L<\/td>\n<td>Max. 2600mm<\/td>\n<\/tr>\n<tr>\n<td>Altura de la Aleta<\/td>\n<td>D<\/td>\n<td>100 &#8211; 400mm<\/td>\n<\/tr>\n<tr>\n<td>Borde frontal<\/td>\n<td>A<\/td>\n<td>Min. 20mm<\/td>\n<\/tr>\n<tr>\n<td>Borde trasero<\/td>\n<td>B<\/td>\n<td>Min. 20mm<\/td>\n<\/tr>\n<\/tbody>\n<\/table>\n<\/div><\/div><div class=\"w-separator size_custom\" style=\"height:20px\"><\/div><div class=\"w-image align_center animate_fade\" style=\"animation-delay:0.2s\"><a href=\"https:\/\/www.swindustry.com\/es\/wp-content\/uploads\/2018\/09\/drawing_CorrugatedFinWall.gif\" ref=\"magnificPopup\" aria-label=\"Enlace\" class=\"w-image-h\"><img width=\"598\" height=\"241\" src=\"https:\/\/www.swindustry.com\/es\/wp-content\/uploads\/2018\/09\/drawing_CorrugatedFinWall.gif\" class=\"attachment-us_598_0 size-us_598_0\" alt=\"\" loading=\"lazy\" \/><\/a><\/div><\/div><\/div><\/div><\/div><\/div><\/section><section class=\"l-section wpb_row height_small\"><div class=\"l-section-h i-cf\"><div class=\"g-cols vc_row type_default valign_top\"><div class=\"vc_col-sm-6 vc_col-xs-6 wpb_column vc_column_container\"><div class=\"vc_column-inner\"><div class=\"wpb_wrapper\"><div class=\"w-image align_none\"><div class=\"w-image-h\"><img width=\"376\" height=\"250\" src=\"https:\/\/www.swindustry.com\/es\/wp-content\/uploads\/2018\/09\/product_CorrugatedFinWall03.jpg\" class=\"attachment-full size-full\" alt=\"\" loading=\"lazy\" srcset=\"https:\/\/www.swindustry.com\/es\/wp-content\/uploads\/2018\/09\/product_CorrugatedFinWall03.jpg 376w, https:\/\/www.swindustry.com\/es\/wp-content\/uploads\/2018\/09\/product_CorrugatedFinWall03-300x199.jpg 300w\" sizes=\"(max-width: 376px) 100vw, 376px\" \/><\/div><\/div><\/div><\/div><\/div><div class=\"vc_col-sm-6 vc_col-xs-6 wpb_column vc_column_container\"><div class=\"vc_column-inner\"><div class=\"wpb_wrapper\"><div class=\"w-image align_none\"><div class=\"w-image-h\"><img width=\"376\" height=\"250\" src=\"https:\/\/www.swindustry.com\/es\/wp-content\/uploads\/2018\/09\/product_CorrugatedFinWall04.jpg\" class=\"attachment-full size-full\" alt=\"\" loading=\"lazy\" srcset=\"https:\/\/www.swindustry.com\/es\/wp-content\/uploads\/2018\/09\/product_CorrugatedFinWall04.jpg 376w, https:\/\/www.swindustry.com\/es\/wp-content\/uploads\/2018\/09\/product_CorrugatedFinWall04-300x199.jpg 300w\" sizes=\"(max-width: 376px) 100vw, 376px\" \/><\/div><\/div><\/div><\/div><\/div><\/div><\/div><\/section><section class=\"l-section wpb_row height_small\"><div class=\"l-section-h i-cf\"><div class=\"g-cols vc_row type_default valign_top\"><div class=\"vc_col-sm-12 wpb_column vc_column_container\"><div class=\"vc_column-inner\"><div class=\"wpb_wrapper\"><div class=\"w-separator size_custom\" style=\"height:32px\"><\/div><\/div><\/div><\/div><\/div><\/div><\/section><section class=\"l-section wpb_row height_small\"><div class=\"l-section-h i-cf\"><div class=\"g-cols vc_row type_default valign_top\"><div class=\"vc_col-sm-12 wpb_column vc_column_container\"><div class=\"vc_column-inner\"><div class=\"wpb_wrapper\"><div class=\"wpb_text_column\" ><div class=\"wpb_wrapper\"><blockquote>\n<h2>Aleta corrugada y Tanques<\/h2>\n<\/blockquote>\n<\/div><\/div><\/div><\/div><\/div><\/div><\/div><\/section><section class=\"l-section wpb_row height_small\"><div class=\"l-section-h i-cf\"><div class=\"g-cols vc_row type_default valign_top\"><div class=\"vc_col-sm-12 wpb_column vc_column_container\"><div class=\"vc_column-inner\"><div class=\"wpb_wrapper\"><div class=\"wpb_text_column\" ><div class=\"wpb_wrapper\"><h5><i class=\"fas fa-arrow-circle-right\"><\/i>Caracter\u00edsticas principales del dep\u00f3sito de aleta corrugada<\/h5>\n<\/div><\/div><div class=\"wpb_text_column\" ><div class=\"wpb_wrapper\"><ul>\n<li>Aletas fabricadas en m\u00e1quinas totalmente autom\u00e1ticas, con una excelente precisi\u00f3n<\/li>\n<li>Ahorro en material y reducci\u00f3n en el peso del transformador<\/li>\n<li>Reducci\u00f3n en la dimensi\u00f3n volum\u00e9trica total y mejora de la disipaci\u00f3n t\u00e9rmica<\/li>\n<li>No se bloquea el flujo de aceite en las aletas y alta eficiencia de refrigeraci\u00f3n<\/li>\n<li>Limpieza del aceite m\u00e1s sencilla y econ\u00f3mica<\/li>\n<li>Las aletas corrugadas personalizadas est\u00e1n disponibles bajo petici\u00f3n<\/li>\n<li>Canal vertical de aceite para una mayor resistencia a la presi\u00f3n<\/li>\n<\/ul>\n<\/div><\/div><div class=\"w-separator size_custom\" style=\"height:20px\"><\/div><div class=\"wpb_text_column\" ><div class=\"wpb_wrapper\"><h5><i class=\"fas fa-arrow-circle-right\"><\/i>La l\u00ednea de producci\u00f3n del dep\u00f3sito<\/h5>\n<\/div><\/div><div class=\"w-image align_none\"><div class=\"w-image-h\"><img width=\"948\" height=\"322\" src=\"https:\/\/www.swindustry.com\/es\/wp-content\/uploads\/2018\/09\/The-Production-Line-of-Tank.png\" class=\"attachment-large size-large\" alt=\"\" loading=\"lazy\" srcset=\"https:\/\/www.swindustry.com\/es\/wp-content\/uploads\/2018\/09\/The-Production-Line-of-Tank.png 948w, https:\/\/www.swindustry.com\/es\/wp-content\/uploads\/2018\/09\/The-Production-Line-of-Tank-300x102.png 300w, https:\/\/www.swindustry.com\/es\/wp-content\/uploads\/2018\/09\/The-Production-Line-of-Tank-768x261.png 768w\" sizes=\"(max-width: 948px) 100vw, 948px\" \/><\/div><\/div><div class=\"w-separator size_custom\" style=\"height:30px\"><\/div><div class=\"wpb_text_column\" ><div class=\"wpb_wrapper\"><table class=\"hee\" style=\"border-collapse: collapse;\" border=\"1\">\n<tbody>\n<tr>\n<td colspan=\"3\" bgcolor=\"#006699\"><span style=\"color: #ffffff;\">Rangos de dep\u00f3sitos<\/span><\/td>\n<\/tr>\n<tr>\n<td>Longitud Max.<\/td>\n<td colspan=\"2\">2500MM<\/td>\n<\/tr>\n<tr>\n<td>Profundidad Max.<\/td>\n<td colspan=\"2\">2000MM<\/td>\n<\/tr>\n<tr>\n<td>Altura Max.<\/td>\n<td colspan=\"2\">2000MM<\/td>\n<\/tr>\n<tr>\n<td>Peso Max.<\/td>\n<td colspan=\"2\">2.5MT.<\/td>\n<\/tr>\n<tr>\n<td>Clasificaci\u00f3n Aprox.<\/td>\n<td colspan=\"2\">10MVA<\/td>\n<\/tr>\n<\/tbody>\n<\/table>\n<\/div><\/div><div class=\"w-separator size_custom\" style=\"height:20px\"><\/div><\/div><\/div><\/div><\/div><\/div><\/section><section class=\"l-section wpb_row height_small\"><div class=\"l-section-h i-cf\"><div class=\"g-cols vc_row type_default valign_top\"><div class=\"vc_col-sm-4 vc_col-xs-4 wpb_column vc_column_container\"><div class=\"vc_column-inner\"><div class=\"wpb_wrapper\"><div class=\"w-image align_center\"><div class=\"w-image-h\"><img width=\"500\" height=\"490\" src=\"https:\/\/www.swindustry.com\/es\/wp-content\/uploads\/2020\/12\/Corrugated-Fin-Tank1.jpg\" class=\"attachment-full size-full\" alt=\"\" loading=\"lazy\" srcset=\"https:\/\/www.swindustry.com\/es\/wp-content\/uploads\/2020\/12\/Corrugated-Fin-Tank1.jpg 500w, https:\/\/www.swindustry.com\/es\/wp-content\/uploads\/2020\/12\/Corrugated-Fin-Tank1-300x294.jpg 300w, https:\/\/www.swindustry.com\/es\/wp-content\/uploads\/2020\/12\/Corrugated-Fin-Tank1-320x314.jpg 320w, https:\/\/www.swindustry.com\/es\/wp-content\/uploads\/2020\/12\/Corrugated-Fin-Tank1-420x412.jpg 420w\" sizes=\"(max-width: 500px) 100vw, 500px\" \/><\/div><\/div><\/div><\/div><\/div><div class=\"vc_col-sm-4 vc_col-xs-4 wpb_column vc_column_container\"><div class=\"vc_column-inner\"><div class=\"wpb_wrapper\"><div class=\"w-image align_center\"><div class=\"w-image-h\"><img width=\"500\" height=\"490\" src=\"https:\/\/www.swindustry.com\/es\/wp-content\/uploads\/2020\/12\/Corrugated-Fin-Tank2.jpg\" class=\"attachment-full size-full\" alt=\"\" loading=\"lazy\" srcset=\"https:\/\/www.swindustry.com\/es\/wp-content\/uploads\/2020\/12\/Corrugated-Fin-Tank2.jpg 500w, https:\/\/www.swindustry.com\/es\/wp-content\/uploads\/2020\/12\/Corrugated-Fin-Tank2-300x294.jpg 300w, https:\/\/www.swindustry.com\/es\/wp-content\/uploads\/2020\/12\/Corrugated-Fin-Tank2-320x314.jpg 320w, https:\/\/www.swindustry.com\/es\/wp-content\/uploads\/2020\/12\/Corrugated-Fin-Tank2-420x412.jpg 420w\" sizes=\"(max-width: 500px) 100vw, 500px\" \/><\/div><\/div><\/div><\/div><\/div><div class=\"vc_col-sm-4 vc_col-xs-4 wpb_column vc_column_container\"><div class=\"vc_column-inner\"><div class=\"wpb_wrapper\"><div class=\"w-image align_center\"><div class=\"w-image-h\"><img width=\"500\" height=\"490\" src=\"https:\/\/www.swindustry.com\/es\/wp-content\/uploads\/2020\/12\/Corrugated-Fin-Tank3.jpg\" class=\"attachment-full size-full\" alt=\"\" loading=\"lazy\" srcset=\"https:\/\/www.swindustry.com\/es\/wp-content\/uploads\/2020\/12\/Corrugated-Fin-Tank3.jpg 500w, https:\/\/www.swindustry.com\/es\/wp-content\/uploads\/2020\/12\/Corrugated-Fin-Tank3-300x294.jpg 300w, https:\/\/www.swindustry.com\/es\/wp-content\/uploads\/2020\/12\/Corrugated-Fin-Tank3-320x314.jpg 320w, https:\/\/www.swindustry.com\/es\/wp-content\/uploads\/2020\/12\/Corrugated-Fin-Tank3-420x412.jpg 420w\" sizes=\"(max-width: 500px) 100vw, 500px\" \/><\/div><\/div><\/div><\/div><\/div><\/div><\/div><\/section><section class=\"l-section wpb_row height_small\"><div class=\"l-section-h i-cf\"><div class=\"g-cols vc_row type_default valign_top\"><div class=\"vc_col-sm-12 wpb_column vc_column_container\"><div class=\"vc_column-inner\"><div class=\"wpb_wrapper\"><div class=\"w-separator size_custom\" style=\"height:20px\"><\/div><\/div><\/div><\/div><\/div><\/div><\/section>\n","protected":false},"excerpt":{"rendered":"Pared de aleta corrugada \u00a0 Posici\u00f3n del repujado \u00a0 \u00a0 Modelo A (repujado \u00fanico) \u00a0 \u00a0 Modelo B (repujado doble) \u00a0 Altura del repujado C\u00f3digo Altura de la aleta Altura del repujado EW 100 -130mm 50mm 140 -150mm 60mm 160 ~mm 80mm Descripci\u00f3n C\u00f3digo Especificaciones Ancho del panel W 300 &#8211; 1300mm Espesor de chapa...","protected":false},"author":1,"featured_media":0,"parent":0,"menu_order":0,"comment_status":"closed","ping_status":"closed","template":"","meta":[],"_links":{"self":[{"href":"https:\/\/www.swindustry.com\/es\/wp-json\/wp\/v2\/pages\/37"}],"collection":[{"href":"https:\/\/www.swindustry.com\/es\/wp-json\/wp\/v2\/pages"}],"about":[{"href":"https:\/\/www.swindustry.com\/es\/wp-json\/wp\/v2\/types\/page"}],"author":[{"embeddable":true,"href":"https:\/\/www.swindustry.com\/es\/wp-json\/wp\/v2\/users\/1"}],"replies":[{"embeddable":true,"href":"https:\/\/www.swindustry.com\/es\/wp-json\/wp\/v2\/comments?post=37"}],"version-history":[{"count":3,"href":"https:\/\/www.swindustry.com\/es\/wp-json\/wp\/v2\/pages\/37\/revisions"}],"predecessor-version":[{"id":1227,"href":"https:\/\/www.swindustry.com\/es\/wp-json\/wp\/v2\/pages\/37\/revisions\/1227"}],"wp:attachment":[{"href":"https:\/\/www.swindustry.com\/es\/wp-json\/wp\/v2\/media?parent=37"}],"curies":[{"name":"wp","href":"https:\/\/api.w.org\/{rel}","templated":true}]}}