{"id":385,"date":"2018-09-04T15:48:56","date_gmt":"2018-09-04T06:48:56","guid":{"rendered":"http:\/\/www.swindustry.com\/es\/?page_id=385"},"modified":"2019-03-11T02:15:33","modified_gmt":"2019-03-10T17:15:33","slug":"swan-neck-type","status":"publish","type":"page","link":"https:\/\/www.swindustry.com\/es\/swan-neck-type\/","title":{"rendered":"Radiador de cuello de cisne"},"content":{"rendered":"<section class=\"l-section wpb_row height_small\"><div class=\"l-section-h i-cf\"><div class=\"g-cols vc_row type_default valign_top\"><div class=\"vc_col-sm-12 wpb_column vc_column_container\"><div class=\"vc_column-inner\"><div class=\"wpb_wrapper\"><div class=\"wpb_text_column\" ><div class=\"wpb_wrapper\"><blockquote>\n<h1>Radiador de cuello de cisne<br \/>\n<span style=\"font-size: 18pt;\">(de cuello de ganso, de cielo)<\/span><\/h1>\n<\/blockquote>\n<\/div><\/div><\/div><\/div><\/div><\/div><\/div><\/section><section class=\"l-section wpb_row height_small\"><div class=\"l-section-h i-cf\"><div class=\"g-cols vc_row type_default valign_top\"><div class=\"vc_col-sm-12 wpb_column vc_column_container\"><div class=\"vc_column-inner\"><div class=\"wpb_wrapper\"><div class=\"g-cols wpb_row  type_default valign_top vc_inner\"><div class=\"vc_col-sm-3 wpb_column vc_column_container\"><div class=\"vc_column-inner\"><div class=\"wpb_wrapper\"><\/div><\/div><\/div><div class=\"vc_col-sm-3 vc_col-xs-6 wpb_column vc_column_container\"><div class=\"vc_column-inner\"><div class=\"wpb_wrapper\"><div class=\"w-image align_none\"><div class=\"w-image-h\"><img width=\"282\" height=\"500\" src=\"https:\/\/www.swindustry.com\/es\/wp-content\/uploads\/2018\/09\/NeckType_01.jpg\" class=\"attachment-full size-full\" alt=\"\" loading=\"lazy\" srcset=\"https:\/\/www.swindustry.com\/es\/wp-content\/uploads\/2018\/09\/NeckType_01.jpg 282w, https:\/\/www.swindustry.com\/es\/wp-content\/uploads\/2018\/09\/NeckType_01-169x300.jpg 169w\" sizes=\"(max-width: 282px) 100vw, 282px\" \/><\/div><\/div><\/div><\/div><\/div><div class=\"vc_col-sm-3 vc_col-xs-6 wpb_column vc_column_container\"><div class=\"vc_column-inner\"><div class=\"wpb_wrapper\"><div class=\"w-image align_none\"><div class=\"w-image-h\"><img width=\"282\" height=\"500\" src=\"https:\/\/www.swindustry.com\/es\/wp-content\/uploads\/2018\/09\/NeckType_02.jpg\" class=\"attachment-full size-full\" alt=\"\" loading=\"lazy\" srcset=\"https:\/\/www.swindustry.com\/es\/wp-content\/uploads\/2018\/09\/NeckType_02.jpg 282w, https:\/\/www.swindustry.com\/es\/wp-content\/uploads\/2018\/09\/NeckType_02-169x300.jpg 169w\" sizes=\"(max-width: 282px) 100vw, 282px\" \/><\/div><\/div><\/div><\/div><\/div><div class=\"vc_col-sm-3 wpb_column vc_column_container\"><div class=\"vc_column-inner\"><div class=\"wpb_wrapper\"><\/div><\/div><\/div><\/div><div class=\"wpb_text_column\" ><div class=\"wpb_wrapper\"><h5><i class=\"fas fa-arrow-circle-right\"><\/i>Especificaciones<\/h5>\n<table class=\"hee\" style=\"height: 240px; width: 100%; border-collapse: collapse;\" border=\"1\">\n<tbody>\n<tr style=\"height: 24px;\">\n<td style=\"height: 24px;\" bgcolor=\"#006699\"><span style=\"color: #ffffff;\">Producto<\/span><\/td>\n<td style=\"height: 24px;\" bgcolor=\"#006699\"><span style=\"color: #ffffff;\">Descripciones<\/span><\/td>\n<td style=\"height: 24px;\" bgcolor=\"#006699\"><span style=\"color: #ffffff;\">Comentarios<\/span><\/td>\n<\/tr>\n<tr style=\"height: 48px;\">\n<td style=\"height: 48px;\">Ancho<\/td>\n<td style=\"height: 48px;\">300 mm (12&#8243;), de 310 mm, 380 mm (15&#8243;), de 450 mm (18&#8243;),<br \/>\n480 (18.9&#8243;), 520 mm (20.5&#8243;), 535 mm (21&#8243;)<\/td>\n<td style=\"height: 48px;\"><\/td>\n<\/tr>\n<tr style=\"height: 24px;\">\n<td style=\"height: 24px;\">Centro<\/td>\n<td style=\"height: 24px;\">Libre<\/td>\n<td style=\"height: 24px;\"><\/td>\n<\/tr>\n<tr style=\"height: 24px;\">\n<td style=\"height: 24px;\">Material (Espesor)<\/td>\n<td style=\"height: 24px;\">Acero CR, Acero Inoxidable (1 mm, 1.2 mm)<\/td>\n<td style=\"height: 24px;\"><\/td>\n<\/tr>\n<tr style=\"height: 24px;\">\n<td style=\"height: 24px;\">Soldadura<\/td>\n<td style=\"height: 24px;\">O<sub>2<\/sub>, CO<sub>2<\/sub><\/td>\n<td style=\"height: 24px;\"><\/td>\n<\/tr>\n<tr style=\"height: 24px;\">\n<td style=\"height: 24px;\">No. de componentes<\/td>\n<td style=\"height: 24px;\">Libre<\/td>\n<td style=\"height: 24px;\">Especificaci\u00f3n del cliente<\/td>\n<\/tr>\n<tr style=\"height: 24px;\">\n<td style=\"height: 24px;\">Distancia de la aleta (extremo)<\/td>\n<td style=\"height: 24px;\">40, 45, 50mm<\/td>\n<td style=\"height: 24px;\">Especificaci\u00f3n del cliente<\/td>\n<\/tr>\n<tr style=\"height: 48px;\">\n<td style=\"height: 48px;\">Tratamiento de la superficie<\/td>\n<td style=\"height: 48px;\">Lisa (metal desnudo), Personalizaci\u00f3n de la pintura,<br \/>\nGalvanizaci\u00f3n en caliente<\/td>\n<td style=\"height: 48px;\">Especificaci\u00f3n del cliente<\/td>\n<\/tr>\n<\/tbody>\n<\/table>\n<p>\u203b Los tama\u00f1os personalizados est\u00e1n disponibles bajo petici\u00f3n.<\/p>\n<\/div><\/div><div class=\"wpb_text_column\" ><div class=\"wpb_wrapper\"><table class=\"hee\" style=\"height: 279px; border-collapse: collapse;\" border=\"1\">\n<tbody>\n<tr style=\"height: 24px;\">\n<td style=\"width: 25px; height: 24px;\" bgcolor=\"#006699\"><span style=\"color: #ffffff;\">No<\/span><\/td>\n<td style=\"width: 111px; height: 24px;\" bgcolor=\"#006699\"><span style=\"color: #ffffff;\">Descripciones<\/span><\/td>\n<td style=\"width: 61px; height: 24px;\" bgcolor=\"#006699\"><span style=\"color: #ffffff;\">Material<\/span><\/td>\n<td style=\"width: 116px; height: 24px;\" bgcolor=\"#006699\"><span style=\"color: #ffffff;\">Dimensi\u00f3n<\/span><\/td>\n<\/tr>\n<tr style=\"height: 48px;\">\n<td style=\"width: 25px; height: 45px;\">1<\/td>\n<td style=\"width: 111px; height: 45px;\">Componente de la aleta<\/td>\n<td style=\"width: 61px; height: 45px;\">SPCC<\/td>\n<td style=\"width: 116px; height: 45px;\">520\u00d71.0t or 1.2t<\/td>\n<\/tr>\n<tr style=\"height: 24px;\">\n<td style=\"width: 25px; height: 24px;\">2<\/td>\n<td style=\"width: 111px; height: 24px;\">Brida<\/td>\n<td style=\"width: 61px; height: 24px;\">SS400<\/td>\n<td style=\"width: 116px; height: 24px;\">18t\u00d7150\u00d7150<\/td>\n<\/tr>\n<tr style=\"height: 24px;\">\n<td style=\"width: 25px; height: 24px;\">3<\/td>\n<td style=\"width: 111px; height: 24px;\">Tuber\u00eda colectora<\/td>\n<td style=\"width: 61px; height: 24px;\">SPP<\/td>\n<td style=\"width: 116px; height: 24px;\">3\u2033, 4\u2033, 5\u2033<\/td>\n<\/tr>\n<tr style=\"height: 26px;\">\n<td style=\"width: 25px; height: 24px;\">4<\/td>\n<td style=\"width: 111px; height: 24px;\">Tap\u00f3n de drenaje<\/td>\n<td style=\"width: 61px; height: 24px;\">SS400<\/td>\n<td style=\"width: 116px; height: 24px;\"><\/td>\n<\/tr>\n<tr style=\"height: 24px;\">\n<td style=\"width: 25px; height: 24px;\">5<\/td>\n<td style=\"width: 111px; height: 24px;\">Barra de refuerzo<\/td>\n<td style=\"width: 61px; height: 24px;\">SS400<\/td>\n<td style=\"width: 116px; height: 24px;\"><\/td>\n<\/tr>\n<tr style=\"height: 24px;\">\n<td style=\"width: 25px; height: 24px;\">6<\/td>\n<td style=\"width: 111px; height: 24px;\">Placa de cubierta<\/td>\n<td style=\"width: 61px; height: 24px;\">SS400<\/td>\n<td style=\"width: 116px; height: 24px;\"><\/td>\n<\/tr>\n<tr style=\"height: 48px;\">\n<td style=\"width: 25px; height: 45px;\">7<\/td>\n<td style=\"width: 111px; height: 45px;\">Interruptor rejilla de ventilaci\u00f3n<\/td>\n<td style=\"width: 61px; height: 45px;\">SS400<\/td>\n<td style=\"width: 116px; height: 45px;\"><\/td>\n<\/tr>\n<tr style=\"height: 48px;\">\n<td style=\"width: 25px; height: 45px;\">8<\/td>\n<td style=\"width: 111px; height: 45px;\">Orejeta de elevaci\u00f3n<\/td>\n<td style=\"width: 61px; height: 45px;\">SS400<\/td>\n<td style=\"width: 116px; height: 45px;\"><\/td>\n<\/tr>\n<\/tbody>\n<\/table>\n<\/div><\/div><div class=\"w-separator size_custom\" style=\"height:20px\"><\/div><div class=\"wpb_text_column\" ><div class=\"wpb_wrapper\"><table class=\"hee\" style=\"height: 82px; border-collapse: collapse;\" border=\"1\">\n<tbody>\n<tr style=\"height: 24px;\">\n<td bgcolor=\"#006699\"><span style=\"color: #ffffff;\">Tama\u00f1o de la tuber\u00eda\u00a0<\/span><\/td>\n<td bgcolor=\"#006699\"><span style=\"color: #ffffff;\">OD<\/span><\/td>\n<td bgcolor=\"#006699\"><span style=\"color: #ffffff;\">ID<\/span><\/td>\n<td bgcolor=\"#006699\"><span style=\"color: #ffffff;\">Grosor<\/span><\/td>\n<\/tr>\n<tr style=\"height: 48px;\">\n<td>3\u2033<\/td>\n<td>\u00d889.1mm<\/td>\n<td>\u00d881.9mm<\/td>\n<td>3.6mm<\/td>\n<\/tr>\n<tr style=\"height: 24px;\">\n<td>4\u2033<\/td>\n<td>\u00d8108mm<\/td>\n<td>\u00d8102mm<\/td>\n<td>3mm<\/td>\n<\/tr>\n<tr style=\"height: 24px;\">\n<td>5\u2033<\/td>\n<td>\u00d8127mm<\/td>\n<td>\u00d8117mm<\/td>\n<td>5mm<\/td>\n<\/tr>\n<\/tbody>\n<\/table>\n<\/div><\/div><div class=\"w-separator size_custom\" style=\"height:20px\"><\/div><div class=\"w-image align_center animate_fade\" style=\"animation-delay:0.2s\"><a href=\"https:\/\/www.swindustry.com\/es\/wp-content\/uploads\/2018\/09\/drawing_NeckType.gif\" ref=\"magnificPopup\" aria-label=\"Enlace\" class=\"w-image-h\"><img width=\"598\" height=\"420\" src=\"https:\/\/www.swindustry.com\/es\/wp-content\/uploads\/2018\/09\/drawing_NeckType.gif\" class=\"attachment-us_598_0 size-us_598_0\" alt=\"\" loading=\"lazy\" \/><\/a><\/div><div class=\"w-separator size_custom\" style=\"height:32px\"><\/div><\/div><\/div><\/div><\/div><\/div><\/section>\n","protected":false},"excerpt":{"rendered":"Radiador de cuello de cisne (de cuello de ganso, de cielo) Especificaciones Producto Descripciones Comentarios Ancho 300 mm (12&#8243;), de 310 mm, 380 mm (15&#8243;), de 450 mm (18&#8243;), 480 (18.9&#8243;), 520 mm (20.5&#8243;), 535 mm (21&#8243;) Centro Libre Material (Espesor) Acero CR, Acero Inoxidable (1 mm, 1.2 mm) Soldadura O2, CO2 No. de componentes...","protected":false},"author":1,"featured_media":0,"parent":0,"menu_order":0,"comment_status":"closed","ping_status":"closed","template":"","meta":[],"_links":{"self":[{"href":"https:\/\/www.swindustry.com\/es\/wp-json\/wp\/v2\/pages\/385"}],"collection":[{"href":"https:\/\/www.swindustry.com\/es\/wp-json\/wp\/v2\/pages"}],"about":[{"href":"https:\/\/www.swindustry.com\/es\/wp-json\/wp\/v2\/types\/page"}],"author":[{"embeddable":true,"href":"https:\/\/www.swindustry.com\/es\/wp-json\/wp\/v2\/users\/1"}],"replies":[{"embeddable":true,"href":"https:\/\/www.swindustry.com\/es\/wp-json\/wp\/v2\/comments?post=385"}],"version-history":[{"count":4,"href":"https:\/\/www.swindustry.com\/es\/wp-json\/wp\/v2\/pages\/385\/revisions"}],"predecessor-version":[{"id":1190,"href":"https:\/\/www.swindustry.com\/es\/wp-json\/wp\/v2\/pages\/385\/revisions\/1190"}],"wp:attachment":[{"href":"https:\/\/www.swindustry.com\/es\/wp-json\/wp\/v2\/media?parent=385"}],"curies":[{"name":"wp","href":"https:\/\/api.w.org\/{rel}","templated":true}]}}