{"id":39,"date":"2018-08-03T13:43:08","date_gmt":"2018-08-03T04:43:08","guid":{"rendered":"http:\/\/www.swindustry.com\/es\/?page_id=39"},"modified":"2019-03-11T02:15:34","modified_gmt":"2019-03-10T17:15:34","slug":"general-specifications","status":"publish","type":"page","link":"https:\/\/www.swindustry.com\/es\/general-specifications\/","title":{"rendered":"Especificaciones Generales"},"content":{"rendered":"<section class=\"l-section wpb_row height_small\"><div class=\"l-section-h i-cf\"><div class=\"g-cols vc_row type_default valign_top\"><div class=\"vc_col-sm-12 wpb_column vc_column_container\"><div class=\"vc_column-inner\"><div class=\"wpb_wrapper\"><div class=\"wpb_text_column\" ><div class=\"wpb_wrapper\"><blockquote>\n<h1>Ventilador de enfriamiento para transformadores<br \/>\n<span style=\"font-size: 18pt;\">(Especificaciones generales del transformador del ventilador de refrigeraci\u00f3n)<\/span><\/h1>\n<\/blockquote>\n<\/div><\/div><\/div><\/div><\/div><\/div><\/div><\/section><section class=\"l-section wpb_row height_small\"><div class=\"l-section-h i-cf\"><div class=\"g-cols vc_row type_default valign_top\"><div class=\"vc_col-sm-12 wpb_column vc_column_container\"><div class=\"vc_column-inner\"><div class=\"wpb_wrapper\"><div class=\"wpb_text_column\" ><div class=\"wpb_wrapper\"><h5><i class=\"fas fa-arrow-circle-right\"><\/i>Motores<\/h5>\n<\/div><\/div><div class=\"wpb_text_column\" ><div class=\"wpb_wrapper\"><ul>\n<li>Carcasa resistente al agua (totalmente cerrada), un eje deflector de agua y orificios de drenaje 4 x M5 que permiten el drenaje de condensaci\u00f3n, independientemente de la posici\u00f3n de montaje.<\/li>\n<li>Aislamiento clase F con aumento de la temperatura clase B para una vida \u00fatil del motor m\u00e1s larga.<\/li>\n<li>Rodamientos de bolas sellados, lubricados permanentemente con grasa de uso intensivo de -540 \u00baC a 1940 \u00baC.<\/li>\n<li>Los motores se pintan al aire libre con 75 micras de resina epox\u00eddica de alta calidad, de color gris (Munsell n.\u00ba 5Y 7\/1).<\/li>\n<\/ul>\n<\/div><\/div><div class=\"w-separator size_custom\" style=\"height:32px\"><\/div><div class=\"wpb_text_column\" ><div class=\"wpb_wrapper\"><h5><i class=\"fas fa-arrow-circle-right\"><\/i>Protectores y carcasas<\/h5>\n<\/div><\/div><div class=\"wpb_text_column\" ><div class=\"wpb_wrapper\"><ul>\n<li>Los ventiladores presentan protectores estilo canastas. Cuentan con una carcasa de alta eficiencia, estilo venturi.<\/li>\n<li>Todos los ventiladores est\u00e1n completamente protegidos y cumplen con los requisitos de OSHA.<\/li>\n<li>Terminal de conexi\u00f3n, tipo de conexi\u00f3n<\/li>\n<li><strong>Los protectores pintados y galvanizados por inmersi\u00f3n en caliente o de acero inoxidable est\u00e1n disponibles bajo petici\u00f3n.<\/strong><\/li>\n<\/ul>\n<\/div><\/div><div class=\"w-separator size_custom\" style=\"height:32px\"><\/div><div class=\"wpb_text_column\" ><div class=\"wpb_wrapper\"><h5><i class=\"fas fa-arrow-circle-right\"><\/i>Aspas del ventilador<\/h5>\n<\/div><\/div><div class=\"wpb_text_column\" ><div class=\"wpb_wrapper\"><ul>\n<li>Las aspas del ventilador tienen aspas de una sola pieza en aluminio fundido para un funcionamiento silencioso y de alta eficiencia.<\/li>\n<li>Todos los ventiladores tienen un aspa resistente fabricada con alas de aluminio y eje de acero.<\/li>\n<li>Todas las aspas del ventilador est\u00e1n equilibradas con la m\u00e1quina para tolerancias r\u00edgidas.<\/li>\n<li><strong>El aspa en acero inoxidable est\u00e1 disponible bajo petici\u00f3n.<\/strong><\/li>\n<\/ul>\n<\/div><\/div><\/div><\/div><\/div><\/div><\/div><\/section><section class=\"l-section wpb_row height_small\"><div class=\"l-section-h i-cf\"><div class=\"g-cols vc_row type_default valign_top\"><div class=\"vc_col-sm-6 wpb_column vc_column_container\"><div class=\"vc_column-inner\"><div class=\"wpb_wrapper\"><div class=\"w-image align_center\"><div class=\"w-image-h\"><img width=\"600\" height=\"407\" src=\"https:\/\/www.swindustry.com\/es\/wp-content\/uploads\/2018\/09\/TransformerCoolingFan01.jpg\" class=\"attachment-full size-full\" alt=\"\" loading=\"lazy\" srcset=\"https:\/\/www.swindustry.com\/es\/wp-content\/uploads\/2018\/09\/TransformerCoolingFan01.jpg 600w, https:\/\/www.swindustry.com\/es\/wp-content\/uploads\/2018\/09\/TransformerCoolingFan01-300x204.jpg 300w\" sizes=\"(max-width: 600px) 100vw, 600px\" \/><\/div><\/div><\/div><\/div><\/div><div class=\"vc_col-sm-6 wpb_column vc_column_container\"><div class=\"vc_column-inner\"><div class=\"wpb_wrapper\"><div class=\"w-image align_center\"><div class=\"w-image-h\"><img width=\"600\" height=\"407\" src=\"https:\/\/www.swindustry.com\/es\/wp-content\/uploads\/2018\/09\/TransformerCoolingFan02.jpg\" class=\"attachment-full size-full\" alt=\"\" loading=\"lazy\" srcset=\"https:\/\/www.swindustry.com\/es\/wp-content\/uploads\/2018\/09\/TransformerCoolingFan02.jpg 600w, https:\/\/www.swindustry.com\/es\/wp-content\/uploads\/2018\/09\/TransformerCoolingFan02-300x204.jpg 300w\" sizes=\"(max-width: 600px) 100vw, 600px\" \/><\/div><\/div><\/div><\/div><\/div><\/div><\/div><\/section><section class=\"l-section wpb_row height_small\"><div class=\"l-section-h i-cf\"><div class=\"g-cols vc_row type_default valign_top\"><div class=\"vc_col-sm-12 wpb_column vc_column_container\"><div class=\"vc_column-inner\"><div class=\"wpb_wrapper\"><div class=\"w-separator size_custom\" style=\"height:22px\"><\/div><\/div><\/div><\/div><\/div><\/div><\/section>\n","protected":false},"excerpt":{"rendered":"Ventilador de enfriamiento para transformadores (Especificaciones generales del transformador del ventilador de refrigeraci\u00f3n) Motores Carcasa resistente al agua (totalmente cerrada), un eje deflector de agua y orificios de drenaje 4 x M5 que permiten el drenaje de condensaci\u00f3n, independientemente de la posici\u00f3n de montaje. Aislamiento clase F con aumento de la temperatura clase B para...","protected":false},"author":1,"featured_media":0,"parent":0,"menu_order":0,"comment_status":"closed","ping_status":"closed","template":"","meta":[],"_links":{"self":[{"href":"https:\/\/www.swindustry.com\/es\/wp-json\/wp\/v2\/pages\/39"}],"collection":[{"href":"https:\/\/www.swindustry.com\/es\/wp-json\/wp\/v2\/pages"}],"about":[{"href":"https:\/\/www.swindustry.com\/es\/wp-json\/wp\/v2\/types\/page"}],"author":[{"embeddable":true,"href":"https:\/\/www.swindustry.com\/es\/wp-json\/wp\/v2\/users\/1"}],"replies":[{"embeddable":true,"href":"https:\/\/www.swindustry.com\/es\/wp-json\/wp\/v2\/comments?post=39"}],"version-history":[{"count":4,"href":"https:\/\/www.swindustry.com\/es\/wp-json\/wp\/v2\/pages\/39\/revisions"}],"predecessor-version":[{"id":1194,"href":"https:\/\/www.swindustry.com\/es\/wp-json\/wp\/v2\/pages\/39\/revisions\/1194"}],"wp:attachment":[{"href":"https:\/\/www.swindustry.com\/es\/wp-json\/wp\/v2\/media?parent=39"}],"curies":[{"name":"wp","href":"https:\/\/api.w.org\/{rel}","templated":true}]}}