{"id":393,"date":"2018-09-04T16:03:57","date_gmt":"2018-09-04T07:03:57","guid":{"rendered":"http:\/\/www.swindustry.com\/es\/?page_id=393"},"modified":"2022-01-17T16:50:38","modified_gmt":"2022-01-17T07:50:38","slug":"header-panel-type","status":"publish","type":"page","link":"https:\/\/www.swindustry.com\/es\/header-panel-type\/","title":{"rendered":"Radiador con panel frontal"},"content":{"rendered":"<section class=\"l-section wpb_row height_small\"><div class=\"l-section-h i-cf\"><div class=\"g-cols vc_row type_default valign_top\"><div class=\"vc_col-sm-12 wpb_column vc_column_container\"><div class=\"vc_column-inner\"><div class=\"wpb_wrapper\"><div class=\"wpb_text_column\" ><div class=\"wpb_wrapper\"><blockquote>\n<h1>Radiador con panel frontal<br \/>\n<span style=\"font-size: 18pt;\">(Cabezal incorporado)<\/span><\/h1>\n<\/blockquote>\n<\/div><\/div><\/div><\/div><\/div><\/div><\/div><\/section><section class=\"l-section wpb_row height_small\"><div class=\"l-section-h i-cf\"><div class=\"g-cols vc_row type_default valign_top\"><div class=\"vc_col-sm-12 wpb_column vc_column_container\"><div class=\"vc_column-inner\"><div class=\"wpb_wrapper\"><div class=\"g-cols wpb_row  type_default valign_top vc_inner\"><div class=\"vc_col-sm-4 vc_col-xs-3 wpb_column vc_column_container\"><div class=\"vc_column-inner\"><div class=\"wpb_wrapper\"><\/div><\/div><\/div><div class=\"vc_col-sm-4 vc_col-xs-6 wpb_column vc_column_container\"><div class=\"vc_column-inner\"><div class=\"wpb_wrapper\"><div class=\"w-image align_center\"><div class=\"w-image-h\"><img width=\"342\" height=\"500\" src=\"https:\/\/www.swindustry.com\/es\/wp-content\/uploads\/2018\/09\/PanelType_01.jpg\" class=\"attachment-full size-full\" alt=\"\" loading=\"lazy\" srcset=\"https:\/\/www.swindustry.com\/es\/wp-content\/uploads\/2018\/09\/PanelType_01.jpg 342w, https:\/\/www.swindustry.com\/es\/wp-content\/uploads\/2018\/09\/PanelType_01-205x300.jpg 205w\" sizes=\"(max-width: 342px) 100vw, 342px\" \/><\/div><\/div><\/div><\/div><\/div><div class=\"vc_col-sm-4 vc_col-xs-3 wpb_column vc_column_container\"><div class=\"vc_column-inner\"><div class=\"wpb_wrapper\"><\/div><\/div><\/div><\/div><div class=\"wpb_text_column\" ><div class=\"wpb_wrapper\"><h5><i class=\"fas fa-arrow-circle-right\"><\/i>Especificaciones<\/h5>\n<table class=\"hee\" style=\"height: 242px; width: 100%; border-collapse: collapse;\" border=\"1\">\n<tbody>\n<tr>\n<td bgcolor=\"#006699\"><span style=\"color: #ffffff;\">Producto<\/span><\/td>\n<td bgcolor=\"#006699\"><span style=\"color: #ffffff;\">Descripciones<\/span><\/td>\n<td bgcolor=\"#006699\"><span style=\"color: #ffffff;\">Comentarios<\/span><\/td>\n<\/tr>\n<tr>\n<td>Ancho<\/td>\n<td>225mm(9&#8243;), 300mm(12&#8243;), 450mm(17.7&#8243;)<\/td>\n<td><\/td>\n<\/tr>\n<tr>\n<td>Centro<\/td>\n<td>Libre<\/td>\n<td><\/td>\n<\/tr>\n<tr>\n<td>Material (Espesor)<\/td>\n<td>CR Steel, Stainless Steel (1mm, 1.2mm)<\/td>\n<td><\/td>\n<\/tr>\n<tr>\n<td>Soldadura<\/td>\n<td>O2, CO2<\/td>\n<td><\/td>\n<\/tr>\n<tr>\n<td>Distancia de la aleta (extremo)<\/td>\n<td>40~50<\/td>\n<td>Especificaci\u00f3n del cliente<\/td>\n<\/tr>\n<tr>\n<td>No. de componentes<\/td>\n<td>Free<\/td>\n<td>Especificaci\u00f3n del cliente<\/td>\n<\/tr>\n<tr>\n<td>Tratamiento de la superficie<\/td>\n<td>Lisa (metal desnudo), Personalizaci\u00f3n de la pintura,<br \/>\nGalvanizaci\u00f3n en caliente<\/td>\n<td>Especificaci\u00f3n del cliente<\/td>\n<\/tr>\n<\/tbody>\n<\/table>\n<p>\u203b Los tama\u00f1os personalizados est\u00e1n disponibles bajo petici\u00f3n.<\/p>\n<\/div><\/div><div class=\"wpb_text_column\" ><div class=\"wpb_wrapper\"><table class=\"hee\" style=\"height: 106px; border-collapse: collapse;\" border=\"1\" width=\"100%\">\n<tbody>\n<tr>\n<td bgcolor=\"#006699\"><span style=\"color: #ffffff;\">No<\/span><\/td>\n<td bgcolor=\"#006699\"><span style=\"color: #ffffff;\">Descripciones<\/span><\/td>\n<td bgcolor=\"#006699\"><span style=\"color: #ffffff;\">Material<\/span><\/td>\n<td bgcolor=\"#006699\"><span style=\"color: #ffffff;\">Dimensi\u00f3n<\/span><\/td>\n<\/tr>\n<tr style=\"height: 10px;\">\n<td>1<\/td>\n<td>Componente de la aleta<\/td>\n<td>SPCC<\/td>\n<td>225, 300W, 450W\u00d71.0, 1.2t<\/td>\n<\/tr>\n<tr style=\"height: 10px;\">\n<td>2<\/td>\n<td>Tuber\u00eda colectora<\/td>\n<td>SPP<\/td>\n<td>2\u2033, 2\u00bd\u2033, 3\u2033<\/td>\n<\/tr>\n<tr style=\"height: 10px;\">\n<td>3<\/td>\n<td>Barra plana<\/td>\n<td>SS400<\/td>\n<td><\/td>\n<\/tr>\n<tr style=\"height: 10px;\">\n<td>4<\/td>\n<td>Brida<\/td>\n<td>SS400<\/td>\n<td>15t\u00d7150\u00d7150<\/td>\n<\/tr>\n<\/tbody>\n<\/table>\n<\/div><\/div><div class=\"w-separator size_custom\" style=\"height:20px\"><\/div><div class=\"wpb_text_column\" ><div class=\"wpb_wrapper\"><table class=\"hee\" style=\"height: 117px; border-collapse: collapse;\" border=\"1\">\n<tbody>\n<tr style=\"height: 24px;\">\n<td style=\"height: 24px; width: 63px;\" bgcolor=\"#006699\"><span style=\"color: #ffffff;\">Tama\u00f1o de la tuber\u00eda <\/span><\/td>\n<td style=\"height: 24px; width: 69px;\" bgcolor=\"#006699\"><span style=\"color: #ffffff;\">OD<\/span><\/td>\n<td style=\"height: 24px; width: 69px;\" bgcolor=\"#006699\"><span style=\"color: #ffffff;\">ID<\/span><\/td>\n<td style=\"height: 24px; width: 68px;\" bgcolor=\"#006699\"><span style=\"color: #ffffff;\">Grosor<\/span><\/td>\n<\/tr>\n<tr style=\"height: 48px;\">\n<td style=\"height: 45px; width: 63px;\">2\u2033<\/td>\n<td style=\"height: 45px; width: 69px;\">\u00d860.5mm<\/td>\n<td style=\"height: 45px; width: 69px;\">\u00d853.9mm<\/td>\n<td style=\"height: 45px; width: 68px;\">3.3mm<\/td>\n<\/tr>\n<tr style=\"height: 24px;\">\n<td style=\"height: 24px; width: 63px;\">2\u00bd\u2033<\/td>\n<td style=\"height: 24px; width: 69px;\">\u00d876.3mm<\/td>\n<td style=\"height: 24px; width: 69px;\">\u00d869.7mm<\/td>\n<td style=\"height: 24px; width: 68px;\">3.3mm<\/td>\n<\/tr>\n<tr style=\"height: 24px;\">\n<td style=\"height: 24px; width: 63px;\">3\u2033<\/td>\n<td style=\"height: 24px; width: 69px;\">\u00d889.1mm<\/td>\n<td style=\"height: 24px; width: 69px;\">\u00d881.9mm<\/td>\n<td style=\"height: 24px; width: 68px;\">3.6mm<\/td>\n<\/tr>\n<\/tbody>\n<\/table>\n<\/div><\/div><div class=\"w-separator size_custom\" style=\"height:20px\"><\/div><div class=\"w-image align_center animate_fade\" style=\"animation-delay:0.2s\"><a href=\"https:\/\/www.swindustry.com\/es\/wp-content\/uploads\/2018\/09\/drawing_PanelType.gif\" ref=\"magnificPopup\" aria-label=\"Enlace\" class=\"w-image-h\"><img width=\"598\" height=\"420\" src=\"https:\/\/www.swindustry.com\/es\/wp-content\/uploads\/2018\/09\/drawing_PanelType.gif\" class=\"attachment-us_598_0 size-us_598_0\" alt=\"\" loading=\"lazy\" \/><\/a><\/div><\/div><\/div><\/div><\/div><\/div><\/section><section class=\"l-section wpb_row height_small\"><div class=\"l-section-h i-cf\"><div class=\"g-cols vc_row type_default valign_top\"><div class=\"vc_col-sm-12 wpb_column vc_column_container\"><div class=\"vc_column-inner\"><div class=\"wpb_wrapper\"><div class=\"w-separator size_custom\" style=\"height:32px\"><\/div><\/div><\/div><\/div><\/div><\/div><\/section>\n","protected":false},"excerpt":{"rendered":"Radiador con panel frontal (Cabezal incorporado) Especificaciones Producto Descripciones Comentarios Ancho 225mm(9&#8243;), 300mm(12&#8243;), 450mm(17.7&#8243;) Centro Libre Material (Espesor) CR Steel, Stainless Steel (1mm, 1.2mm) Soldadura O2, CO2 Distancia de la aleta (extremo) 40~50 Especificaci\u00f3n del cliente No. de componentes Free Especificaci\u00f3n del cliente Tratamiento de la superficie Lisa (metal desnudo), Personalizaci\u00f3n de la pintura, Galvanizaci\u00f3n...","protected":false},"author":1,"featured_media":0,"parent":0,"menu_order":0,"comment_status":"closed","ping_status":"closed","template":"","meta":[],"_links":{"self":[{"href":"https:\/\/www.swindustry.com\/es\/wp-json\/wp\/v2\/pages\/393"}],"collection":[{"href":"https:\/\/www.swindustry.com\/es\/wp-json\/wp\/v2\/pages"}],"about":[{"href":"https:\/\/www.swindustry.com\/es\/wp-json\/wp\/v2\/types\/page"}],"author":[{"embeddable":true,"href":"https:\/\/www.swindustry.com\/es\/wp-json\/wp\/v2\/users\/1"}],"replies":[{"embeddable":true,"href":"https:\/\/www.swindustry.com\/es\/wp-json\/wp\/v2\/comments?post=393"}],"version-history":[{"count":3,"href":"https:\/\/www.swindustry.com\/es\/wp-json\/wp\/v2\/pages\/393\/revisions"}],"predecessor-version":[{"id":1266,"href":"https:\/\/www.swindustry.com\/es\/wp-json\/wp\/v2\/pages\/393\/revisions\/1266"}],"wp:attachment":[{"href":"https:\/\/www.swindustry.com\/es\/wp-json\/wp\/v2\/media?parent=393"}],"curies":[{"name":"wp","href":"https:\/\/api.w.org\/{rel}","templated":true}]}}