{"id":411,"date":"2018-09-04T16:34:51","date_gmt":"2018-09-04T07:34:51","guid":{"rendered":"http:\/\/www.swindustry.com\/es\/?page_id=411"},"modified":"2019-03-11T02:15:33","modified_gmt":"2019-03-10T17:15:33","slug":"kp0704","status":"publish","type":"page","link":"https:\/\/www.swindustry.com\/es\/kp0704\/","title":{"rendered":"KP0704"},"content":{"rendered":"<section class=\"l-section wpb_row height_small\"><div class=\"l-section-h i-cf\"><div class=\"g-cols vc_row type_default valign_top\"><div class=\"vc_col-sm-12 wpb_column vc_column_container\"><div class=\"vc_column-inner\"><div class=\"wpb_wrapper\"><div class=\"wpb_text_column\" ><div class=\"wpb_wrapper\"><blockquote>\n<h1><strong><span style=\"color: #ee6c00;\">KP0704\u00a0<\/span>Ventilador de refrigeraci\u00f3n<\/strong><\/h1>\n<\/blockquote>\n<\/div><\/div><\/div><\/div><\/div><\/div><\/div><\/section><section class=\"l-section wpb_row height_small\"><div class=\"l-section-h i-cf\"><div class=\"g-cols vc_row type_default valign_top\"><div class=\"vc_col-sm-4 wpb_column vc_column_container\"><div class=\"vc_column-inner\"><div class=\"wpb_wrapper\"><div class=\"w-image align_none\"><div class=\"w-image-h\"><img width=\"384\" height=\"413\" src=\"https:\/\/www.swindustry.com\/es\/wp-content\/uploads\/2018\/09\/product_KP0704a.jpg\" class=\"attachment-full size-full\" alt=\"\" loading=\"lazy\" srcset=\"https:\/\/www.swindustry.com\/es\/wp-content\/uploads\/2018\/09\/product_KP0704a.jpg 384w, https:\/\/www.swindustry.com\/es\/wp-content\/uploads\/2018\/09\/product_KP0704a-279x300.jpg 279w\" sizes=\"(max-width: 384px) 100vw, 384px\" \/><\/div><\/div><div class=\"w-image align_none\"><div class=\"w-image-h\"><img width=\"384\" height=\"413\" src=\"https:\/\/www.swindustry.com\/es\/wp-content\/uploads\/2018\/09\/product_KP0704b.jpg\" class=\"attachment-full size-full\" alt=\"\" loading=\"lazy\" srcset=\"https:\/\/www.swindustry.com\/es\/wp-content\/uploads\/2018\/09\/product_KP0704b.jpg 384w, https:\/\/www.swindustry.com\/es\/wp-content\/uploads\/2018\/09\/product_KP0704b-279x300.jpg 279w\" sizes=\"(max-width: 384px) 100vw, 384px\" \/><\/div><\/div><\/div><\/div><\/div><div class=\"vc_col-sm-8 wpb_column vc_column_container\"><div class=\"vc_column-inner\"><div class=\"wpb_wrapper\"><div class=\"wpb_text_column\" ><div class=\"wpb_wrapper\"><h5><i class=\"fas fa-arrow-circle-right\"><\/i> Protector del ventilador<\/h5>\n<\/div><\/div><div class=\"wpb_text_column\" ><div class=\"wpb_wrapper\"><p style=\"padding-left: 10px; text-align: justify;\">El protector del ventilador est\u00e1 construido en forma de anillo por una barra de acero que consta de un soporte del motor y de un protector para las aspas del ventilador. Es posible mantener un bajo nivel de ruido y una alta eficiencia al reducir el peso total y minimizar la perturbaci\u00f3n del flujo de aire.<\/p>\n<\/div><\/div><div class=\"w-separator size_custom\" style=\"height:32px\"><\/div><div class=\"wpb_text_column\" ><div class=\"wpb_wrapper\"><h5><i class=\"fas fa-arrow-circle-right\"><\/i> Motor<\/h5>\n<\/div><\/div><div class=\"wpb_text_column\" ><div class=\"wpb_wrapper\"><p style=\"padding-left: 10px; text-align: justify;\">Es un motor de potencia fraccionaria de tipo cerrado y totalmente resistente al agua. El aislamiento del motor es de clase \u00abF\u00bb. En un funcionamiento continuo, presenta una alta eficiencia.<\/p>\n<\/div><\/div><div class=\"w-separator size_custom\" style=\"height:32px\"><\/div><div class=\"wpb_text_column\" ><div class=\"wpb_wrapper\"><h5><i class=\"fas fa-arrow-circle-right\"><\/i>\u00a0Aspas del ventiladoran Blades<\/h5>\n<\/div><\/div><div class=\"wpb_text_column\" ><div class=\"wpb_wrapper\"><p style=\"padding-left: 10px; text-align: justify;\">Dise\u00f1adas para proporcionar suficiente flujo de viento y hechas de aluminio. Por lo tanto, no se corroen por la luz y son resistentes al calor. Especialmente, un aspa precisa y bien equilibrada por la m\u00e1quina equilibradora hace que sea posible mantener un bajo nivel de ruido.<\/p>\n<\/div><\/div><\/div><\/div><\/div><\/div><\/div><\/section><section class=\"l-section wpb_row height_small\"><div class=\"l-section-h i-cf\"><div class=\"g-cols vc_row type_default valign_top\"><div class=\"vc_col-sm-12 wpb_column vc_column_container\"><div class=\"vc_column-inner\"><div class=\"wpb_wrapper\"><div class=\"wpb_text_column\" ><div class=\"wpb_wrapper\"><h5><span style=\"color: #2a709c;\">\u00a0Bajo nivel de ruido<\/span><\/h5>\n<\/div><\/div><div class=\"wpb_text_column\" ><div class=\"wpb_wrapper\"><p style=\"padding-left: 10px;\"><span style=\"color: #2a709c;\">1.\u00a0 AISLAMIENTO DEL MOTOR: CLASE F(60 Hz), CLASE F(50 Hz)<br \/>\n2.\u00a0 GRADO DEL IP: IP55<br \/>\n3.\u00a0 RUIDO: 50 dBA DISTANCIA : 2m-60 Hz, 47dBA DISTANCIA : 2m-50 Hz<\/span><span style=\"color: #2a709c;\"><br \/>\n<span style=\"color: #2a709c;\">4.\u00a0 MANEJO DE LA SUPERFICIE: IMPRIMACI\u00d3N FOSFATANTE DESPU\u00c9S, GALVANIZACI\u00d3N EN CALIENTE (Zn)<\/span><br \/>\n<span style=\"color: #2a709c;\">5.\u00a0 PINTURA FINAL: 5Y 7\/1 (EXCLUIDAS LAS ASPAS DEL VENTILADOR)<\/span><br \/>\n<span style=\"color: #2a709c;\">6.\u00a0 ESPESOR DE LA PINTURA: M\u00c1S DE 75 MICRAS<\/span><br \/>\n<span style=\"color: #2a709c;\">7.\u00a0 EJE: ANTIOXIDANTE (TIPO: TECTYL 506)<\/span><br \/>\n<span style=\"color: #2a709c;\">8.\u00a0 PROTECCI\u00d3N DEL CUERPO Y DE LA CUBIERTA: 1 \/2&#8243; de di\u00e1metro de varilla \u2192 no pasa a trav\u00e9s (cumple con los requisitos de la OSHA)<\/span><br \/>\n<\/span><\/p>\n<\/div><\/div><\/div><\/div><\/div><\/div><\/div><\/section><section class=\"l-section wpb_row height_small\"><div class=\"l-section-h i-cf\"><div class=\"g-cols vc_row type_default valign_top\"><div class=\"vc_col-sm-12 wpb_column vc_column_container\"><div class=\"vc_column-inner\"><div class=\"wpb_wrapper\"><div class=\"w-image align_center\"><a href=\"https:\/\/www.swindustry.com\/es\/wp-content\/uploads\/2018\/09\/drawing_KP0704.gif\" ref=\"magnificPopup\" aria-label=\"Enlace\" class=\"w-image-h\"><img width=\"598\" height=\"360\" src=\"https:\/\/www.swindustry.com\/es\/wp-content\/uploads\/2018\/09\/drawing_KP0704.gif\" class=\"attachment-us_598_0 size-us_598_0\" alt=\"\" loading=\"lazy\" \/><\/a><\/div><\/div><\/div><\/div><\/div><\/div><\/section><section class=\"l-section wpb_row height_small\"><div class=\"l-section-h i-cf\"><div class=\"g-cols vc_row type_default valign_top\"><div class=\"vc_col-sm-12 wpb_column vc_column_container\"><div class=\"vc_column-inner\"><div class=\"wpb_wrapper\"><div class=\"wpb_text_column\" ><div class=\"wpb_wrapper\"><h5><i class=\"fas fa-arrow-circle-right\"><\/i>\u00a0Especificaciones<\/h5>\n<\/div><\/div><div class=\"wpb_text_column\" ><div class=\"wpb_wrapper\"><table class=\"hee\" style=\"border-collapse: collapse;\" border=\"1\">\n<tbody>\n<tr>\n<td bgcolor=\"#000000\"><span style=\"color: #ffffff;\">HP<\/span><\/td>\n<td bgcolor=\"#006699\"><span style=\"color: #ffffff;\">RPM<\/span><\/td>\n<td bgcolor=\"#006699\"><span style=\"color: #ffffff;\">Volts<\/span><\/td>\n<td bgcolor=\"#006699\"><span style=\"color: #ffffff;\">\u00d8<\/span><\/td>\n<td bgcolor=\"#006699\"><span style=\"color: #ffffff;\">Hz<\/span><\/td>\n<td bgcolor=\"#006699\"><span style=\"color: #ffffff;\">Flujo de aire<br \/>\n(\u33a5\/sec)<\/span><\/td>\n<td bgcolor=\"#006699\"><span style=\"color: #ffffff;\">CFM<\/span><\/td>\n<td bgcolor=\"#006699\"><span style=\"color: #ffffff;\">DBA<\/span><\/td>\n<\/tr>\n<tr>\n<td>1\/8<\/td>\n<td>850<\/td>\n<td>380<\/td>\n<td>3<\/td>\n<td>60<\/td>\n<td>2.45<\/td>\n<td>5250<\/td>\n<td>50<\/td>\n<\/tr>\n<\/tbody>\n<\/table>\n<\/div><\/div><div class=\"w-separator size_custom\" style=\"height:20px\"><\/div><div class=\"wpb_text_column\" ><div class=\"wpb_wrapper\"><table class=\"hee\" style=\"border-collapse: collapse;\" border=\"1\">\n<tbody>\n<tr>\n<td bgcolor=\"#006699\"><span style=\"color: #ffffff;\">Voltios\u00a0<\/span><\/td>\n<td bgcolor=\"#006699\"><span style=\"color: #ffffff;\">Amperios del ventilador\u00a0<\/span><\/td>\n<td bgcolor=\"#006699\"><span style=\"color: #ffffff;\">Corriente de m\u00e1xima carga (A)\u00a0<\/span><\/td>\n<td bgcolor=\"#006699\"><span style=\"color: #ffffff;\">Corriente de arranque(A)<\/span><\/td>\n<td bgcolor=\"#006699\"><span style=\"color: #ffffff;\">Vatios<\/span><\/td>\n<\/tr>\n<tr>\n<td>380<\/td>\n<td>0.40<\/td>\n<td>0.45<\/td>\n<td>1.00<\/td>\n<td>184<\/td>\n<\/tr>\n<tr>\n<td>460<\/td>\n<td>0.44<\/td>\n<td>0.45<\/td>\n<td>1.02<\/td>\n<td>188<\/td>\n<\/tr>\n<tr>\n<td>480<\/td>\n<td>0.45<\/td>\n<td>0.45<\/td>\n<td>1.10<\/td>\n<td>196<\/td>\n<\/tr>\n<\/tbody>\n<\/table>\n<\/div><\/div><div class=\"w-separator size_custom\" style=\"height:20px\"><\/div><div class=\"wpb_text_column\" ><div class=\"wpb_wrapper\"><ul>\n<li>CFM real [\u33a5\/s] como medido del lado de descarga de un transformador.<\/li>\n<li>dBA en 6&#8242;[1.83 m] desde el per\u00edmetro del ventilador al aire libre.<\/li>\n<li>Otros voltios, Hz o fases est\u00e1n disponibles bajo petici\u00f3n.<\/li>\n<li>IP55<\/li>\n<\/ul>\n<\/div><\/div><\/div><\/div><\/div><\/div><\/div><\/section><section class=\"l-section wpb_row height_small\"><div class=\"l-section-h i-cf\"><div class=\"g-cols vc_row type_default valign_top\"><div class=\"vc_col-sm-12 wpb_column vc_column_container\"><div class=\"vc_column-inner\"><div class=\"wpb_wrapper\"><div class=\"w-separator size_custom\" style=\"height:22px\"><\/div><\/div><\/div><\/div><\/div><\/div><\/section>\n","protected":false},"excerpt":{"rendered":"KP0704\u00a0Ventilador de refrigeraci\u00f3n Protector del ventilador El protector del ventilador est\u00e1 construido en forma de anillo por una barra de acero que consta de un soporte del motor y de un protector para las aspas del ventilador. Es posible mantener un bajo nivel de ruido y una alta eficiencia al reducir el peso total y...","protected":false},"author":1,"featured_media":0,"parent":0,"menu_order":0,"comment_status":"closed","ping_status":"closed","template":"","meta":[],"_links":{"self":[{"href":"https:\/\/www.swindustry.com\/es\/wp-json\/wp\/v2\/pages\/411"}],"collection":[{"href":"https:\/\/www.swindustry.com\/es\/wp-json\/wp\/v2\/pages"}],"about":[{"href":"https:\/\/www.swindustry.com\/es\/wp-json\/wp\/v2\/types\/page"}],"author":[{"embeddable":true,"href":"https:\/\/www.swindustry.com\/es\/wp-json\/wp\/v2\/users\/1"}],"replies":[{"embeddable":true,"href":"https:\/\/www.swindustry.com\/es\/wp-json\/wp\/v2\/comments?post=411"}],"version-history":[{"count":3,"href":"https:\/\/www.swindustry.com\/es\/wp-json\/wp\/v2\/pages\/411\/revisions"}],"predecessor-version":[{"id":1187,"href":"https:\/\/www.swindustry.com\/es\/wp-json\/wp\/v2\/pages\/411\/revisions\/1187"}],"wp:attachment":[{"href":"https:\/\/www.swindustry.com\/es\/wp-json\/wp\/v2\/media?parent=411"}],"curies":[{"name":"wp","href":"https:\/\/api.w.org\/{rel}","templated":true}]}}