{"id":416,"date":"2018-09-04T16:36:09","date_gmt":"2018-09-04T07:36:09","guid":{"rendered":"http:\/\/www.swindustry.com\/es\/?page_id=416"},"modified":"2023-10-06T16:51:51","modified_gmt":"2023-10-06T07:51:51","slug":"kp0706","status":"publish","type":"page","link":"https:\/\/www.swindustry.com\/es\/kp0706\/","title":{"rendered":"KP0706"},"content":{"rendered":"<section class=\"l-section wpb_row height_small\"><div class=\"l-section-h i-cf\"><div class=\"g-cols vc_row type_default valign_top\"><div class=\"vc_col-sm-12 wpb_column vc_column_container\"><div class=\"vc_column-inner\"><div class=\"wpb_wrapper\"><div class=\"wpb_text_column\" ><div class=\"wpb_wrapper\"><blockquote>\n<h1><strong><span style=\"color: #ee6c00;\">KP0706(26\u2033)\u00a0<\/span>Ventilador de refrigeraci\u00f3n<\/strong><\/h1>\n<\/blockquote>\n<\/div><\/div><\/div><\/div><\/div><\/div><\/div><\/section><section class=\"l-section wpb_row height_small\"><div class=\"l-section-h i-cf\"><div class=\"g-cols vc_row type_default valign_top\"><div class=\"vc_col-sm-6 wpb_column vc_column_container\"><div class=\"vc_column-inner\"><div class=\"wpb_wrapper\"><div class=\"w-image align_center\"><div class=\"w-image-h\"><img width=\"320\" height=\"344\" src=\"https:\/\/www.swindustry.com\/es\/wp-content\/uploads\/2018\/09\/product_KP0706a.jpg\" class=\"attachment-us_320_0 size-us_320_0\" alt=\"\" loading=\"lazy\" srcset=\"https:\/\/www.swindustry.com\/es\/wp-content\/uploads\/2018\/09\/product_KP0706a.jpg 384w, https:\/\/www.swindustry.com\/es\/wp-content\/uploads\/2018\/09\/product_KP0706a-279x300.jpg 279w\" sizes=\"(max-width: 320px) 100vw, 320px\" \/><\/div><\/div><\/div><\/div><\/div><div class=\"vc_col-sm-6 wpb_column vc_column_container\"><div class=\"vc_column-inner\"><div class=\"wpb_wrapper\"><div class=\"w-image align_center\"><div class=\"w-image-h\"><img width=\"320\" height=\"344\" src=\"https:\/\/www.swindustry.com\/es\/wp-content\/uploads\/2018\/09\/product_KP0706b.jpg\" class=\"attachment-us_320_0 size-us_320_0\" alt=\"\" loading=\"lazy\" srcset=\"https:\/\/www.swindustry.com\/es\/wp-content\/uploads\/2018\/09\/product_KP0706b.jpg 384w, https:\/\/www.swindustry.com\/es\/wp-content\/uploads\/2018\/09\/product_KP0706b-279x300.jpg 279w\" sizes=\"(max-width: 320px) 100vw, 320px\" \/><\/div><\/div><\/div><\/div><\/div><\/div><\/div><\/section><section class=\"l-section wpb_row height_small\"><div class=\"l-section-h i-cf\"><div class=\"g-cols vc_row type_default valign_top\"><div class=\"vc_col-sm-12 wpb_column vc_column_container\"><div class=\"vc_column-inner\"><div class=\"wpb_wrapper\"><div class=\"wpb_text_column\" ><div class=\"wpb_wrapper\"><p>Instalado en cualquier posici\u00f3n con las herramientas de montaje o el ojo de sujeci\u00f3n del protector del ventilador.<br \/>\nProtectores OSHA para el ventilador y protectores en galvanizaci\u00f3n en caliente.<br \/>\nAspas del ventilador de una sola pieza en aluminio fundido.<\/p>\n<\/div><\/div><\/div><\/div><\/div><\/div><\/div><\/section><section class=\"l-section wpb_row height_small\"><div class=\"l-section-h i-cf\"><div class=\"g-cols vc_row type_default valign_top\"><div class=\"vc_col-sm-12 wpb_column vc_column_container\"><div class=\"vc_column-inner\"><div class=\"wpb_wrapper\"><div class=\"w-image align_center\"><a href=\"https:\/\/www.swindustry.com\/es\/wp-content\/uploads\/2023\/10\/drawing_KP0706.jpg\" ref=\"magnificPopup\" aria-label=\"Enlace\" class=\"w-image-h\"><img width=\"725\" height=\"516\" src=\"https:\/\/www.swindustry.com\/es\/wp-content\/uploads\/2023\/10\/drawing_KP0706.jpg\" class=\"attachment-full size-full\" alt=\"\" loading=\"lazy\" srcset=\"https:\/\/www.swindustry.com\/es\/wp-content\/uploads\/2023\/10\/drawing_KP0706.jpg 725w, https:\/\/www.swindustry.com\/es\/wp-content\/uploads\/2023\/10\/drawing_KP0706-300x214.jpg 300w, https:\/\/www.swindustry.com\/es\/wp-content\/uploads\/2023\/10\/drawing_KP0706-320x228.jpg 320w, https:\/\/www.swindustry.com\/es\/wp-content\/uploads\/2023\/10\/drawing_KP0706-598x426.jpg 598w, https:\/\/www.swindustry.com\/es\/wp-content\/uploads\/2023\/10\/drawing_KP0706-420x299.jpg 420w\" sizes=\"(max-width: 725px) 100vw, 725px\" \/><\/a><\/div><\/div><\/div><\/div><\/div><\/div><\/section><section class=\"l-section wpb_row height_small\"><div class=\"l-section-h i-cf\"><div class=\"g-cols vc_row type_default valign_top\"><div class=\"vc_col-sm-12 wpb_column vc_column_container\"><div class=\"vc_column-inner\"><div class=\"wpb_wrapper\"><div class=\"wpb_text_column\" ><div class=\"wpb_wrapper\"><h5><i class=\"fas fa-arrow-circle-right\"><\/i>\u00a0Especificaciones<\/h5>\n<\/div><\/div><div class=\"wpb_text_column\" ><div class=\"wpb_wrapper\"><table class=\"hee\" style=\"border-collapse: collapse;\" border=\"1\">\n<tbody>\n<tr>\n<td bgcolor=\"#000000\"><span style=\"color: #ffffff;\">Modelo<\/span><\/td>\n<td bgcolor=\"#006699\"><span style=\"color: #ffffff;\">HP<\/span><\/td>\n<td bgcolor=\"#006699\"><span style=\"color: #ffffff;\">RPM<\/span><\/td>\n<td bgcolor=\"#006699\"><span style=\"color: #ffffff;\">Hz<\/span><\/td>\n<td bgcolor=\"#006699\"><span style=\"color: #ffffff;\">Fase<\/span><\/td>\n<td bgcolor=\"#006699\"><span style=\"color: #ffffff;\">Tensi\u00f3n<\/span><\/td>\n<td bgcolor=\"#006699\"><span style=\"color: #ffffff;\">Amperios de funcionamiento<\/span><\/td>\n<td bgcolor=\"#006699\"><span style=\"color: #ffffff;\">Amperios a plena carga<\/span><\/td>\n<td bgcolor=\"#006699\"><span style=\"color: #ffffff;\">Vatios<\/span><\/td>\n<\/tr>\n<tr>\n<td>A<\/td>\n<td>1\/6<\/td>\n<td rowspan=\"4\">850<\/td>\n<td>60<\/td>\n<td>1<\/td>\n<td>115<\/td>\n<td>1.42<\/td>\n<td>1.50<\/td>\n<td>148<\/td>\n<\/tr>\n<tr>\n<td>B<\/td>\n<td rowspan=\"3\">1\/8<\/td>\n<td>60<\/td>\n<td>1<\/td>\n<td>208-230<\/td>\n<td>0.91<\/td>\n<td>1.20<\/td>\n<td>156<\/td>\n<\/tr>\n<tr>\n<td>C<\/td>\n<td>60<\/td>\n<td>3<\/td>\n<td>208-230<\/td>\n<td>0.78<\/td>\n<td>0.90<\/td>\n<td>144<\/td>\n<\/tr>\n<tr>\n<td>D<\/td>\n<td>60<\/td>\n<td>3<\/td>\n<td>460<\/td>\n<td>0.4<\/td>\n<td>0.45<\/td>\n<td>136<\/td>\n<\/tr>\n<tr>\n<td>E<\/td>\n<td rowspan=\"5\">1\/6<\/td>\n<td rowspan=\"5\">1140<\/td>\n<td>60<\/td>\n<td>1<\/td>\n<td>115<\/td>\n<td>2.47<\/td>\n<td>2.90<\/td>\n<td>240<\/td>\n<\/tr>\n<tr>\n<td>F<\/td>\n<td>60<\/td>\n<td>1<\/td>\n<td>208-230<\/td>\n<td>1<\/td>\n<td>1.20<\/td>\n<td>208<\/td>\n<\/tr>\n<tr>\n<td>G<\/td>\n<td>60<\/td>\n<td>3<\/td>\n<td>208-230<\/td>\n<td>1.06<\/td>\n<td>1.20<\/td>\n<td>232<\/td>\n<\/tr>\n<tr>\n<td>H<\/td>\n<td>60<\/td>\n<td>3<\/td>\n<td>460<\/td>\n<td>0.53<\/td>\n<td>0.65<\/td>\n<td>232<\/td>\n<\/tr>\n<tr>\n<td>I<\/td>\n<td>60<\/td>\n<td>3<\/td>\n<td>575<\/td>\n<td>0.47<\/td>\n<td>0.60<\/td>\n<td>232<\/td>\n<\/tr>\n<tr>\n<td>J<\/td>\n<td rowspan=\"5\">1\/2<\/td>\n<td rowspan=\"5\">1750<\/td>\n<td>60<\/td>\n<td>1<\/td>\n<td>115<\/td>\n<td>5<\/td>\n<td>6.40<\/td>\n<td>572<\/td>\n<\/tr>\n<tr>\n<td>K<\/td>\n<td>60<\/td>\n<td>1<\/td>\n<td>208-230<\/td>\n<td>2.5<\/td>\n<td>3.00<\/td>\n<td>572<\/td>\n<\/tr>\n<tr>\n<td>L<\/td>\n<td>60<\/td>\n<td>3<\/td>\n<td>208-230<\/td>\n<td>1.9<\/td>\n<td>2.30<\/td>\n<td>568<\/td>\n<\/tr>\n<tr>\n<td>M<\/td>\n<td>60<\/td>\n<td>3<\/td>\n<td>460<\/td>\n<td>1<\/td>\n<td>1.15<\/td>\n<td>568<\/td>\n<\/tr>\n<tr>\n<td>N<\/td>\n<td>60<\/td>\n<td>3<\/td>\n<td>575<\/td>\n<td>0.75<\/td>\n<td>0.90<\/td>\n<td>572<\/td>\n<\/tr>\n<\/tbody>\n<\/table>\n<\/div><\/div><div class=\"w-separator size_custom\" style=\"height:15px\"><\/div><div class=\"wpb_text_column\" ><div class=\"wpb_wrapper\"><ul>\n<li>Otros voltios y fases est\u00e1n disponibles bajo petici\u00f3n.<\/li>\n<li>Los datos 50Hz est\u00e1n disponibles bajo petici\u00f3n.<\/li>\n<\/ul>\n<\/div><\/div><\/div><\/div><\/div><\/div><\/div><\/section><section class=\"l-section wpb_row height_small\"><div class=\"l-section-h i-cf\"><div class=\"g-cols vc_row type_default valign_top\"><div class=\"vc_col-sm-12 vc_col-lg-12 wpb_column vc_column_container\"><div class=\"vc_column-inner\"><div class=\"wpb_wrapper\"><div class=\"wpb_text_column\" ><div class=\"wpb_wrapper\"><table class=\"hee\" style=\"border-collapse: collapse; width: 100%;\" border=\"1\" width=\"100%\">\n<tbody>\n<tr>\n<td style=\"width: 9.2233%;\" bgcolor=\"#000000\"><span style=\"color: #ffffff;\">HP<\/span><\/td>\n<td style=\"width: 13.2282%;\" bgcolor=\"#006699\"><span style=\"color: #ffffff;\">RPM<\/span><\/td>\n<td style=\"width: 27.5485%;\" bgcolor=\"#006699\"><span style=\"color: #ffffff;\">Flujo de aire (\u33a5 \/sec)<\/span><\/td>\n<td style=\"width: 19.1748%;\" bgcolor=\"#006699\"><span style=\"color: #ffffff;\">CFM<\/span><\/td>\n<td style=\"width: 17.3544%;\" bgcolor=\"#006699\"><span style=\"color: #ffffff;\">dBA<\/span><\/td>\n<td style=\"width: 13.3495%;\" bgcolor=\"#006699\"><span style=\"color: #ffffff;\">\u00a0Hz<\/span><\/td>\n<\/tr>\n<tr>\n<td style=\"width: 9.2233%;\">1\/8<\/td>\n<td style=\"width: 13.2282%;\">850<\/td>\n<td style=\"width: 27.5485%;\">1.88<\/td>\n<td style=\"width: 19.1748%;\">4030<\/td>\n<td style=\"width: 17.3544%;\">47.5<\/td>\n<td style=\"width: 13.3495%;\">60<\/td>\n<\/tr>\n<tr>\n<td style=\"width: 9.2233%;\">1\/6<\/td>\n<td style=\"width: 13.2282%;\">1140<\/td>\n<td style=\"width: 27.5485%;\">2.62<\/td>\n<td style=\"width: 19.1748%;\">5610<\/td>\n<td style=\"width: 17.3544%;\">56.5<\/td>\n<td style=\"width: 13.3495%;\">60<\/td>\n<\/tr>\n<tr>\n<td style=\"width: 9.2233%;\">1\/2<\/td>\n<td style=\"width: 13.2282%;\">1750<\/td>\n<td style=\"width: 27.5485%;\">3.97<\/td>\n<td style=\"width: 19.1748%;\">8500<\/td>\n<td style=\"width: 17.3544%;\">70.0<\/td>\n<td style=\"width: 13.3495%;\">60<\/td>\n<\/tr>\n<\/tbody>\n<\/table>\n<\/div><\/div><div class=\"w-separator size_custom\" style=\"height:15px\"><\/div><div class=\"wpb_text_column\" ><div class=\"wpb_wrapper\"><ul>\n<li>CFM real [\u33a5\/s] como medido del lado de descarga de un transformador<\/li>\n<li>dBA en 6&#8242;[1.83 m] desde el per\u00edmetro del ventilador al aire libre.<\/li>\n<li>IP54, IP55, IP65<\/li>\n<\/ul>\n<\/div><\/div><\/div><\/div><\/div><\/div><\/div><\/section><section class=\"l-section wpb_row height_small\"><div class=\"l-section-h i-cf\"><div class=\"g-cols vc_row type_default valign_top\"><div class=\"vc_col-sm-12 wpb_column vc_column_container\"><div class=\"vc_column-inner\"><div class=\"wpb_wrapper\"><div class=\"w-separator size_custom\" style=\"height:32px\"><\/div><\/div><\/div><\/div><\/div><\/div><\/section>\n","protected":false},"excerpt":{"rendered":"KP0706(26\u2033)\u00a0Ventilador de refrigeraci\u00f3n Instalado en cualquier posici\u00f3n con las herramientas de montaje o el ojo de sujeci\u00f3n del protector del ventilador. Protectores OSHA para el ventilador y protectores en galvanizaci\u00f3n en caliente. Aspas del ventilador de una sola pieza en aluminio fundido. \u00a0Especificaciones Modelo HP RPM Hz Fase Tensi\u00f3n Amperios de funcionamiento Amperios a plena...","protected":false},"author":1,"featured_media":0,"parent":0,"menu_order":0,"comment_status":"closed","ping_status":"closed","template":"","meta":[],"_links":{"self":[{"href":"https:\/\/www.swindustry.com\/es\/wp-json\/wp\/v2\/pages\/416"}],"collection":[{"href":"https:\/\/www.swindustry.com\/es\/wp-json\/wp\/v2\/pages"}],"about":[{"href":"https:\/\/www.swindustry.com\/es\/wp-json\/wp\/v2\/types\/page"}],"author":[{"embeddable":true,"href":"https:\/\/www.swindustry.com\/es\/wp-json\/wp\/v2\/users\/1"}],"replies":[{"embeddable":true,"href":"https:\/\/www.swindustry.com\/es\/wp-json\/wp\/v2\/comments?post=416"}],"version-history":[{"count":4,"href":"https:\/\/www.swindustry.com\/es\/wp-json\/wp\/v2\/pages\/416\/revisions"}],"predecessor-version":[{"id":1278,"href":"https:\/\/www.swindustry.com\/es\/wp-json\/wp\/v2\/pages\/416\/revisions\/1278"}],"wp:attachment":[{"href":"https:\/\/www.swindustry.com\/es\/wp-json\/wp\/v2\/media?parent=416"}],"curies":[{"name":"wp","href":"https:\/\/api.w.org\/{rel}","templated":true}]}}