{"id":418,"date":"2018-09-04T16:36:37","date_gmt":"2018-09-04T07:36:37","guid":{"rendered":"http:\/\/www.swindustry.com\/es\/?page_id=418"},"modified":"2020-12-30T12:42:59","modified_gmt":"2020-12-30T03:42:59","slug":"kp0707","status":"publish","type":"page","link":"https:\/\/www.swindustry.com\/es\/kp0707\/","title":{"rendered":"KP0707"},"content":{"rendered":"<section class=\"l-section wpb_row height_small\"><div class=\"l-section-h i-cf\"><div class=\"g-cols vc_row type_default valign_top\"><div class=\"vc_col-sm-12 wpb_column vc_column_container\"><div class=\"vc_column-inner\"><div class=\"wpb_wrapper\"><div class=\"wpb_text_column\" ><div class=\"wpb_wrapper\"><blockquote>\n<h1><strong><span style=\"color: #ee6c00;\">KP0707<\/span><\/strong><span style=\"color: #ee6c00;\"><strong>(26\u2033)<\/strong>\u00a0<\/span><strong>Ventilador de Refrigeraci\u00f3n<\/strong><\/h1>\n<\/blockquote>\n<\/div><\/div><\/div><\/div><\/div><\/div><\/div><\/section><section class=\"l-section wpb_row height_small\"><div class=\"l-section-h i-cf\"><div class=\"g-cols vc_row type_default valign_top\"><div class=\"vc_col-sm-6 wpb_column vc_column_container\"><div class=\"vc_column-inner\"><div class=\"wpb_wrapper\"><div class=\"w-image align_center\"><div class=\"w-image-h\"><img width=\"320\" height=\"344\" src=\"https:\/\/www.swindustry.com\/es\/wp-content\/uploads\/2018\/09\/product_KP0707a.jpg\" class=\"attachment-us_320_0 size-us_320_0\" alt=\"\" loading=\"lazy\" srcset=\"https:\/\/www.swindustry.com\/es\/wp-content\/uploads\/2018\/09\/product_KP0707a.jpg 384w, https:\/\/www.swindustry.com\/es\/wp-content\/uploads\/2018\/09\/product_KP0707a-279x300.jpg 279w\" sizes=\"(max-width: 320px) 100vw, 320px\" \/><\/div><\/div><\/div><\/div><\/div><div class=\"vc_col-sm-6 wpb_column vc_column_container\"><div class=\"vc_column-inner\"><div class=\"wpb_wrapper\"><div class=\"w-image align_center\"><div class=\"w-image-h\"><img width=\"320\" height=\"344\" src=\"https:\/\/www.swindustry.com\/es\/wp-content\/uploads\/2018\/09\/product_KP0707b.jpg\" class=\"attachment-us_320_0 size-us_320_0\" alt=\"\" loading=\"lazy\" srcset=\"https:\/\/www.swindustry.com\/es\/wp-content\/uploads\/2018\/09\/product_KP0707b.jpg 384w, https:\/\/www.swindustry.com\/es\/wp-content\/uploads\/2018\/09\/product_KP0707b-279x300.jpg 279w\" sizes=\"(max-width: 320px) 100vw, 320px\" \/><\/div><\/div><\/div><\/div><\/div><\/div><\/div><\/section><section class=\"l-section wpb_row height_small\"><div class=\"l-section-h i-cf\"><div class=\"g-cols vc_row type_default valign_top\"><div class=\"vc_col-sm-12 wpb_column vc_column_container\"><div class=\"vc_column-inner\"><div class=\"wpb_wrapper\"><div class=\"wpb_text_column\" ><div class=\"wpb_wrapper\"><p>Instalado en cualquier posici\u00f3n con las herramientas de montaje o el ojo de sujeci\u00f3n del protector del ventilador.<br \/>\nOSHA Fan guards &amp; Hot dip galvanizing guards.<br \/>\nAspas del ventilador de una sola pieza en aluminio fundido.<\/p>\n<\/div><\/div><\/div><\/div><\/div><\/div><\/div><\/section><section class=\"l-section wpb_row height_small\"><div class=\"l-section-h i-cf\"><div class=\"g-cols vc_row type_default valign_top\"><div class=\"vc_col-sm-12 wpb_column vc_column_container\"><div class=\"vc_column-inner\"><div class=\"wpb_wrapper\"><div class=\"w-image align_center\"><a href=\"https:\/\/www.swindustry.com\/es\/wp-content\/uploads\/2018\/09\/drawing_KP0707.gif\" ref=\"magnificPopup\" aria-label=\"Enlace\" class=\"w-image-h\"><img width=\"598\" height=\"360\" src=\"https:\/\/www.swindustry.com\/es\/wp-content\/uploads\/2018\/09\/drawing_KP0707.gif\" class=\"attachment-us_598_0 size-us_598_0\" alt=\"\" loading=\"lazy\" \/><\/a><\/div><\/div><\/div><\/div><\/div><\/div><\/section><section class=\"l-section wpb_row height_small\"><div class=\"l-section-h i-cf\"><div class=\"g-cols vc_row type_default valign_top\"><div class=\"vc_col-sm-12 wpb_column vc_column_container\"><div class=\"vc_column-inner\"><div class=\"wpb_wrapper\"><div class=\"wpb_text_column\" ><div class=\"wpb_wrapper\"><h5><i class=\"fas fa-arrow-circle-right\"><\/i>\u00a0Especificaciones<\/h5>\n<\/div><\/div><div class=\"wpb_text_column\" ><div class=\"wpb_wrapper\"><table class=\"hee\" style=\"border-collapse: collapse;\" border=\"1\">\n<tbody>\n<tr>\n<td bgcolor=\"#000000\"><span style=\"color: #ffffff;\">Modelo<\/span><\/td>\n<td bgcolor=\"#006699\"><span style=\"color: #ffffff;\">HP<\/span><\/td>\n<td bgcolor=\"#006699\"><span style=\"color: #ffffff;\">RPM<\/span><\/td>\n<td bgcolor=\"#006699\"><span style=\"color: #ffffff;\">Hz<\/span><\/td>\n<td bgcolor=\"#006699\"><span style=\"color: #ffffff;\">Fase<\/span><\/td>\n<td bgcolor=\"#006699\"><span style=\"color: #ffffff;\">Tensi\u00f3n<\/span><\/td>\n<td bgcolor=\"#006699\"><span style=\"color: #ffffff;\">Amperios de funcionamiento<\/span><\/td>\n<td bgcolor=\"#006699\"><span style=\"color: #ffffff;\">Amperios a plena carga<\/span><\/td>\n<td bgcolor=\"#006699\"><span style=\"color: #ffffff;\">Vatios<\/span><\/td>\n<\/tr>\n<tr style=\"height: 29px;\">\n<td>A<\/td>\n<td rowspan=\"4\">1\/8<\/td>\n<td rowspan=\"4\">850<\/td>\n<td>60<\/td>\n<td>1<\/td>\n<td>115<\/td>\n<td>1.98<\/td>\n<td>2.4<\/td>\n<td>196<\/td>\n<\/tr>\n<tr style=\"height: 29px;\">\n<td>B<\/td>\n<td>60<\/td>\n<td>1<\/td>\n<td>208-230<\/td>\n<td>1<\/td>\n<td>1.2<\/td>\n<td>192<\/td>\n<\/tr>\n<tr style=\"height: 29px;\">\n<td>C<\/td>\n<td>60<\/td>\n<td>3<\/td>\n<td>208-230<\/td>\n<td>0.85<\/td>\n<td>0.9<\/td>\n<td>200<\/td>\n<\/tr>\n<tr style=\"height: 29px;\">\n<td>D<\/td>\n<td>60<\/td>\n<td>3<\/td>\n<td>460<\/td>\n<td>0.44<\/td>\n<td>0.45<\/td>\n<td>188<\/td>\n<\/tr>\n<tr style=\"height: 29px;\">\n<td>E<\/td>\n<td rowspan=\"5\">1\/3<\/td>\n<td rowspan=\"5\">1140<\/td>\n<td>60<\/td>\n<td>1<\/td>\n<td>115<\/td>\n<td>3.02<\/td>\n<td>3.6<\/td>\n<td>324<\/td>\n<\/tr>\n<tr style=\"height: 29px;\">\n<td>F<\/td>\n<td>60<\/td>\n<td>1<\/td>\n<td>208-230<\/td>\n<td>1.42<\/td>\n<td>1.8<\/td>\n<td>312<\/td>\n<\/tr>\n<tr style=\"height: 29px;\">\n<td>G<\/td>\n<td>60<\/td>\n<td>3<\/td>\n<td>208-230<\/td>\n<td>1.21<\/td>\n<td>1.4<\/td>\n<td>308<\/td>\n<\/tr>\n<tr style=\"height: 29px;\">\n<td>H<\/td>\n<td>60<\/td>\n<td>3<\/td>\n<td>460<\/td>\n<td>0.59<\/td>\n<td>0.7<\/td>\n<td>312<\/td>\n<\/tr>\n<tr style=\"height: 30px;\">\n<td>I<\/td>\n<td>60<\/td>\n<td>3<\/td>\n<td>575<\/td>\n<td>0.48<\/td>\n<td>0.56<\/td>\n<td>320<\/td>\n<\/tr>\n<\/tbody>\n<\/table>\n<\/div><\/div><div class=\"w-separator size_custom\" style=\"height:15px\"><\/div><div class=\"wpb_text_column\" ><div class=\"wpb_wrapper\"><ul>\n<li>Otros voltios y fases est\u00e1n disponibles bajo petici\u00f3n.<\/li>\n<li>Los datos 50Hz est\u00e1n disponibles bajo petici\u00f3n.<\/li>\n<\/ul>\n<\/div><\/div><\/div><\/div><\/div><\/div><\/div><\/section><section class=\"l-section wpb_row height_small\"><div class=\"l-section-h i-cf\"><div class=\"g-cols vc_row type_default valign_top\"><div class=\"vc_col-sm-12 vc_col-lg-12 wpb_column vc_column_container\"><div class=\"vc_column-inner\"><div class=\"wpb_wrapper\"><div class=\"wpb_text_column\" ><div class=\"wpb_wrapper\"><table class=\"hee\" style=\"border-collapse: collapse;\" border=\"1\" width=\"100%\">\n<tbody>\n<tr>\n<td bgcolor=\"#000000\"><span style=\"color: #ffffff;\">HP<\/span><\/td>\n<td bgcolor=\"#006699\"><span style=\"color: #ffffff;\">RPM<\/span><\/td>\n<td bgcolor=\"#006699\"><span style=\"color: #ffffff;\">Flujo de aire (\u33a5 \/sec)<\/span><\/td>\n<td bgcolor=\"#006699\"><span style=\"color: #ffffff;\">CFM<\/span><\/td>\n<td bgcolor=\"#006699\"><span style=\"color: #ffffff;\">dBA<\/span><\/td>\n<td bgcolor=\"#006699\"><span style=\"color: #ffffff;\">Hz<\/span><\/td>\n<\/tr>\n<tr>\n<td>1\/8<\/td>\n<td>850<\/td>\n<td>2.45<\/td>\n<td>5250<\/td>\n<td>50.9<\/td>\n<td>60<\/td>\n<\/tr>\n<tr>\n<td>1\/3<\/td>\n<td>1140<\/td>\n<td>3.45<\/td>\n<td>7400<\/td>\n<td>61.6<\/td>\n<td>60<\/td>\n<\/tr>\n<\/tbody>\n<\/table>\n<\/div><\/div><div class=\"w-separator size_custom\" style=\"height:15px\"><\/div><div class=\"wpb_text_column\" ><div class=\"wpb_wrapper\"><ul>\n<li>CFM real [\u33a5\/s] como medido del lado de descarga de un transformador.<\/li>\n<li>dBA en 6&#8242;[1.83 m] desde el per\u00edmetro del ventilador al aire libre.<\/li>\n<li>IP54, IP55, IP65<\/li>\n<\/ul>\n<\/div><\/div><\/div><\/div><\/div><\/div><\/div><\/section><section class=\"l-section wpb_row height_small\"><div class=\"l-section-h i-cf\"><div class=\"g-cols vc_row type_default valign_top\"><div class=\"vc_col-sm-12 wpb_column vc_column_container\"><div class=\"vc_column-inner\"><div class=\"wpb_wrapper\"><div class=\"w-separator size_custom\" style=\"height:32px\"><\/div><\/div><\/div><\/div><\/div><\/div><\/section>\n","protected":false},"excerpt":{"rendered":"KP0707(26\u2033)\u00a0Ventilador de Refrigeraci\u00f3n Instalado en cualquier posici\u00f3n con las herramientas de montaje o el ojo de sujeci\u00f3n del protector del ventilador. OSHA Fan guards &amp; Hot dip galvanizing guards. Aspas del ventilador de una sola pieza en aluminio fundido. \u00a0Especificaciones Modelo HP RPM Hz Fase Tensi\u00f3n Amperios de funcionamiento Amperios a plena carga Vatios A...","protected":false},"author":1,"featured_media":0,"parent":0,"menu_order":0,"comment_status":"closed","ping_status":"closed","template":"","meta":[],"_links":{"self":[{"href":"https:\/\/www.swindustry.com\/es\/wp-json\/wp\/v2\/pages\/418"}],"collection":[{"href":"https:\/\/www.swindustry.com\/es\/wp-json\/wp\/v2\/pages"}],"about":[{"href":"https:\/\/www.swindustry.com\/es\/wp-json\/wp\/v2\/types\/page"}],"author":[{"embeddable":true,"href":"https:\/\/www.swindustry.com\/es\/wp-json\/wp\/v2\/users\/1"}],"replies":[{"embeddable":true,"href":"https:\/\/www.swindustry.com\/es\/wp-json\/wp\/v2\/comments?post=418"}],"version-history":[{"count":4,"href":"https:\/\/www.swindustry.com\/es\/wp-json\/wp\/v2\/pages\/418\/revisions"}],"predecessor-version":[{"id":1233,"href":"https:\/\/www.swindustry.com\/es\/wp-json\/wp\/v2\/pages\/418\/revisions\/1233"}],"wp:attachment":[{"href":"https:\/\/www.swindustry.com\/es\/wp-json\/wp\/v2\/media?parent=418"}],"curies":[{"name":"wp","href":"https:\/\/api.w.org\/{rel}","templated":true}]}}