{"id":422,"date":"2018-09-04T16:39:15","date_gmt":"2018-09-04T07:39:15","guid":{"rendered":"http:\/\/www.swindustry.com\/es\/?page_id=422"},"modified":"2019-03-11T02:15:32","modified_gmt":"2019-03-10T17:15:32","slug":"flush-mount-hardware","status":"publish","type":"page","link":"https:\/\/www.swindustry.com\/es\/flush-mount-hardware\/","title":{"rendered":"Soporte de montaje enrasado"},"content":{"rendered":"<section class=\"l-section wpb_row height_small\"><div class=\"l-section-h i-cf\"><div class=\"g-cols vc_row type_default valign_top\"><div class=\"vc_col-sm-12 wpb_column vc_column_container\"><div class=\"vc_column-inner\"><div class=\"wpb_wrapper\"><div class=\"wpb_text_column\" ><div class=\"wpb_wrapper\"><blockquote>\n<h1><strong><span style=\"color: #ee6c00;\">Soporte de montaje <\/span>enrasado<\/strong><\/h1>\n<\/blockquote>\n<\/div><\/div><\/div><\/div><\/div><\/div><\/div><\/section><section class=\"l-section wpb_row height_small\"><div class=\"l-section-h i-cf\"><div class=\"g-cols vc_row type_default valign_top\"><div class=\"vc_col-sm-6 wpb_column vc_column_container\"><div class=\"vc_column-inner\"><div class=\"wpb_wrapper\"><div class=\"w-separator size_custom\" style=\"height:15px\"><\/div><div class=\"wpb_text_column\" ><div class=\"wpb_wrapper\"><p style=\"text-align: justify;\">El soporte de montaje enrasado se adapta a casi todos los tipos y tama\u00f1os del transformador de los radiadores y est\u00e1 dise\u00f1ado para una r\u00e1pida y f\u00e1cil instalaci\u00f3n <em>in situ<\/em>.<\/p>\n<p style=\"text-align: justify;\">La instalaci\u00f3n del transformador de montaje enrasado del ventilador es el m\u00e9todo de montaje m\u00e1s eficiente para ventiladores horizontales en panel o radiadores con tubos.<\/p>\n<p style=\"text-align: justify;\">El set de soporte de montaje enrasado incluye todas las herramientas para cualquier tipo de instalaci\u00f3n de ventiladores.<\/p>\n<\/div><\/div><\/div><\/div><\/div><div class=\"vc_col-sm-6 wpb_column vc_column_container\"><div class=\"vc_column-inner\"><div class=\"wpb_wrapper\"><div class=\"w-image align_center\"><a href=\"https:\/\/www.swindustry.com\/es\/wp-content\/uploads\/2018\/09\/FlushMountHardware01.gif\" ref=\"magnificPopup\" aria-label=\"Enlace\" class=\"w-image-h\"><img width=\"320\" height=\"290\" src=\"https:\/\/www.swindustry.com\/es\/wp-content\/uploads\/2018\/09\/FlushMountHardware01.gif\" class=\"attachment-us_320_0 size-us_320_0\" alt=\"\" loading=\"lazy\" \/><\/a><\/div><\/div><\/div><\/div><\/div><\/div><\/section><section class=\"l-section wpb_row height_small\"><div class=\"l-section-h i-cf\"><div class=\"g-cols vc_row type_default valign_top\"><div class=\"vc_col-sm-6 wpb_column vc_column_container\"><div class=\"vc_column-inner\"><div class=\"wpb_wrapper\"><div class=\"w-separator size_custom\" style=\"height:20px\"><\/div><div class=\"w-image align_center\"><a href=\"https:\/\/www.swindustry.com\/es\/wp-content\/uploads\/2018\/09\/FlushMountHardware02.gif\" ref=\"magnificPopup\" aria-label=\"Enlace\" class=\"w-image-h\"><img width=\"320\" height=\"155\" src=\"https:\/\/www.swindustry.com\/es\/wp-content\/uploads\/2018\/09\/FlushMountHardware02.gif\" class=\"attachment-us_320_0 size-us_320_0\" alt=\"\" loading=\"lazy\" \/><\/a><\/div><div class=\"wpb_text_column\" ><div class=\"wpb_wrapper\"><ul>\n<li>La personalizaci\u00f3n de los tama\u00f1os est\u00e1 disponible bajo petici\u00f3n. (Longitud est\u00e1ndar : 550mm)<\/li>\n<\/ul>\n<\/div><\/div><\/div><\/div><\/div><div class=\"vc_col-sm-6 wpb_column vc_column_container\"><div class=\"vc_column-inner\"><div class=\"wpb_wrapper\"><div class=\"w-image align_center\"><a href=\"https:\/\/www.swindustry.com\/es\/wp-content\/uploads\/2018\/09\/FlushMountHardware03.gif\" ref=\"magnificPopup\" aria-label=\"Enlace\" class=\"w-image-h\"><img width=\"320\" height=\"248\" src=\"https:\/\/www.swindustry.com\/es\/wp-content\/uploads\/2018\/09\/FlushMountHardware03.gif\" class=\"attachment-us_320_0 size-us_320_0\" alt=\"\" loading=\"lazy\" \/><\/a><\/div><\/div><\/div><\/div><\/div><\/div><\/section><section class=\"l-section wpb_row height_small\"><div class=\"l-section-h i-cf\"><div class=\"g-cols vc_row type_default valign_top\"><div class=\"vc_col-sm-12 wpb_column vc_column_container\"><div class=\"vc_column-inner\"><div class=\"wpb_wrapper\"><div class=\"wpb_text_column\" ><div class=\"wpb_wrapper\"><h5><i class=\"fas fa-arrow-circle-right\"><\/i>\u00a0Instrucciones de montaje<\/h5>\n<\/div><\/div><div class=\"wpb_text_column\" ><div class=\"wpb_wrapper\"><p style=\"padding-left: 10px;\">1. Inserte los pernos de rosca entre las aletas del radiador.<br \/>\n2. Monte las arandelas y las tuercas en el lado derecho.<br \/>\n3. Ajuste la posici\u00f3n de los ventiladores en la posici\u00f3n de los orificios de montaje en el lado izquierdo.<br \/>\n4. Fije el ventilador montando las arandelas y las tuercas en el lado izquierdo.<\/p>\n<\/div><\/div><div class=\"wpb_text_column\" ><div class=\"wpb_wrapper\"><ul>\n<li>El sentido del montaje del ventilador y el estado de funcionamiento puede ser modificado seg\u00fan las condiciones de trabajo.<\/li>\n<\/ul>\n<\/div><\/div><\/div><\/div><\/div><\/div><\/div><\/section><section class=\"l-section wpb_row height_small\"><div class=\"l-section-h i-cf\"><div class=\"g-cols vc_row type_default valign_top\"><div class=\"vc_col-sm-12 wpb_column vc_column_container\"><div class=\"vc_column-inner\"><div class=\"wpb_wrapper\"><div class=\"w-separator size_custom\" style=\"height:22px\"><\/div><\/div><\/div><\/div><\/div><\/div><\/section>\n","protected":false},"excerpt":{"rendered":"Soporte de montaje enrasado El soporte de montaje enrasado se adapta a casi todos los tipos y tama\u00f1os del transformador de los radiadores y est\u00e1 dise\u00f1ado para una r\u00e1pida y f\u00e1cil instalaci\u00f3n in situ. La instalaci\u00f3n del transformador de montaje enrasado del ventilador es el m\u00e9todo de montaje m\u00e1s eficiente para ventiladores horizontales en panel...","protected":false},"author":1,"featured_media":0,"parent":0,"menu_order":0,"comment_status":"closed","ping_status":"closed","template":"","meta":[],"_links":{"self":[{"href":"https:\/\/www.swindustry.com\/es\/wp-json\/wp\/v2\/pages\/422"}],"collection":[{"href":"https:\/\/www.swindustry.com\/es\/wp-json\/wp\/v2\/pages"}],"about":[{"href":"https:\/\/www.swindustry.com\/es\/wp-json\/wp\/v2\/types\/page"}],"author":[{"embeddable":true,"href":"https:\/\/www.swindustry.com\/es\/wp-json\/wp\/v2\/users\/1"}],"replies":[{"embeddable":true,"href":"https:\/\/www.swindustry.com\/es\/wp-json\/wp\/v2\/comments?post=422"}],"version-history":[{"count":3,"href":"https:\/\/www.swindustry.com\/es\/wp-json\/wp\/v2\/pages\/422\/revisions"}],"predecessor-version":[{"id":1182,"href":"https:\/\/www.swindustry.com\/es\/wp-json\/wp\/v2\/pages\/422\/revisions\/1182"}],"wp:attachment":[{"href":"https:\/\/www.swindustry.com\/es\/wp-json\/wp\/v2\/media?parent=422"}],"curies":[{"name":"wp","href":"https:\/\/api.w.org\/{rel}","templated":true}]}}