{"id":428,"date":"2018-09-04T16:44:24","date_gmt":"2018-09-04T07:44:24","guid":{"rendered":"http:\/\/www.swindustry.com\/es\/?page_id=428"},"modified":"2019-03-11T02:15:31","modified_gmt":"2019-03-10T17:15:31","slug":"n2-gas-seal-equipment","status":"publish","type":"page","link":"https:\/\/www.swindustry.com\/es\/n2-gas-seal-equipment\/","title":{"rendered":"N2 Equipo de cierre de gas"},"content":{"rendered":"<section class=\"l-section wpb_row height_small\"><div class=\"l-section-h i-cf\"><div class=\"g-cols vc_row type_default valign_top\"><div class=\"vc_col-sm-12 wpb_column vc_column_container\"><div class=\"vc_column-inner\"><div class=\"wpb_wrapper\"><div class=\"wpb_text_column\" ><div class=\"wpb_wrapper\"><blockquote>\n<h1><strong><span style=\"color: #ee6c00;\">N2<\/span>\u00a0Equipo de cierre de gas<br \/>\n<\/strong><span style=\"font-size: 18pt;\">(Sistemas de preservaci\u00f3n de aceite)<\/span><strong><br \/>\n<\/strong><\/h1>\n<\/blockquote>\n<\/div><\/div><div class=\"wpb_text_column\" ><div class=\"wpb_wrapper\"><p style=\"text-align: justify;\">El equipo de cierre de gas N2 es un dispositivo que contiene gas N2 dentro del dep\u00f3sito del transformador para evitar el deterioro del aceite aislante as\u00ed como bloquea el movimiento de ox\u00edgeno en el aceite aislante.<\/p>\n<p style=\"text-align: justify;\">Este dispositivo puede ajustar la presi\u00f3n del dep\u00f3sito y el grado de vac\u00edo resultante del cambio de la temperatura y de la carga en el interior del dep\u00f3sito. Adem\u00e1s, est\u00e1 construido en un armario impermeable.<\/p>\n<\/div><\/div><\/div><\/div><\/div><\/div><\/div><\/section><section class=\"l-section wpb_row height_small\"><div class=\"l-section-h i-cf\"><div class=\"g-cols vc_row type_default valign_top\"><div class=\"vc_col-sm-12 wpb_column vc_column_container\"><div class=\"vc_column-inner\"><div class=\"wpb_wrapper\"><div class=\"wpb_text_column\" ><div class=\"wpb_wrapper\"><h5><i class=\"fas fa-arrow-circle-right\"><\/i> KP1930<\/h5>\n<\/div><\/div><div class=\"g-cols wpb_row  type_default valign_top vc_inner\"><div class=\"vc_col-sm-6 wpb_column vc_column_container\"><div class=\"vc_column-inner\"><div class=\"wpb_wrapper\"><div class=\"w-image align_none\"><div class=\"w-image-h\"><img width=\"353\" height=\"413\" src=\"https:\/\/www.swindustry.com\/es\/wp-content\/uploads\/2018\/09\/product_KP1930.jpg\" class=\"attachment-full size-full\" alt=\"\" loading=\"lazy\" srcset=\"https:\/\/www.swindustry.com\/es\/wp-content\/uploads\/2018\/09\/product_KP1930.jpg 353w, https:\/\/www.swindustry.com\/es\/wp-content\/uploads\/2018\/09\/product_KP1930-256x300.jpg 256w\" sizes=\"(max-width: 353px) 100vw, 353px\" \/><\/div><\/div><\/div><\/div><\/div><div class=\"vc_col-sm-6 wpb_column vc_column_container\"><div class=\"vc_column-inner\"><div class=\"wpb_wrapper\"><div class=\"w-image align_none\"><a href=\"https:\/\/www.swindustry.com\/es\/wp-content\/uploads\/2018\/09\/drawing_KP1930-1.gif\" ref=\"magnificPopup\" aria-label=\"Enlace\" class=\"w-image-h\"><img width=\"757\" height=\"794\" src=\"https:\/\/www.swindustry.com\/es\/wp-content\/uploads\/2018\/09\/drawing_KP1930-1.gif\" class=\"attachment-full size-full\" alt=\"\" loading=\"lazy\" \/><\/a><\/div><\/div><\/div><\/div><\/div><\/div><\/div><\/div><\/div><\/div><\/section><section class=\"l-section wpb_row height_small\"><div class=\"l-section-h i-cf\"><div class=\"g-cols vc_row type_default valign_top\"><div class=\"vc_col-sm-12 wpb_column vc_column_container\"><div class=\"vc_column-inner\"><div class=\"wpb_wrapper\"><div class=\"wpb_text_column\" ><div class=\"wpb_wrapper\"><h5><i class=\"fas fa-arrow-circle-right\"><\/i> KP1931<\/h5>\n<\/div><\/div><div class=\"g-cols wpb_row  type_default valign_top vc_inner\"><div class=\"vc_col-sm-6 wpb_column vc_column_container\"><div class=\"vc_column-inner\"><div class=\"wpb_wrapper\"><div class=\"w-image align_none\"><div class=\"w-image-h\"><img width=\"384\" height=\"239\" src=\"https:\/\/www.swindustry.com\/es\/wp-content\/uploads\/2018\/09\/product_KP1931.jpg\" class=\"attachment-full size-full\" alt=\"\" loading=\"lazy\" srcset=\"https:\/\/www.swindustry.com\/es\/wp-content\/uploads\/2018\/09\/product_KP1931.jpg 384w, https:\/\/www.swindustry.com\/es\/wp-content\/uploads\/2018\/09\/product_KP1931-300x187.jpg 300w\" sizes=\"(max-width: 384px) 100vw, 384px\" \/><\/div><\/div><\/div><\/div><\/div><div class=\"vc_col-sm-6 wpb_column vc_column_container\"><div class=\"vc_column-inner\"><div class=\"wpb_wrapper\"><div class=\"w-image align_none\"><a href=\"https:\/\/www.swindustry.com\/es\/wp-content\/uploads\/2018\/09\/drawing_KP1931.gif\" ref=\"magnificPopup\" aria-label=\"Enlace\" class=\"w-image-h\"><img width=\"855\" height=\"577\" src=\"https:\/\/www.swindustry.com\/es\/wp-content\/uploads\/2018\/09\/drawing_KP1931.gif\" class=\"attachment-full size-full\" alt=\"\" loading=\"lazy\" \/><\/a><\/div><\/div><\/div><\/div><\/div><\/div><\/div><\/div><\/div><\/div><\/section><section class=\"l-section wpb_row height_small\"><div class=\"l-section-h i-cf\"><div class=\"g-cols vc_row type_default valign_top\"><div class=\"vc_col-sm-12 wpb_column vc_column_container\"><div class=\"vc_column-inner\"><div class=\"wpb_wrapper\"><div class=\"wpb_text_column\" ><div class=\"wpb_wrapper\"><h5><i class=\"fas fa-arrow-circle-right\"><\/i> KP1932<\/h5>\n<\/div><\/div><div class=\"g-cols wpb_row  type_default valign_top vc_inner\"><div class=\"vc_col-sm-6 wpb_column vc_column_container\"><div class=\"vc_column-inner\"><div class=\"wpb_wrapper\"><div class=\"w-image align_none\"><div class=\"w-image-h\"><img width=\"384\" height=\"293\" src=\"https:\/\/www.swindustry.com\/es\/wp-content\/uploads\/2018\/09\/product_KP1932.jpg\" class=\"attachment-full size-full\" alt=\"\" loading=\"lazy\" srcset=\"https:\/\/www.swindustry.com\/es\/wp-content\/uploads\/2018\/09\/product_KP1932.jpg 384w, https:\/\/www.swindustry.com\/es\/wp-content\/uploads\/2018\/09\/product_KP1932-300x229.jpg 300w\" sizes=\"(max-width: 384px) 100vw, 384px\" \/><\/div><\/div><\/div><\/div><\/div><div class=\"vc_col-sm-6 wpb_column vc_column_container\"><div class=\"vc_column-inner\"><div class=\"wpb_wrapper\"><div class=\"w-image align_none\"><a href=\"https:\/\/www.swindustry.com\/es\/wp-content\/uploads\/2018\/09\/drawing_KP1932.gif\" ref=\"magnificPopup\" aria-label=\"Enlace\" class=\"w-image-h\"><img width=\"916\" height=\"728\" src=\"https:\/\/www.swindustry.com\/es\/wp-content\/uploads\/2018\/09\/drawing_KP1932.gif\" class=\"attachment-full size-full\" alt=\"\" loading=\"lazy\" \/><\/a><\/div><\/div><\/div><\/div><\/div><div class=\"wpb_text_column\" ><div class=\"wpb_wrapper\"><ul>\n<li>El manual est\u00e1 disponible bajo petici\u00f3n.<\/li>\n<\/ul>\n<\/div><\/div><\/div><\/div><\/div><\/div><\/div><\/section><section class=\"l-section wpb_row height_small\"><div class=\"l-section-h i-cf\"><div class=\"g-cols vc_row type_default valign_top\"><div class=\"vc_col-sm-12 wpb_column vc_column_container\"><div class=\"vc_column-inner\"><div class=\"wpb_wrapper\"><div class=\"w-separator size_custom\" style=\"height:32px\"><\/div><\/div><\/div><\/div><\/div><\/div><\/section>\n","protected":false},"excerpt":{"rendered":"N2\u00a0Equipo de cierre de gas (Sistemas de preservaci\u00f3n de aceite) El equipo de cierre de gas N2 es un dispositivo que contiene gas N2 dentro del dep\u00f3sito del transformador para evitar el deterioro del aceite aislante as\u00ed como bloquea el movimiento de ox\u00edgeno en el aceite aislante. Este dispositivo puede ajustar la presi\u00f3n del dep\u00f3sito...","protected":false},"author":1,"featured_media":0,"parent":0,"menu_order":0,"comment_status":"closed","ping_status":"closed","template":"","meta":[],"_links":{"self":[{"href":"https:\/\/www.swindustry.com\/es\/wp-json\/wp\/v2\/pages\/428"}],"collection":[{"href":"https:\/\/www.swindustry.com\/es\/wp-json\/wp\/v2\/pages"}],"about":[{"href":"https:\/\/www.swindustry.com\/es\/wp-json\/wp\/v2\/types\/page"}],"author":[{"embeddable":true,"href":"https:\/\/www.swindustry.com\/es\/wp-json\/wp\/v2\/users\/1"}],"replies":[{"embeddable":true,"href":"https:\/\/www.swindustry.com\/es\/wp-json\/wp\/v2\/comments?post=428"}],"version-history":[{"count":4,"href":"https:\/\/www.swindustry.com\/es\/wp-json\/wp\/v2\/pages\/428\/revisions"}],"predecessor-version":[{"id":1179,"href":"https:\/\/www.swindustry.com\/es\/wp-json\/wp\/v2\/pages\/428\/revisions\/1179"}],"wp:attachment":[{"href":"https:\/\/www.swindustry.com\/es\/wp-json\/wp\/v2\/media?parent=428"}],"curies":[{"name":"wp","href":"https:\/\/api.w.org\/{rel}","templated":true}]}}