{"id":430,"date":"2018-09-04T16:44:58","date_gmt":"2018-09-04T07:44:58","guid":{"rendered":"http:\/\/www.swindustry.com\/es\/?page_id=430"},"modified":"2021-02-15T10:47:57","modified_gmt":"2021-02-15T01:47:57","slug":"oil-purifier","status":"publish","type":"page","link":"https:\/\/www.swindustry.com\/es\/oil-purifier\/","title":{"rendered":"Purificador de aceite"},"content":{"rendered":"<section class=\"l-section wpb_row height_small\"><div class=\"l-section-h i-cf\"><div class=\"g-cols vc_row type_default valign_top\"><div class=\"vc_col-sm-12 wpb_column vc_column_container\"><div class=\"vc_column-inner\"><div class=\"wpb_wrapper\"><div class=\"wpb_text_column\" ><div class=\"wpb_wrapper\"><blockquote>\n<h1><strong><span style=\"color: #ee6c00;\">Asociaci\u00f3n<\/span><\/strong><span style=\"font-size: 18pt;\">(Cooperativa)<\/span><strong> de productos para venta<\/strong><\/h1>\n<\/blockquote>\n<\/div><\/div><\/div><\/div><\/div><\/div><\/div><\/section><section class=\"l-section wpb_row height_small\"><div class=\"l-section-h i-cf\"><div class=\"g-cols vc_row type_default valign_top\"><div class=\"vc_col-sm-12 wpb_column vc_column_container\"><div class=\"vc_column-inner\"><div class=\"wpb_wrapper\"><div class=\"wpb_text_column\" ><div class=\"wpb_wrapper\"><h3><span style=\"color: #0d5ba8;\"><strong><i class=\"fas fa-chevron-circle-right\"><\/i>\u00a0Purificador de aceite<\/strong><\/span><\/h3>\n<\/div><\/div><div class=\"wpb_text_column\" ><div class=\"wpb_wrapper\"><h4><span style=\"color: #ffffff;\"><strong><span style=\"background-color: #000000;\">\u00a0Tipo de filtro para purificador de aceite\u00a0\u00a0<\/span><\/strong><\/span><span style=\"font-size: 12pt;\"> (La personalizaci\u00f3n del equipo est\u00e1 disponible bajo petici\u00f3n.)<\/span><\/h4>\n<\/div><\/div><div class=\"w-separator size_custom\" style=\"height:20px\"><\/div><div class=\"wpb_text_column\" ><div class=\"wpb_wrapper\"><p style=\"text-align: justify;\">Es un equipo que est\u00e1 dise\u00f1ado para purificar una peque\u00f1a cantidad del aceite del transformador con unos filtros especialmente desarrollados. El dispositivo es peque\u00f1o, lo que hace facilita su traslado y funcionamiento. Se puede instalar opcionalmente un calentador adicional de 5 kW calentador puede ser instalado para la opci\u00f3n.<\/p>\n<\/div><\/div><div class=\"w-separator size_custom\" style=\"height:20px\"><\/div><div class=\"g-cols wpb_row  type_default valign_top vc_inner\"><div class=\"vc_col-sm-4 wpb_column vc_column_container\"><div class=\"vc_column-inner\"><div class=\"wpb_wrapper\"><div class=\"w-image align_center animate_afb\"><div class=\"w-image-h\"><img width=\"267\" height=\"376\" src=\"https:\/\/www.swindustry.com\/es\/wp-content\/uploads\/2020\/12\/SKM25-12F.jpg\" class=\"attachment-full size-full\" alt=\"\" loading=\"lazy\" srcset=\"https:\/\/www.swindustry.com\/es\/wp-content\/uploads\/2020\/12\/SKM25-12F.jpg 267w, https:\/\/www.swindustry.com\/es\/wp-content\/uploads\/2020\/12\/SKM25-12F-213x300.jpg 213w\" sizes=\"(max-width: 267px) 100vw, 267px\" \/><\/div><\/div><div class=\"wpb_text_column us_custom_8ee21757\" ><div class=\"wpb_wrapper\"><p style=\"text-align: center;\">SKM25-12F<\/p>\n<\/div><\/div><\/div><\/div><\/div><div class=\"vc_col-sm-4 wpb_column vc_column_container\"><div class=\"vc_column-inner\"><div class=\"wpb_wrapper\"><div class=\"w-image align_center animate_afb\"><div class=\"w-image-h\"><img width=\"267\" height=\"376\" src=\"https:\/\/www.swindustry.com\/es\/wp-content\/uploads\/2020\/12\/SKM25-10F.jpg\" class=\"attachment-large size-large\" alt=\"\" loading=\"lazy\" srcset=\"https:\/\/www.swindustry.com\/es\/wp-content\/uploads\/2020\/12\/SKM25-10F.jpg 267w, https:\/\/www.swindustry.com\/es\/wp-content\/uploads\/2020\/12\/SKM25-10F-213x300.jpg 213w\" sizes=\"(max-width: 267px) 100vw, 267px\" \/><\/div><\/div><div class=\"wpb_text_column us_custom_8ee21757\" ><div class=\"wpb_wrapper\"><p style=\"text-align: center;\">SKM25-10F<\/p>\n<\/div><\/div><\/div><\/div><\/div><div class=\"vc_col-sm-4 wpb_column vc_column_container\"><div class=\"vc_column-inner\"><div class=\"wpb_wrapper\"><div class=\"w-image align_center animate_afb\"><div class=\"w-image-h\"><img width=\"267\" height=\"376\" src=\"https:\/\/www.swindustry.com\/es\/wp-content\/uploads\/2020\/12\/S212-RD.jpg\" class=\"attachment-full size-full\" alt=\"\" loading=\"lazy\" srcset=\"https:\/\/www.swindustry.com\/es\/wp-content\/uploads\/2020\/12\/S212-RD.jpg 267w, https:\/\/www.swindustry.com\/es\/wp-content\/uploads\/2020\/12\/S212-RD-213x300.jpg 213w\" sizes=\"(max-width: 267px) 100vw, 267px\" \/><\/div><\/div><div class=\"wpb_text_column us_custom_8ee21757\" ><div class=\"wpb_wrapper\"><p style=\"text-align: center;\">S212-RD<\/p>\n<\/div><\/div><\/div><\/div><\/div><\/div><div class=\"w-separator size_custom\" style=\"height:20px\"><\/div><div class=\"g-cols wpb_row  type_default valign_top vc_inner\"><div class=\"vc_col-sm-4 wpb_column vc_column_container\"><div class=\"vc_column-inner\"><div class=\"wpb_wrapper\"><div class=\"w-image align_center animate_afb\"><div class=\"w-image-h\"><img width=\"267\" height=\"376\" src=\"https:\/\/www.swindustry.com\/es\/wp-content\/uploads\/2020\/12\/S210-RD.jpg\" class=\"attachment-full size-full\" alt=\"\" loading=\"lazy\" srcset=\"https:\/\/www.swindustry.com\/es\/wp-content\/uploads\/2020\/12\/S210-RD.jpg 267w, https:\/\/www.swindustry.com\/es\/wp-content\/uploads\/2020\/12\/S210-RD-213x300.jpg 213w\" sizes=\"(max-width: 267px) 100vw, 267px\" \/><\/div><\/div><div class=\"wpb_text_column us_custom_8ee21757\" ><div class=\"wpb_wrapper\"><p style=\"text-align: center;\">S210-RD<\/p>\n<\/div><\/div><\/div><\/div><\/div><div class=\"vc_col-sm-4 wpb_column vc_column_container\"><div class=\"vc_column-inner\"><div class=\"wpb_wrapper\"><div class=\"w-image align_center animate_afb\"><div class=\"w-image-h\"><img width=\"267\" height=\"376\" src=\"https:\/\/www.swindustry.com\/es\/wp-content\/uploads\/2020\/12\/SCM-100.jpg\" class=\"attachment-full size-full\" alt=\"\" loading=\"lazy\" srcset=\"https:\/\/www.swindustry.com\/es\/wp-content\/uploads\/2020\/12\/SCM-100.jpg 267w, https:\/\/www.swindustry.com\/es\/wp-content\/uploads\/2020\/12\/SCM-100-213x300.jpg 213w\" sizes=\"(max-width: 267px) 100vw, 267px\" \/><\/div><\/div><div class=\"wpb_text_column us_custom_8ee21757\" ><div class=\"wpb_wrapper\"><p style=\"text-align: center;\">SCM-100<\/p>\n<\/div><\/div><\/div><\/div><\/div><div class=\"vc_col-sm-4 wpb_column vc_column_container\"><div class=\"vc_column-inner\"><div class=\"wpb_wrapper\"><div class=\"w-image align_center animate_afb\"><div class=\"w-image-h\"><img width=\"267\" height=\"376\" src=\"https:\/\/www.swindustry.com\/es\/wp-content\/uploads\/2020\/12\/SCM-60.jpg\" class=\"attachment-full size-full\" alt=\"\" loading=\"lazy\" srcset=\"https:\/\/www.swindustry.com\/es\/wp-content\/uploads\/2020\/12\/SCM-60.jpg 267w, https:\/\/www.swindustry.com\/es\/wp-content\/uploads\/2020\/12\/SCM-60-213x300.jpg 213w\" sizes=\"(max-width: 267px) 100vw, 267px\" \/><\/div><\/div><div class=\"wpb_text_column us_custom_8ee21757\" ><div class=\"wpb_wrapper\"><p style=\"text-align: center;\">SCM-60<\/p>\n<\/div><\/div><\/div><\/div><\/div><\/div><\/div><\/div><\/div><\/div><\/div><\/section><section class=\"l-section wpb_row height_small\"><div class=\"l-section-h i-cf\"><div class=\"g-cols vc_row type_default valign_top\"><div class=\"vc_col-sm-12 wpb_column vc_column_container\"><div class=\"vc_column-inner\"><div class=\"wpb_wrapper\"><div class=\"wpb_text_column\" ><div class=\"wpb_wrapper\"><h5><i class=\"fas fa-arrow-circle-right\"><\/i>\u00a0Especificaciones<\/h5>\n<\/div><\/div><div class=\"wpb_text_column\" ><div class=\"wpb_wrapper\"><table class=\"hee\" style=\"border-collapse: collapse; width: 100%;\" border=\"1\">\n<tbody>\n<tr>\n<td style=\"width: 27.8322%;\" bgcolor=\"#000000\"><span style=\"color: #ffffff;\">Modelo<\/span><\/td>\n<td style=\"width: 12.3077%;\" bgcolor=\"#006699\"><span style=\"color: #ffffff;\">SKM25-12F<\/span><\/td>\n<td style=\"width: 12.4476%;\" bgcolor=\"#006699\"><span style=\"color: #ffffff;\">SKM25-10F<\/span><\/td>\n<td style=\"width: 11.7483%;\" bgcolor=\"#006699\"><span style=\"color: #ffffff;\">S212-RD<\/span><\/td>\n<td style=\"width: 11.7483%;\" bgcolor=\"#006699\"><span style=\"color: #ffffff;\">S210-RD<\/span><\/td>\n<td style=\"width: 11.8881%;\" bgcolor=\"#006699\"><span style=\"color: #ffffff;\">SCM-100<\/span><\/td>\n<td style=\"width: 11.8881%;\" bgcolor=\"#006699\"><span style=\"color: #ffffff;\">SCM-60<\/span><\/td>\n<\/tr>\n<tr>\n<td style=\"width: 27.8322%;\">Capacidad<\/td>\n<td style=\"width: 12.3077%;\">2500\u2113\/hr<\/td>\n<td style=\"width: 12.4476%;\">1920\u2113\/hr<\/td>\n<td style=\"width: 11.7483%;\">1260\u2113\/hr<\/td>\n<td style=\"width: 11.7483%;\">760\u2113\/hr<\/td>\n<td style=\"width: 11.8881%;\">6000\u2113\/hr<\/td>\n<td style=\"width: 11.8881%;\">2600\u2113\/hr<\/td>\n<\/tr>\n<tr>\n<td style=\"width: 27.8322%;\">Trabajando \/ Max. Presi\u00f3n<\/td>\n<td style=\"width: 12.3077%;\">3bar\/6bar<\/td>\n<td style=\"width: 12.4476%;\">3bar\/6bar<\/td>\n<td style=\"width: 11.7483%;\">3bar\/6bar<\/td>\n<td style=\"width: 11.7483%;\">3bar\/6bar<\/td>\n<td style=\"width: 11.8881%;\">3bar\/6bar<\/td>\n<td style=\"width: 11.8881%;\">3bar\/5bar<\/td>\n<\/tr>\n<tr>\n<td style=\"width: 27.8322%;\">Cantidad de filtro<\/td>\n<td style=\"width: 12.3077%;\">12pcs<\/td>\n<td style=\"width: 12.4476%;\">10pcs<\/td>\n<td style=\"width: 11.7483%;\">6pcs<\/td>\n<td style=\"width: 11.7483%;\">4pcs<\/td>\n<td style=\"width: 11.8881%;\">1pc<\/td>\n<td style=\"width: 11.8881%;\">1pc<\/td>\n<\/tr>\n<tr>\n<td style=\"width: 27.8322%;\">Nivel limpio<\/td>\n<td style=\"width: 12.3077%;\">NAS grado<br \/>\n5~7<\/td>\n<td style=\"width: 12.4476%;\">NAS grado<br \/>\n5~7<\/td>\n<td style=\"width: 11.7483%;\">NAS grado<br \/>\n5~7<\/td>\n<td style=\"width: 11.7483%;\">NAS grado<br \/>\n5~7<\/td>\n<td style=\"width: 11.8881%;\">NAS grado<br \/>\n5~7<\/td>\n<td style=\"width: 11.8881%;\">NAS grado<br \/>\n6~8<\/td>\n<\/tr>\n<tr>\n<td style=\"width: 27.8322%;\">Nivel de humedad<\/td>\n<td style=\"width: 12.3077%;\">100ppm<\/td>\n<td style=\"width: 12.4476%;\">100ppm<\/td>\n<td style=\"width: 11.7483%;\">100ppm<\/td>\n<td style=\"width: 11.7483%;\">100ppm<\/td>\n<td style=\"width: 11.8881%;\">&#8211;<\/td>\n<td style=\"width: 11.8881%;\">&#8211;<\/td>\n<\/tr>\n<tr>\n<td style=\"width: 27.8322%;\">Filtro de humedad<\/td>\n<td style=\"width: 12.3077%;\">Okay<\/td>\n<td style=\"width: 12.4476%;\">Okay<\/td>\n<td style=\"width: 11.7483%;\">None<\/td>\n<td style=\"width: 11.7483%;\">None<\/td>\n<td style=\"width: 11.8881%;\">None<\/td>\n<td style=\"width: 11.8881%;\">None<\/td>\n<\/tr>\n<tr>\n<td style=\"width: 27.8322%;\">In &amp; Out Dia.<\/td>\n<td style=\"width: 12.3077%;\">Rc 1<\/td>\n<td style=\"width: 12.4476%;\">Rc 1<\/td>\n<td style=\"width: 11.7483%;\">Rc 3\/4<\/td>\n<td style=\"width: 11.7483%;\">Rc 3\/4<\/td>\n<td style=\"width: 11.8881%;\">Rc 1 1\/4<\/td>\n<td style=\"width: 11.8881%;\">Rc 1<\/td>\n<\/tr>\n<tr>\n<td style=\"width: 27.8322%;\">Funci\u00f3n de la bomba<\/td>\n<td style=\"width: 12.3077%;\">Opci\u00f3n<\/td>\n<td style=\"width: 12.4476%;\">Opci\u00f3n<\/td>\n<td style=\"width: 11.7483%;\">Opci\u00f3n<\/td>\n<td style=\"width: 11.7483%;\">Opci\u00f3n<\/td>\n<td style=\"width: 11.8881%;\">Opci\u00f3n<\/td>\n<td style=\"width: 11.8881%;\">Opci\u00f3n<\/td>\n<\/tr>\n<tr>\n<td style=\"width: 27.8322%;\">Funci\u00f3n de alarma<\/td>\n<td style=\"width: 12.3077%;\">Okay<\/td>\n<td style=\"width: 12.4476%;\">Okay<\/td>\n<td style=\"width: 11.7483%;\">Okay<\/td>\n<td style=\"width: 11.7483%;\">Okay<\/td>\n<td style=\"width: 11.8881%;\">Okay<\/td>\n<td style=\"width: 11.8881%;\">Okay<\/td>\n<\/tr>\n<tr>\n<td style=\"width: 27.8322%;\">Funci\u00f3n de seguridad<\/td>\n<td style=\"width: 12.3077%;\">Okay<\/td>\n<td style=\"width: 12.4476%;\">Okay<\/td>\n<td style=\"width: 11.7483%;\">Okay<\/td>\n<td style=\"width: 11.7483%;\">Okay<\/td>\n<td style=\"width: 11.8881%;\">Okay<\/td>\n<td style=\"width: 11.8881%;\">Okay<\/td>\n<\/tr>\n<tr>\n<td style=\"width: 27.8322%;\">Capacidad del tanque<\/td>\n<td style=\"width: 12.3077%;\">10,000\u2113<\/td>\n<td style=\"width: 12.4476%;\">8,000\u2113<\/td>\n<td style=\"width: 11.7483%;\">6,000\u2113<\/td>\n<td style=\"width: 11.7483%;\">4,000\u2113<\/td>\n<td style=\"width: 11.8881%;\">15,000\u2113<\/td>\n<td style=\"width: 11.8881%;\">8,000\u2113<\/td>\n<\/tr>\n<tr>\n<td style=\"width: 27.8322%;\">Filtro de entrada<\/td>\n<td style=\"width: 12.3077%;\">80mesh<\/td>\n<td style=\"width: 12.4476%;\">80mesh<\/td>\n<td style=\"width: 11.7483%;\">80mesh<\/td>\n<td style=\"width: 11.7483%;\">80mesh<\/td>\n<td style=\"width: 11.8881%;\">80mesh<\/td>\n<td style=\"width: 11.8881%;\">80mesh<\/td>\n<\/tr>\n<\/tbody>\n<\/table>\n<\/div><\/div><\/div><\/div><\/div><\/div><\/div><\/section><section class=\"l-section wpb_row height_small\"><div class=\"l-section-h i-cf\"><div class=\"g-cols vc_row type_default valign_top\"><div class=\"vc_col-sm-12 wpb_column vc_column_container\"><div class=\"vc_column-inner\"><div class=\"wpb_wrapper\"><div class=\"wpb_text_column\" ><div class=\"wpb_wrapper\"><h4><span style=\"color: #ffffff;\"><strong><span style=\"background-color: #000000;\">\u00a0Purificador de aceite por termovac\u00edo\u00a0<\/span><\/strong><\/span><span style=\"font-size: 12pt;\">(La personalizaci\u00f3n del equipo est\u00e1 disponible bajo petici\u00f3n.)<\/span><\/h4>\n<\/div><\/div><div class=\"w-separator size_custom\" style=\"height:20px\"><\/div><div class=\"g-cols wpb_row  type_default valign_top vc_inner\"><div class=\"vc_col-sm-6 wpb_column vc_column_container\"><div class=\"vc_column-inner\"><div class=\"wpb_wrapper\"><div class=\"w-image align_none\"><div class=\"w-image-h\"><img width=\"584\" height=\"413\" src=\"https:\/\/www.swindustry.com\/es\/wp-content\/uploads\/2018\/09\/product_Oil-Purifier01.jpg\" class=\"attachment-full size-full\" alt=\"\" loading=\"lazy\" srcset=\"https:\/\/www.swindustry.com\/es\/wp-content\/uploads\/2018\/09\/product_Oil-Purifier01.jpg 584w, https:\/\/www.swindustry.com\/es\/wp-content\/uploads\/2018\/09\/product_Oil-Purifier01-300x212.jpg 300w\" sizes=\"(max-width: 584px) 100vw, 584px\" \/><\/div><\/div><\/div><\/div><\/div><div class=\"vc_col-sm-6 wpb_column vc_column_container\"><div class=\"vc_column-inner\"><div class=\"wpb_wrapper\"><div class=\"w-image align_none\"><div class=\"w-image-h\"><img width=\"584\" height=\"413\" src=\"https:\/\/www.swindustry.com\/es\/wp-content\/uploads\/2018\/09\/product_Oil-Purifier02.jpg\" class=\"attachment-full size-full\" alt=\"\" loading=\"lazy\" srcset=\"https:\/\/www.swindustry.com\/es\/wp-content\/uploads\/2018\/09\/product_Oil-Purifier02.jpg 584w, https:\/\/www.swindustry.com\/es\/wp-content\/uploads\/2018\/09\/product_Oil-Purifier02-300x212.jpg 300w\" sizes=\"(max-width: 584px) 100vw, 584px\" \/><\/div><\/div><\/div><\/div><\/div><\/div><div class=\"w-separator size_custom\" style=\"height:20px\"><\/div><div class=\"wpb_text_column\" ><div class=\"wpb_wrapper\"><p style=\"text-align: justify;\">Es un equipo que est\u00e1 dise\u00f1ado para aumentar la calidad del aceite del transformador mediante la eliminaci\u00f3n de los residuos, la humedad y el gas en el interior del aceite, como el equipo que desgasifica y deshidrata el aceite del transformador en un estado de aspiraci\u00f3n elevada.<br \/>\nLos seis tipos de gases que se producen en el aceite del transformador se eliminan por este equipo especial para conseguir un mejor estado del aceite. Se puede purificar el aceite a granel del transformador con varias opciones de capacidad (2000 ~ 12000 litros\/h).<\/p>\n<\/div><\/div><div class=\"w-separator size_custom\" style=\"height:20px\"><\/div><div class=\"g-cols wpb_row  type_default valign_top vc_inner\"><div class=\"vc_col-sm-4 wpb_column vc_column_container\"><div class=\"vc_column-inner\"><div class=\"wpb_wrapper\"><div class=\"w-image align_none\"><div class=\"w-image-h\"><img width=\"584\" height=\"413\" src=\"https:\/\/www.swindustry.com\/es\/wp-content\/uploads\/2018\/09\/product_Oil-Purifier06.jpg\" class=\"attachment-full size-full\" alt=\"\" loading=\"lazy\" srcset=\"https:\/\/www.swindustry.com\/es\/wp-content\/uploads\/2018\/09\/product_Oil-Purifier06.jpg 584w, https:\/\/www.swindustry.com\/es\/wp-content\/uploads\/2018\/09\/product_Oil-Purifier06-300x212.jpg 300w\" sizes=\"(max-width: 584px) 100vw, 584px\" \/><\/div><\/div><\/div><\/div><\/div><div class=\"vc_col-sm-4 wpb_column vc_column_container\"><div class=\"vc_column-inner\"><div class=\"wpb_wrapper\"><div class=\"w-image align_none\"><div class=\"w-image-h\"><img width=\"584\" height=\"413\" src=\"https:\/\/www.swindustry.com\/es\/wp-content\/uploads\/2018\/09\/product_Oil-Purifier07.jpg\" class=\"attachment-full size-full\" alt=\"\" loading=\"lazy\" srcset=\"https:\/\/www.swindustry.com\/es\/wp-content\/uploads\/2018\/09\/product_Oil-Purifier07.jpg 584w, https:\/\/www.swindustry.com\/es\/wp-content\/uploads\/2018\/09\/product_Oil-Purifier07-300x212.jpg 300w\" sizes=\"(max-width: 584px) 100vw, 584px\" \/><\/div><\/div><\/div><\/div><\/div><div class=\"vc_col-sm-4 wpb_column vc_column_container\"><div class=\"vc_column-inner\"><div class=\"wpb_wrapper\"><div class=\"w-image align_none\"><div class=\"w-image-h\"><img width=\"584\" height=\"413\" src=\"https:\/\/www.swindustry.com\/es\/wp-content\/uploads\/2018\/09\/product_Oil-Purifier08.jpg\" class=\"attachment-full size-full\" alt=\"\" loading=\"lazy\" srcset=\"https:\/\/www.swindustry.com\/es\/wp-content\/uploads\/2018\/09\/product_Oil-Purifier08.jpg 584w, https:\/\/www.swindustry.com\/es\/wp-content\/uploads\/2018\/09\/product_Oil-Purifier08-300x212.jpg 300w\" sizes=\"(max-width: 584px) 100vw, 584px\" \/><\/div><\/div><\/div><\/div><\/div><\/div><div class=\"w-separator size_custom\" style=\"height:20px\"><\/div><div class=\"g-cols wpb_row  type_default valign_top vc_inner\"><div class=\"vc_col-sm-4 wpb_column vc_column_container\"><div class=\"vc_column-inner\"><div class=\"wpb_wrapper\"><div class=\"w-image align_none\"><div class=\"w-image-h\"><img width=\"384\" height=\"413\" src=\"https:\/\/www.swindustry.com\/es\/wp-content\/uploads\/2018\/09\/product_Oil-Purifier05.jpg\" class=\"attachment-full size-full\" alt=\"\" loading=\"lazy\" srcset=\"https:\/\/www.swindustry.com\/es\/wp-content\/uploads\/2018\/09\/product_Oil-Purifier05.jpg 384w, https:\/\/www.swindustry.com\/es\/wp-content\/uploads\/2018\/09\/product_Oil-Purifier05-279x300.jpg 279w\" sizes=\"(max-width: 384px) 100vw, 384px\" \/><\/div><\/div><\/div><\/div><\/div><div class=\"vc_col-sm-4 wpb_column vc_column_container\"><div class=\"vc_column-inner\"><div class=\"wpb_wrapper\"><div class=\"w-image align_none\"><div class=\"w-image-h\"><img width=\"384\" height=\"413\" src=\"https:\/\/www.swindustry.com\/es\/wp-content\/uploads\/2018\/09\/product_Oil-Purifier04.jpg\" class=\"attachment-full size-full\" alt=\"\" loading=\"lazy\" srcset=\"https:\/\/www.swindustry.com\/es\/wp-content\/uploads\/2018\/09\/product_Oil-Purifier04.jpg 384w, https:\/\/www.swindustry.com\/es\/wp-content\/uploads\/2018\/09\/product_Oil-Purifier04-279x300.jpg 279w\" sizes=\"(max-width: 384px) 100vw, 384px\" \/><\/div><\/div><\/div><\/div><\/div><div class=\"vc_col-sm-4 wpb_column vc_column_container\"><div class=\"vc_column-inner\"><div class=\"wpb_wrapper\"><div class=\"w-image align_none\"><div class=\"w-image-h\"><img width=\"384\" height=\"413\" src=\"https:\/\/www.swindustry.com\/es\/wp-content\/uploads\/2018\/09\/product_Oil-Purifier05.jpg\" class=\"attachment-full size-full\" alt=\"\" loading=\"lazy\" srcset=\"https:\/\/www.swindustry.com\/es\/wp-content\/uploads\/2018\/09\/product_Oil-Purifier05.jpg 384w, https:\/\/www.swindustry.com\/es\/wp-content\/uploads\/2018\/09\/product_Oil-Purifier05-279x300.jpg 279w\" sizes=\"(max-width: 384px) 100vw, 384px\" \/><\/div><\/div><\/div><\/div><\/div><\/div><\/div><\/div><\/div><\/div><\/div><\/section><section class=\"l-section wpb_row height_small\"><div class=\"l-section-h i-cf\"><div class=\"g-cols vc_row type_default valign_top\"><div class=\"vc_col-sm-12 wpb_column vc_column_container\"><div class=\"vc_column-inner\"><div class=\"wpb_wrapper\"><div class=\"wpb_text_column\" ><div class=\"wpb_wrapper\"><h5><i class=\"fas fa-arrow-circle-right\"><\/i>\u00a0Especificaciones<\/h5>\n<\/div><\/div><div class=\"wpb_text_column\" ><div class=\"wpb_wrapper\"><table class=\"hee\" style=\"border-collapse: collapse;\" border=\"1\">\n<tbody>\n<tr>\n<td colspan=\"2\" bgcolor=\"#000000\"><span style=\"color: #ffffff;\">Modelo<\/span><\/td>\n<td bgcolor=\"#006699\"><span style=\"color: #ffffff;\">ISP-2000<\/span><\/td>\n<td bgcolor=\"#006699\"><span style=\"color: #ffffff;\">ISP-3000<\/span><\/td>\n<td bgcolor=\"#006699\"><span style=\"color: #ffffff;\">ISP-4000<\/span><\/td>\n<td bgcolor=\"#006699\"><span style=\"color: #ffffff;\">ISP-6000<\/span><\/td>\n<td bgcolor=\"#006699\"><span style=\"color: #ffffff;\">ISP-8000<\/span><\/td>\n<td bgcolor=\"#006699\"><span style=\"color: #ffffff;\">ISP-10000<\/span><\/td>\n<\/tr>\n<tr>\n<td colspan=\"2\">CAPACIDAD<\/td>\n<td>2000\u2113\/hr<\/td>\n<td>3000\u2113\/hr<\/td>\n<td>4000\u2113\/hr<\/td>\n<td>6000\u2113\/hr<\/td>\n<td>8000\u2113\/hr<\/td>\n<td>10000\u2113\/hr<\/td>\n<\/tr>\n<tr>\n<td colspan=\"2\">CONSUMO DE ENERG\u00cdA MAX.<\/td>\n<td>40kW<\/td>\n<td>50kW<\/td>\n<td>60kW<\/td>\n<td>90kW<\/td>\n<td>105kW<\/td>\n<td>135kW<\/td>\n<\/tr>\n<tr>\n<td colspan=\"2\">ENERG\u00cdA EL\u00c9CTRICA<\/td>\n<td colspan=\"6\">Especificaci\u00f3n del cliente<\/td>\n<\/tr>\n<tr>\n<td rowspan=\"2\">CALENTADOR<\/td>\n<td>CAPACIDAD<\/td>\n<td>30kW<\/td>\n<td>40kW<\/td>\n<td>50kW<\/td>\n<td>75kW<\/td>\n<td>90kW<\/td>\n<td>120kW<\/td>\n<\/tr>\n<tr>\n<td>CONTROL<\/td>\n<td colspan=\"6\">S.C.R<\/td>\n<\/tr>\n<tr>\n<td rowspan=\"2\">BOMBA DE TRANSFERENCIA<\/td>\n<td>SUCCI\u00d3N<\/td>\n<td colspan=\"3\">Vac\u00edo<\/td>\n<td colspan=\"2\">2.2kW<\/td>\n<td>3.7kW<\/td>\n<\/tr>\n<tr>\n<td>DESCARGA<\/td>\n<td colspan=\"4\">2.2kW<\/td>\n<td>3.7kW<\/td>\n<td>5.5kW<\/td>\n<\/tr>\n<tr>\n<td rowspan=\"3\">BOMBA DE VAC\u00cdO<\/td>\n<td>ACEITE ROTATIVO<\/td>\n<td colspan=\"3\">1600\u2113\/min<\/td>\n<td colspan=\"3\">4500\u2113\/min<\/td>\n<\/tr>\n<tr>\n<td>MEC\u00c1NICO<\/td>\n<td>&#8211;<\/td>\n<td>&#8211;<\/td>\n<td>300\u33a5\/hr<\/td>\n<td>600\u33a5\/hr<\/td>\n<td>600\u33a5\/hr<\/td>\n<td>800\u33a5\/hr<\/td>\n<\/tr>\n<tr>\n<td>PRENSA M\u00c1XIMA<\/td>\n<td colspan=\"6\">0.05Torr<\/td>\n<\/tr>\n<tr>\n<td colspan=\"2\">DE-AIREACI\u00d3N DEL DEP\u00d3SITO<\/td>\n<td>100\u2113<\/td>\n<td>150\u2113<\/td>\n<td>250\u2113<\/td>\n<td>400\u2113<\/td>\n<td>550\u2113<\/td>\n<td>700\u2113<\/td>\n<\/tr>\n<tr>\n<td colspan=\"2\">M\u00c9TODO DE FILTRACI\u00d3N<\/td>\n<td colspan=\"2\">1pc<\/td>\n<td>2pcs<\/td>\n<td colspan=\"3\">3pcs<\/td>\n<\/tr>\n<tr>\n<td colspan=\"2\">M\u00c9TODO DE ENFRIAMIENTO<\/td>\n<td colspan=\"6\">Refrigerado por aire<\/td>\n<\/tr>\n<tr>\n<td colspan=\"2\">NIVEL DE LIMPIEZA<\/td>\n<td colspan=\"6\">NAS grado 7~8<\/td>\n<\/tr>\n<tr>\n<td colspan=\"2\">NIVEL DE HUMEDAD<\/td>\n<td colspan=\"6\">3 ~ 5 ppm <i class=\"fas fa-arrow-down\"><\/i><\/td>\n<\/tr>\n<tr>\n<td colspan=\"2\">FUNCIONAMIENTO<\/td>\n<td colspan=\"6\">AUTOM\u00c1TICO\/SEMIAUTOM\u00c1TICO<\/td>\n<\/tr>\n<tr>\n<td colspan=\"2\">INSTALACI\u00d3N<\/td>\n<td colspan=\"2\">M\u00f3vil<\/td>\n<td colspan=\"4\">Fijo<\/td>\n<\/tr>\n<tr>\n<td colspan=\"2\">DIMENSI\u00d3N<\/td>\n<td>1700&#215;1700<br \/>\nx2000(H)<\/td>\n<td>1700&#215;1800<br \/>\nx2000(H)<\/td>\n<td>1900&#215;2000<br \/>\nx2200(H)<\/td>\n<td>1900&#215;2200<br \/>\nx2300(H)<\/td>\n<td>2200&#215;2400<br \/>\nx2400(H)<\/td>\n<td>2200&#215;2500<br \/>\nx2400(H)<\/td>\n<\/tr>\n<\/tbody>\n<\/table>\n<\/div><\/div><div class=\"w-separator size_custom\" style=\"height:15px\"><\/div><div class=\"wpb_text_column\" ><div class=\"wpb_wrapper\"><ul>\n<li>La dimensi\u00f3n y el peso puede modificarse seg\u00fan la solicitud del cliente.<\/li>\n<\/ul>\n<\/div><\/div><\/div><\/div><\/div><\/div><\/div><\/section><section class=\"l-section wpb_row height_small\"><div class=\"l-section-h i-cf\"><div class=\"g-cols vc_row type_default valign_top\"><div class=\"vc_col-sm-12 wpb_column vc_column_container\"><div class=\"vc_column-inner\"><div class=\"wpb_wrapper\"><div class=\"w-separator size_custom\" style=\"height:22px\"><\/div><\/div><\/div><\/div><\/div><\/div><\/section>\n","protected":false},"excerpt":{"rendered":"Asociaci\u00f3n(Cooperativa) de productos para venta \u00a0Purificador de aceite \u00a0Tipo de filtro para purificador de aceite\u00a0\u00a0 (La personalizaci\u00f3n del equipo est\u00e1 disponible bajo petici\u00f3n.) Es un equipo que est\u00e1 dise\u00f1ado para purificar una peque\u00f1a cantidad del aceite del transformador con unos filtros especialmente desarrollados. El dispositivo es peque\u00f1o, lo que hace facilita su traslado y funcionamiento....","protected":false},"author":1,"featured_media":0,"parent":0,"menu_order":0,"comment_status":"closed","ping_status":"closed","template":"","meta":[],"_links":{"self":[{"href":"https:\/\/www.swindustry.com\/es\/wp-json\/wp\/v2\/pages\/430"}],"collection":[{"href":"https:\/\/www.swindustry.com\/es\/wp-json\/wp\/v2\/pages"}],"about":[{"href":"https:\/\/www.swindustry.com\/es\/wp-json\/wp\/v2\/types\/page"}],"author":[{"embeddable":true,"href":"https:\/\/www.swindustry.com\/es\/wp-json\/wp\/v2\/users\/1"}],"replies":[{"embeddable":true,"href":"https:\/\/www.swindustry.com\/es\/wp-json\/wp\/v2\/comments?post=430"}],"version-history":[{"count":3,"href":"https:\/\/www.swindustry.com\/es\/wp-json\/wp\/v2\/pages\/430\/revisions"}],"predecessor-version":[{"id":1260,"href":"https:\/\/www.swindustry.com\/es\/wp-json\/wp\/v2\/pages\/430\/revisions\/1260"}],"wp:attachment":[{"href":"https:\/\/www.swindustry.com\/es\/wp-json\/wp\/v2\/media?parent=430"}],"curies":[{"name":"wp","href":"https:\/\/api.w.org\/{rel}","templated":true}]}}