{"id":432,"date":"2018-09-04T16:45:31","date_gmt":"2018-09-04T07:45:31","guid":{"rendered":"http:\/\/www.swindustry.com\/es\/?page_id=432"},"modified":"2019-03-11T02:15:31","modified_gmt":"2019-03-10T17:15:31","slug":"buchholz-relay","status":"publish","type":"page","link":"https:\/\/www.swindustry.com\/es\/buchholz-relay\/","title":{"rendered":"Rel\u00e9 Buchholz"},"content":{"rendered":"<section class=\"l-section wpb_row height_small\"><div class=\"l-section-h i-cf\"><div class=\"g-cols vc_row type_default valign_top\"><div class=\"vc_col-sm-12 wpb_column vc_column_container\"><div class=\"vc_column-inner\"><div class=\"wpb_wrapper\"><div class=\"wpb_text_column\" ><div class=\"wpb_wrapper\"><blockquote>\n<h1><strong>Rel\u00e9 <span style=\"color: #ee6c00;\">Buchholz<\/span><\/strong><\/h1>\n<\/blockquote>\n<\/div><\/div><\/div><\/div><\/div><\/div><\/div><\/section><section class=\"l-section wpb_row height_small\"><div class=\"l-section-h i-cf\"><div class=\"g-cols vc_row type_default valign_top\"><div class=\"vc_col-sm-12 wpb_column vc_column_container\"><div class=\"vc_column-inner\"><div class=\"wpb_wrapper\"><div class=\"g-cols wpb_row  type_default valign_top vc_inner\"><div class=\"vc_col-sm-4 wpb_column vc_column_container\"><div class=\"vc_column-inner\"><div class=\"wpb_wrapper\"><div class=\"w-image align_center\"><div class=\"w-image-h\"><img width=\"320\" height=\"344\" src=\"https:\/\/www.swindustry.com\/es\/wp-content\/uploads\/2018\/09\/product_Buchholz-Relay.jpg\" class=\"attachment-us_320_0 size-us_320_0\" alt=\"\" loading=\"lazy\" srcset=\"https:\/\/www.swindustry.com\/es\/wp-content\/uploads\/2018\/09\/product_Buchholz-Relay.jpg 384w, https:\/\/www.swindustry.com\/es\/wp-content\/uploads\/2018\/09\/product_Buchholz-Relay-279x300.jpg 279w\" sizes=\"(max-width: 320px) 100vw, 320px\" \/><\/div><\/div><\/div><\/div><\/div><div class=\"vc_col-sm-8 wpb_column vc_column_container\"><div class=\"vc_column-inner\"><div class=\"wpb_wrapper\"><div class=\"w-image align_center\"><div class=\"w-image-h\"><img width=\"420\" height=\"249\" src=\"https:\/\/www.swindustry.com\/es\/wp-content\/uploads\/2018\/09\/drawing_Buchholz-Relay.gif\" class=\"attachment-us_420_0 size-us_420_0\" alt=\"\" loading=\"lazy\" \/><\/div><\/div><\/div><\/div><\/div><\/div><div class=\"w-separator size_custom\" style=\"height:20px\"><\/div><div class=\"wpb_text_column\" ><div class=\"wpb_wrapper\"><h5><i class=\"fas fa-arrow-circle-right\"><\/i>\u00a0Dimensi\u00f3n del producto<\/h5>\n<p style=\"text-align: right;\">(mm)<\/p>\n<table class=\"hee\" style=\"width: 100%; border-collapse: collapse;\" border=\"1\">\n<tbody>\n<tr>\n<td bgcolor=\"#006699\"><span style=\"color: #ffffff;\">Modelo<\/span><\/td>\n<td bgcolor=\"#006699\"><span style=\"color: #ffffff;\">Tama\u00f1o<\/span><\/td>\n<td bgcolor=\"#006699\"><span style=\"color: #ffffff;\">A<\/span><\/td>\n<td bgcolor=\"#006699\"><span style=\"color: #ffffff;\">B<\/span><\/td>\n<td bgcolor=\"#006699\"><span style=\"color: #ffffff;\">\u00d8C<\/span><\/td>\n<td bgcolor=\"#006699\"><span style=\"color: #ffffff;\">D<\/span><\/td>\n<td bgcolor=\"#006699\"><span style=\"color: #ffffff;\">\u00d8E<\/span><\/td>\n<td bgcolor=\"#006699\"><span style=\"color: #ffffff;\">Volumen de gas (cc)<\/span><\/td>\n<td bgcolor=\"#006699\"><span style=\"color: #ffffff;\">Velocidad del aceite (cm\/s)<\/span><\/td>\n<\/tr>\n<tr>\n<td>KP1701<\/td>\n<td>2\u2033<\/td>\n<td>242<\/td>\n<td>185<\/td>\n<td>140<\/td>\n<td>110<\/td>\n<td>52<\/td>\n<td>300<\/td>\n<td>75-140<\/td>\n<\/tr>\n<tr>\n<td>KP1702<\/td>\n<td>3\u2033<\/td>\n<td>267<\/td>\n<td>185<\/td>\n<td>160<\/td>\n<td>130<\/td>\n<td>80<\/td>\n<td>350<\/td>\n<td>90-160<\/td>\n<\/tr>\n<\/tbody>\n<\/table>\n<\/div><\/div><div class=\"w-separator size_custom\" style=\"height:20px\"><\/div><div class=\"wpb_text_column\" ><div class=\"wpb_wrapper\"><ul>\n<li>Los datos en detalle est\u00e1n disponibles bajo petici\u00f3n.<\/li>\n<li>IP 55<\/li>\n<\/ul>\n<\/div><\/div><\/div><\/div><\/div><\/div><\/div><\/section><section class=\"l-section wpb_row height_small\"><div class=\"l-section-h i-cf\"><div class=\"g-cols vc_row type_default valign_top\"><div class=\"vc_col-sm-12 wpb_column vc_column_container\"><div class=\"vc_column-inner\"><div class=\"wpb_wrapper\"><div class=\"w-separator size_custom\" style=\"height:32px\"><\/div><\/div><\/div><\/div><\/div><\/div><\/section>\n","protected":false},"excerpt":{"rendered":"Rel\u00e9 Buchholz \u00a0Dimensi\u00f3n del producto (mm) Modelo Tama\u00f1o A B \u00d8C D \u00d8E Volumen de gas (cc) Velocidad del aceite (cm\/s) KP1701 2\u2033 242 185 140 110 52 300 75-140 KP1702 3\u2033 267 185 160 130 80 350 90-160 Los datos en detalle est\u00e1n disponibles bajo petici\u00f3n. IP 55","protected":false},"author":1,"featured_media":0,"parent":0,"menu_order":0,"comment_status":"closed","ping_status":"closed","template":"","meta":[],"_links":{"self":[{"href":"https:\/\/www.swindustry.com\/es\/wp-json\/wp\/v2\/pages\/432"}],"collection":[{"href":"https:\/\/www.swindustry.com\/es\/wp-json\/wp\/v2\/pages"}],"about":[{"href":"https:\/\/www.swindustry.com\/es\/wp-json\/wp\/v2\/types\/page"}],"author":[{"embeddable":true,"href":"https:\/\/www.swindustry.com\/es\/wp-json\/wp\/v2\/users\/1"}],"replies":[{"embeddable":true,"href":"https:\/\/www.swindustry.com\/es\/wp-json\/wp\/v2\/comments?post=432"}],"version-history":[{"count":3,"href":"https:\/\/www.swindustry.com\/es\/wp-json\/wp\/v2\/pages\/432\/revisions"}],"predecessor-version":[{"id":1177,"href":"https:\/\/www.swindustry.com\/es\/wp-json\/wp\/v2\/pages\/432\/revisions\/1177"}],"wp:attachment":[{"href":"https:\/\/www.swindustry.com\/es\/wp-json\/wp\/v2\/media?parent=432"}],"curies":[{"name":"wp","href":"https:\/\/api.w.org\/{rel}","templated":true}]}}