{"id":434,"date":"2018-09-04T16:45:58","date_gmt":"2018-09-04T07:45:58","guid":{"rendered":"http:\/\/www.swindustry.com\/es\/?page_id=434"},"modified":"2021-01-04T15:29:45","modified_gmt":"2021-01-04T06:29:45","slug":"cambiador-de-toma","status":"publish","type":"page","link":"https:\/\/www.swindustry.com\/es\/cambiador-de-toma\/","title":{"rendered":"Cambiador de toma"},"content":{"rendered":"<section class=\"l-section wpb_row height_small\"><div class=\"l-section-h i-cf\"><div class=\"g-cols vc_row type_default valign_top\"><div class=\"vc_col-sm-12 wpb_column vc_column_container\"><div class=\"vc_column-inner\"><div class=\"wpb_wrapper\"><div class=\"wpb_text_column\" ><div class=\"wpb_wrapper\"><blockquote>\n<h1><strong><span style=\"color: #ee6c00;\">Deshidratadores <span style=\"color: #000000;\">a s\u00edlica gel para transformadores<\/span><\/span><\/strong><\/h1>\n<\/blockquote>\n<\/div><\/div><\/div><\/div><\/div><\/div><\/div><\/section><section class=\"l-section wpb_row height_small\"><div class=\"l-section-h i-cf\"><div class=\"g-cols vc_row type_default valign_top\"><div class=\"vc_col-sm-12 wpb_column vc_column_container\"><div class=\"vc_column-inner\"><div class=\"wpb_wrapper\"><div class=\"w-image align_center animate_afb\"><div class=\"w-image-h\"><img width=\"474\" height=\"529\" src=\"https:\/\/www.swindustry.com\/es\/wp-content\/uploads\/2020\/12\/Dehydrating-Breathers.jpg\" class=\"attachment-large size-large\" alt=\"\" loading=\"lazy\" srcset=\"https:\/\/www.swindustry.com\/es\/wp-content\/uploads\/2020\/12\/Dehydrating-Breathers.jpg 474w, https:\/\/www.swindustry.com\/es\/wp-content\/uploads\/2020\/12\/Dehydrating-Breathers-269x300.jpg 269w, https:\/\/www.swindustry.com\/es\/wp-content\/uploads\/2020\/12\/Dehydrating-Breathers-320x357.jpg 320w, https:\/\/www.swindustry.com\/es\/wp-content\/uploads\/2020\/12\/Dehydrating-Breathers-420x469.jpg 420w\" sizes=\"(max-width: 474px) 100vw, 474px\" \/><\/div><\/div><div class=\"w-separator size_custom\" style=\"height:20px\"><\/div><div class=\"wpb_text_column\" ><div class=\"wpb_wrapper\"><h5><i class=\"fas fa-arrow-circle-right\"><\/i> Especificaci\u00f3n<\/h5>\n<\/div><\/div><div class=\"wpb_text_column\" ><div class=\"wpb_wrapper\"><p>Los deshidratadores se usan para eliminar la humedad del aire y \u00e9sta no entre en contacto con el aceite diel\u00e9ctrico del transformador, debido a los cambios de temperatura por efectos de la carga o el mismo medio ambiente<\/p>\n<\/div><\/div><div class=\"wpb_text_column\" ><div class=\"wpb_wrapper\"><table class=\"hee\" style=\"border-collapse: collapse; width: 98.4082%;\" border=\"1\" width=\"100%\">\n<tbody>\n<tr>\n<td bgcolor=\"#000000\"><span style=\"color: #ffffff;\">Modelo<\/span><\/td>\n<td bgcolor=\"#006699\"><span style=\"color: #ffffff;\">Espec.<\/span><\/td>\n<td bgcolor=\"#006699\"><span style=\"color: #ffffff;\">Uso<\/span><\/td>\n<td bgcolor=\"#000000\"><span style=\"color: #ffffff;\">Modelo<\/span><\/td>\n<td bgcolor=\"#006699\"><span style=\"color: #ffffff;\">Espec.<\/span><\/td>\n<td bgcolor=\"#006699\"><span style=\"color: #ffffff;\">Uso<\/span><\/td>\n<\/tr>\n<tr>\n<td>KP0101<\/td>\n<td>&#8211;<\/td>\n<td>Pole Transformer<\/td>\n<td>KP0106<\/td>\n<td>1000g<\/td>\n<td rowspan=\"7\">Transformadores medianos y grandes<\/td>\n<\/tr>\n<tr>\n<td>KP0102<\/td>\n<td>200g<\/td>\n<td rowspan=\"4\">Transformadores peque\u00f1os y medianos<\/td>\n<td>KP0108<\/td>\n<td>2000g<\/td>\n<\/tr>\n<tr>\n<td>KP0103<\/td>\n<td>300g<\/td>\n<td>KP0109<\/td>\n<td>3000g<\/td>\n<\/tr>\n<tr>\n<td>KP0104<\/td>\n<td>500g<\/td>\n<td>KP0110<\/td>\n<td>1600g<\/td>\n<\/tr>\n<tr>\n<td>KP0105<\/td>\n<td>760g<\/td>\n<td>KP0111<\/td>\n<td>2600g<\/td>\n<\/tr>\n<tr>\n<td><\/td>\n<td><\/td>\n<td><\/td>\n<td>KP0112<\/td>\n<td>3600g<\/td>\n<\/tr>\n<tr>\n<td><\/td>\n<td><\/td>\n<td><\/td>\n<td>KP0113<\/td>\n<td>4600g<\/td>\n<\/tr>\n<\/tbody>\n<\/table>\n<ul>\n<li>KP0108~KP0133: El cuerpo principal se fabrica en acero y junta tipo brida<\/li>\n<li>Los datos en detalle est\u00e1n disponibles bajo peticion.<\/li>\n<\/ul>\n<\/div><\/div><\/div><\/div><\/div><\/div><\/div><\/section><section class=\"l-section wpb_row height_small\"><div class=\"l-section-h i-cf\"><div class=\"g-cols vc_row type_default valign_top\"><div class=\"vc_col-sm-12 wpb_column vc_column_container\"><div class=\"vc_column-inner\"><div class=\"wpb_wrapper\"><div class=\"w-separator size_custom\" style=\"height:22px\"><\/div><\/div><\/div><\/div><\/div><\/div><\/section>\n","protected":false},"excerpt":{"rendered":"Deshidratadores a s\u00edlica gel para transformadores Especificaci\u00f3n Los deshidratadores se usan para eliminar la humedad del aire y \u00e9sta no entre en contacto con el aceite diel\u00e9ctrico del transformador, debido a los cambios de temperatura por efectos de la carga o el mismo medio ambiente Modelo Espec. Uso Modelo Espec. Uso KP0101 &#8211; Pole Transformer...","protected":false},"author":1,"featured_media":0,"parent":0,"menu_order":0,"comment_status":"closed","ping_status":"closed","template":"","meta":[],"_links":{"self":[{"href":"https:\/\/www.swindustry.com\/es\/wp-json\/wp\/v2\/pages\/434"}],"collection":[{"href":"https:\/\/www.swindustry.com\/es\/wp-json\/wp\/v2\/pages"}],"about":[{"href":"https:\/\/www.swindustry.com\/es\/wp-json\/wp\/v2\/types\/page"}],"author":[{"embeddable":true,"href":"https:\/\/www.swindustry.com\/es\/wp-json\/wp\/v2\/users\/1"}],"replies":[{"embeddable":true,"href":"https:\/\/www.swindustry.com\/es\/wp-json\/wp\/v2\/comments?post=434"}],"version-history":[{"count":3,"href":"https:\/\/www.swindustry.com\/es\/wp-json\/wp\/v2\/pages\/434\/revisions"}],"predecessor-version":[{"id":1239,"href":"https:\/\/www.swindustry.com\/es\/wp-json\/wp\/v2\/pages\/434\/revisions\/1239"}],"wp:attachment":[{"href":"https:\/\/www.swindustry.com\/es\/wp-json\/wp\/v2\/media?parent=434"}],"curies":[{"name":"wp","href":"https:\/\/api.w.org\/{rel}","templated":true}]}}