{"id":436,"date":"2018-09-04T16:48:37","date_gmt":"2018-09-04T07:48:37","guid":{"rendered":"http:\/\/www.swindustry.com\/es\/?page_id=436"},"modified":"2021-01-07T18:58:49","modified_gmt":"2021-01-07T09:58:49","slug":"vacuum-pump-copper-al-foil-wire","status":"publish","type":"page","link":"https:\/\/www.swindustry.com\/es\/vacuum-pump-copper-al-foil-wire\/","title":{"rendered":"Bomba de vac\u00edo, Aluminio y cobre, Cable"},"content":{"rendered":"<section class=\"l-section wpb_row height_small\"><div class=\"l-section-h i-cf\"><div class=\"g-cols vc_row type_default valign_top\"><div class=\"vc_col-sm-12 wpb_column vc_column_container\"><div class=\"vc_column-inner\"><div class=\"wpb_wrapper\"><div class=\"wpb_text_column\" ><div class=\"wpb_wrapper\"><blockquote>\n<h1><strong>Bomba de vac\u00edo, Aluminio y cobre, Cable<\/strong><\/h1>\n<\/blockquote>\n<\/div><\/div><div class=\"wpb_text_column us_custom_8a3c403a\" ><div class=\"wpb_wrapper\"><ul>\n<li>Bomba de vac\u00edo rotativa de aceite<\/li>\n<li>Bomba de vac\u00edo seca<\/li>\n<li>Bomba auxiliar mec\u00e1nica y etc.<\/li>\n<\/ul>\n<\/div><\/div><\/div><\/div><\/div><\/div><\/div><\/section><section class=\"l-section wpb_row height_small\"><div class=\"l-section-h i-cf\"><div class=\"g-cols vc_row type_default valign_top\"><div class=\"vc_col-sm-3 wpb_column vc_column_container\"><div class=\"vc_column-inner\"><div class=\"wpb_wrapper\"><div class=\"w-image align_center\"><div class=\"w-image-h\"><img width=\"292\" height=\"413\" src=\"https:\/\/www.swindustry.com\/es\/wp-content\/uploads\/2018\/09\/product_Vacuum-Pump02.jpg\" class=\"attachment-full size-full\" alt=\"\" loading=\"lazy\" srcset=\"https:\/\/www.swindustry.com\/es\/wp-content\/uploads\/2018\/09\/product_Vacuum-Pump02.jpg 292w, https:\/\/www.swindustry.com\/es\/wp-content\/uploads\/2018\/09\/product_Vacuum-Pump02-212x300.jpg 212w\" sizes=\"(max-width: 292px) 100vw, 292px\" \/><\/div><\/div><\/div><\/div><\/div><div class=\"vc_col-sm-9 wpb_column vc_column_container\"><div class=\"vc_column-inner\"><div class=\"wpb_wrapper\"><div class=\"g-cols wpb_row  type_default valign_top vc_inner\"><div class=\"vc_col-sm-6 wpb_column vc_column_container\"><div class=\"vc_column-inner\"><div class=\"wpb_wrapper\"><div class=\"w-image align_center\"><div class=\"w-image-h\"><img width=\"541\" height=\"413\" src=\"https:\/\/www.swindustry.com\/es\/wp-content\/uploads\/2018\/09\/product_Vacuum-Pump04.jpg\" class=\"attachment-full size-full\" alt=\"\" loading=\"lazy\" srcset=\"https:\/\/www.swindustry.com\/es\/wp-content\/uploads\/2018\/09\/product_Vacuum-Pump04.jpg 541w, https:\/\/www.swindustry.com\/es\/wp-content\/uploads\/2018\/09\/product_Vacuum-Pump04-300x229.jpg 300w\" sizes=\"(max-width: 541px) 100vw, 541px\" \/><\/div><\/div><\/div><\/div><\/div><div class=\"vc_col-sm-6 wpb_column vc_column_container\"><div class=\"vc_column-inner\"><div class=\"wpb_wrapper\"><div class=\"w-image align_center\"><div class=\"w-image-h\"><img width=\"541\" height=\"413\" src=\"https:\/\/www.swindustry.com\/es\/wp-content\/uploads\/2018\/09\/product_Vacuum-Pump05.jpg\" class=\"attachment-full size-full\" alt=\"\" loading=\"lazy\" srcset=\"https:\/\/www.swindustry.com\/es\/wp-content\/uploads\/2018\/09\/product_Vacuum-Pump05.jpg 541w, https:\/\/www.swindustry.com\/es\/wp-content\/uploads\/2018\/09\/product_Vacuum-Pump05-300x229.jpg 300w\" sizes=\"(max-width: 541px) 100vw, 541px\" \/><\/div><\/div><\/div><\/div><\/div><\/div><\/div><\/div><\/div><\/div><\/div><\/section><section class=\"l-section wpb_row height_auto\"><div class=\"l-section-h i-cf\"><div class=\"g-cols vc_row type_default valign_top\"><div class=\"vc_col-sm-12 wpb_column vc_column_container\"><div class=\"vc_column-inner\"><div class=\"wpb_wrapper\"><div class=\"wpb_text_column\" ><div class=\"wpb_wrapper\"><ul>\n<li>El cat\u00e1logo de detalle est\u00e1 disponible bajo petici\u00f3n.<\/li>\n<\/ul>\n<\/div><\/div><div class=\"w-separator size_custom\" style=\"height:32px\"><\/div><\/div><\/div><\/div><\/div><\/div><\/section><section class=\"l-section wpb_row height_small\"><div class=\"l-section-h i-cf\"><div class=\"g-cols vc_row type_default valign_top\"><div class=\"vc_col-sm-2 wpb_column vc_column_container\"><div class=\"vc_column-inner\"><div class=\"wpb_wrapper\"><\/div><\/div><\/div><div class=\"vc_col-sm-8 wpb_column vc_column_container\"><div class=\"vc_column-inner\"><div class=\"wpb_wrapper\"><div class=\"g-cols wpb_row  type_default valign_top vc_inner\"><div class=\"vc_col-sm-6 vc_col-xs-6 wpb_column vc_column_container\"><div class=\"vc_column-inner\"><div class=\"wpb_wrapper\"><div class=\"w-image align_center\"><div class=\"w-image-h\"><img width=\"292\" height=\"413\" src=\"https:\/\/www.swindustry.com\/es\/wp-content\/uploads\/2018\/09\/product_Vacuum-Pump03.jpg\" class=\"attachment-full size-full\" alt=\"\" loading=\"lazy\" srcset=\"https:\/\/www.swindustry.com\/es\/wp-content\/uploads\/2018\/09\/product_Vacuum-Pump03.jpg 292w, https:\/\/www.swindustry.com\/es\/wp-content\/uploads\/2018\/09\/product_Vacuum-Pump03-212x300.jpg 212w\" sizes=\"(max-width: 292px) 100vw, 292px\" \/><\/div><\/div><\/div><\/div><\/div><div class=\"vc_col-sm-6 vc_col-xs-6 wpb_column vc_column_container\"><div class=\"vc_column-inner\"><div class=\"wpb_wrapper\"><div class=\"w-image align_center\"><div class=\"w-image-h\"><img width=\"292\" height=\"413\" src=\"https:\/\/www.swindustry.com\/es\/wp-content\/uploads\/2018\/09\/product_Vacuum-Pump01.jpg\" class=\"attachment-full size-full\" alt=\"\" loading=\"lazy\" srcset=\"https:\/\/www.swindustry.com\/es\/wp-content\/uploads\/2018\/09\/product_Vacuum-Pump01.jpg 292w, https:\/\/www.swindustry.com\/es\/wp-content\/uploads\/2018\/09\/product_Vacuum-Pump01-212x300.jpg 212w\" sizes=\"(max-width: 292px) 100vw, 292px\" \/><\/div><\/div><\/div><\/div><\/div><\/div><\/div><\/div><\/div><div class=\"vc_col-sm-2 wpb_column vc_column_container\"><div class=\"vc_column-inner\"><div class=\"wpb_wrapper\"><\/div><\/div><\/div><\/div><\/div><\/section><section class=\"l-section wpb_row height_auto\"><div class=\"l-section-h i-cf\"><div class=\"g-cols vc_row type_default valign_top\"><div class=\"vc_col-sm-12 wpb_column vc_column_container\"><div class=\"vc_column-inner\"><div class=\"wpb_wrapper\"><div class=\"wpb_text_column\" ><div class=\"wpb_wrapper\"><ul>\n<li>El cat\u00e1logo de detalle est\u00e1 disponible bajo petici\u00f3n.<\/li>\n<\/ul>\n<\/div><\/div><div class=\"w-separator size_custom\" style=\"height:32px\"><\/div><\/div><\/div><\/div><\/div><\/div><\/section>\n","protected":false},"excerpt":{"rendered":"Bomba de vac\u00edo, Aluminio y cobre, Cable Bomba de vac\u00edo rotativa de aceite Bomba de vac\u00edo seca Bomba auxiliar mec\u00e1nica y etc. El cat\u00e1logo de detalle est\u00e1 disponible bajo petici\u00f3n. El cat\u00e1logo de detalle est\u00e1 disponible bajo petici\u00f3n.","protected":false},"author":1,"featured_media":0,"parent":0,"menu_order":0,"comment_status":"closed","ping_status":"closed","template":"","meta":[],"_links":{"self":[{"href":"https:\/\/www.swindustry.com\/es\/wp-json\/wp\/v2\/pages\/436"}],"collection":[{"href":"https:\/\/www.swindustry.com\/es\/wp-json\/wp\/v2\/pages"}],"about":[{"href":"https:\/\/www.swindustry.com\/es\/wp-json\/wp\/v2\/types\/page"}],"author":[{"embeddable":true,"href":"https:\/\/www.swindustry.com\/es\/wp-json\/wp\/v2\/users\/1"}],"replies":[{"embeddable":true,"href":"https:\/\/www.swindustry.com\/es\/wp-json\/wp\/v2\/comments?post=436"}],"version-history":[{"count":4,"href":"https:\/\/www.swindustry.com\/es\/wp-json\/wp\/v2\/pages\/436\/revisions"}],"predecessor-version":[{"id":1246,"href":"https:\/\/www.swindustry.com\/es\/wp-json\/wp\/v2\/pages\/436\/revisions\/1246"}],"wp:attachment":[{"href":"https:\/\/www.swindustry.com\/es\/wp-json\/wp\/v2\/media?parent=436"}],"curies":[{"name":"wp","href":"https:\/\/api.w.org\/{rel}","templated":true}]}}