{"id":49,"date":"2018-08-03T13:44:06","date_gmt":"2018-08-03T04:44:06","guid":{"rendered":"http:\/\/www.swindustry.com\/es\/?page_id=49"},"modified":"2018-11-07T09:08:53","modified_gmt":"2018-11-07T00:08:53","slug":"exhibition","status":"publish","type":"page","link":"https:\/\/www.swindustry.com\/es\/exhibition\/","title":{"rendered":"F\u00c9RIAS"},"content":{"rendered":"<section class=\"l-section wpb_row height_small\"><div class=\"l-section-h i-cf\"><div class=\"g-cols vc_row type_default valign_top\"><div class=\"vc_col-sm-12 wpb_column vc_column_container\"><div class=\"vc_column-inner\"><div class=\"wpb_wrapper\"><div id=\"ultimate-heading-764369d0f691ba710\" class=\"uvc-heading ult-adjust-bottom-margin ultimate-heading-764369d0f691ba710 uvc-8447 \" data-hspacer=\"line_only\"  data-halign=\"left\" style=\"text-align:left\"><div class=\"uvc-main-heading ult-responsive\"  data-ultimate-target='.uvc-heading.ultimate-heading-764369d0f691ba710 h2'  data-responsive-json-new='{\"font-size\":\"\",\"line-height\":\"\"}' ><h2 style=\"font-weight:normal;\">F\u00c9RIAS<\/h2><\/div><div class=\"uvc-heading-spacer line_only\" style=\"topheight:1px;\"><span class=\"uvc-headings-line\" style=\"border-style:solid;border-bottom-width:1px;border-color:#ededed;width:autopx;\"><\/span><\/div><\/div><\/div><\/div><\/div><\/div><\/div><\/section><section class=\"l-section wpb_row height_small\"><div class=\"l-section-h i-cf\"><div class=\"g-cols vc_row type_default valign_top\"><div class=\"vc_col-sm-12 wpb_column vc_column_container\"><div class=\"vc_column-inner\"><div class=\"wpb_wrapper\"><div class=\"wpb_text_column\" ><div class=\"wpb_wrapper\"><div id=\"kboard-ocean-gallery-list\">\r\n\t<div class=\"kboard-header\">\r\n\t\t<!-- \uce74\ud14c\uace0\ub9ac \uc2dc\uc791 -->\r\n\t\t\t\t<!-- \uce74\ud14c\uace0\ub9ac \ub05d -->\r\n\t<\/div>\r\n\t\r\n\t<!-- \ub9ac\uc2a4\ud2b8 \uc2dc\uc791 -->\r\n\t<div class=\"kboard-list\">\r\n\t\t\t\t<div class=\"kboard-gallery-item\">\r\n\t\t\t<a href=\"\/es\/wp-json\/wp\/v2\/pages\/49?uid=24&mod=document\">\r\n\t\t\t\t<div class=\"kboard-gallery-thumbnail\">\r\n\t\t\t\t\t\t\t\t\t\t<img src=\"http:\/\/www.swindustry.com\/es\/wp-content\/uploads\/kboard_attached\/3\/202511\/691ecb25a02f75656830-220x155.jpg\" alt=\"\">\r\n\t\t\t\t\t\t\t\t\t\t<div class=\"kboard-gallery-foreground\"><img src=\"https:\/\/www.swindustry.com\/es\/wp-content\/plugins\/kboard\/skin\/ocean-gallery\/images\/over-foreground.png\" alt=\"\"><\/div>\r\n\t\t\t\t\t<div class=\"kboard-gallery-username\">2025\/11\/20 by. swindustry<\/div>\r\n\t\t\t\t<\/div>\r\n\t\t\t\t<div class=\"kboard-gallery-title\">Electric &amp; Power Indonesia 2025<\/div>\r\n\t\t\t<\/a>\r\n\t\t<\/div>\r\n\t\t\t<div class=\"kboard-gallery-item\">\r\n\t\t\t<a href=\"\/es\/wp-json\/wp\/v2\/pages\/49?uid=22&mod=document&pageid=1\">\r\n\t\t\t\t<div class=\"kboard-gallery-thumbnail\">\r\n\t\t\t\t\t\t\t\t\t\t<img src=\"http:\/\/www.swindustry.com\/es\/wp-content\/uploads\/kboard_attached\/3\/202505\/68132473338013259761-220x155.jpg\" alt=\"\">\r\n\t\t\t\t\t\t\t\t\t\t<div class=\"kboard-gallery-foreground\"><img src=\"https:\/\/www.swindustry.com\/es\/wp-content\/plugins\/kboard\/skin\/ocean-gallery\/images\/over-foreground.png\" alt=\"\"><\/div>\r\n\t\t\t\t\t<div class=\"kboard-gallery-username\">2025\/05\/01 by. swindustry<\/div>\r\n\t\t\t\t<\/div>\r\n\t\t\t\t<div class=\"kboard-gallery-title\">Middle East Energy Dubai 2025\u00a0<\/div>\r\n\t\t\t<\/a>\r\n\t\t<\/div>\r\n\t\t\t<div class=\"kboard-gallery-item\">\r\n\t\t\t<a href=\"\/es\/wp-json\/wp\/v2\/pages\/49?uid=19&mod=document&pageid=1\">\r\n\t\t\t\t<div class=\"kboard-gallery-thumbnail\">\r\n\t\t\t\t\t\t\t\t\t\t<img src=\"http:\/\/www.swindustry.com\/es\/wp-content\/uploads\/kboard_attached\/3\/202307\/64a3a0a0f1b6a4473547-220x155.png\" alt=\"\">\r\n\t\t\t\t\t\t\t\t\t\t<div class=\"kboard-gallery-foreground\"><img src=\"https:\/\/www.swindustry.com\/es\/wp-content\/plugins\/kboard\/skin\/ocean-gallery\/images\/over-foreground.png\" alt=\"\"><\/div>\r\n\t\t\t\t\t<div class=\"kboard-gallery-username\">2023\/07\/04 by. swindustry<\/div>\r\n\t\t\t\t<\/div>\r\n\t\t\t\t<div class=\"kboard-gallery-title\">ELECS-Electric Energy Show 2023<\/div>\r\n\t\t\t<\/a>\r\n\t\t<\/div>\r\n\t\t\t<div class=\"kboard-gallery-item\">\r\n\t\t\t<a href=\"\/es\/wp-json\/wp\/v2\/pages\/49?uid=18&mod=document&pageid=1\">\r\n\t\t\t\t<div class=\"kboard-gallery-thumbnail\">\r\n\t\t\t\t\t\t\t\t\t\t<img src=\"http:\/\/www.swindustry.com\/es\/wp-content\/uploads\/kboard_attached\/3\/202208\/6305e44dd8a945545409-220x155.jpg\" alt=\"\">\r\n\t\t\t\t\t\t\t\t\t\t<div class=\"kboard-gallery-foreground\"><img src=\"https:\/\/www.swindustry.com\/es\/wp-content\/plugins\/kboard\/skin\/ocean-gallery\/images\/over-foreground.png\" alt=\"\"><\/div>\r\n\t\t\t\t\t<div class=\"kboard-gallery-username\">2022\/08\/24 by. swindustry<\/div>\r\n\t\t\t\t<\/div>\r\n\t\t\t\t<div class=\"kboard-gallery-title\">KOSEF, VIETNAM ETE &amp; ENERTEC Expo 2022<\/div>\r\n\t\t\t<\/a>\r\n\t\t<\/div>\r\n\t\t\t<div class=\"kboard-gallery-item\">\r\n\t\t\t<a href=\"\/es\/wp-json\/wp\/v2\/pages\/49?uid=15&mod=document&pageid=1\">\r\n\t\t\t\t<div class=\"kboard-gallery-thumbnail\">\r\n\t\t\t\t\t\t\t\t\t\t<img src=\"http:\/\/www.swindustry.com\/es\/wp-content\/uploads\/kboard_attached\/3\/201908\/5d56680ebf8f49909360-220x155.jpg\" alt=\"\">\r\n\t\t\t\t\t\t\t\t\t\t<div class=\"kboard-gallery-foreground\"><img src=\"https:\/\/www.swindustry.com\/es\/wp-content\/plugins\/kboard\/skin\/ocean-gallery\/images\/over-foreground.png\" alt=\"\"><\/div>\r\n\t\t\t\t\t<div class=\"kboard-gallery-username\">2020\/11\/12 by. swindustry<\/div>\r\n\t\t\t\t<\/div>\r\n\t\t\t\t<div class=\"kboard-gallery-title\">2019  VIETNAM ETE &amp; ENERTEC Expo<\/div>\r\n\t\t\t<\/a>\r\n\t\t<\/div>\r\n\t\t\t<div class=\"kboard-gallery-item\">\r\n\t\t\t<a href=\"\/es\/wp-json\/wp\/v2\/pages\/49?uid=17&mod=document&pageid=1\">\r\n\t\t\t\t<div class=\"kboard-gallery-thumbnail\">\r\n\t\t\t\t\t\t\t\t\t\t<img src=\"http:\/\/www.swindustry.com\/es\/wp-content\/uploads\/kboard_attached\/3\/201912\/5df1f1ec023512722495-220x155.jpg\" alt=\"\">\r\n\t\t\t\t\t\t\t\t\t\t<div class=\"kboard-gallery-foreground\"><img src=\"https:\/\/www.swindustry.com\/es\/wp-content\/plugins\/kboard\/skin\/ocean-gallery\/images\/over-foreground.png\" alt=\"\"><\/div>\r\n\t\t\t\t\t<div class=\"kboard-gallery-username\">2020\/11\/12 by. swindustry<\/div>\r\n\t\t\t\t<\/div>\r\n\t\t\t\t<div class=\"kboard-gallery-title\">Electricx Cairo 2019<\/div>\r\n\t\t\t<\/a>\r\n\t\t<\/div>\r\n\t\t\t<div class=\"kboard-gallery-item\">\r\n\t\t\t<a href=\"\/es\/wp-json\/wp\/v2\/pages\/49?uid=7&mod=document&pageid=1\">\r\n\t\t\t\t<div class=\"kboard-gallery-thumbnail\">\r\n\t\t\t\t\t\t\t\t\t\t<img src=\"http:\/\/www.swindustry.com\/es\/wp-content\/uploads\/kboard_thumbnails\/3\/201809\/5b91eb7449e786902579-220x155.jpg\" alt=\"\">\r\n\t\t\t\t\t\t\t\t\t\t<div class=\"kboard-gallery-foreground\"><img src=\"https:\/\/www.swindustry.com\/es\/wp-content\/plugins\/kboard\/skin\/ocean-gallery\/images\/over-foreground.png\" alt=\"\"><\/div>\r\n\t\t\t\t\t<div class=\"kboard-gallery-username\">2020\/11\/12 by. swindustry<\/div>\r\n\t\t\t\t<\/div>\r\n\t\t\t\t<div class=\"kboard-gallery-title\">2018 IEEE PES T&amp;D (Denver \u2013 EE. UU)<\/div>\r\n\t\t\t<\/a>\r\n\t\t<\/div>\r\n\t\t\t<div class=\"kboard-gallery-item\">\r\n\t\t\t<a href=\"\/es\/wp-json\/wp\/v2\/pages\/49?uid=6&mod=document&pageid=1\">\r\n\t\t\t\t<div class=\"kboard-gallery-thumbnail\">\r\n\t\t\t\t\t\t\t\t\t\t<img src=\"http:\/\/www.swindustry.com\/es\/wp-content\/uploads\/kboard_thumbnails\/3\/201809\/5b91eaba53cd93818248-220x155.jpg\" alt=\"\">\r\n\t\t\t\t\t\t\t\t\t\t<div class=\"kboard-gallery-foreground\"><img src=\"https:\/\/www.swindustry.com\/es\/wp-content\/plugins\/kboard\/skin\/ocean-gallery\/images\/over-foreground.png\" alt=\"\"><\/div>\r\n\t\t\t\t\t<div class=\"kboard-gallery-username\">2020\/11\/12 by. swindustry<\/div>\r\n\t\t\t\t<\/div>\r\n\t\t\t\t<div class=\"kboard-gallery-title\">2017 Feria Comercial Internacional: Industria de la Electricidad, Electr\u00f3nica, Energ\u00e9tica y de la Automatizaci\u00f3n<\/div>\r\n\t\t\t<\/a>\r\n\t\t<\/div>\r\n\t\t\t<div class=\"kboard-gallery-item\">\r\n\t\t\t<a href=\"\/es\/wp-json\/wp\/v2\/pages\/49?uid=5&mod=document&pageid=1\">\r\n\t\t\t\t<div class=\"kboard-gallery-thumbnail\">\r\n\t\t\t\t\t\t\t\t\t\t<img src=\"http:\/\/www.swindustry.com\/es\/wp-content\/uploads\/kboard_thumbnails\/3\/201809\/5b91e9e453cf91488439-220x155.jpg\" alt=\"\">\r\n\t\t\t\t\t\t\t\t\t\t<div class=\"kboard-gallery-foreground\"><img src=\"https:\/\/www.swindustry.com\/es\/wp-content\/plugins\/kboard\/skin\/ocean-gallery\/images\/over-foreground.png\" alt=\"\"><\/div>\r\n\t\t\t\t\t<div class=\"kboard-gallery-username\">2020\/11\/12 by. swindustry<\/div>\r\n\t\t\t\t<\/div>\r\n\t\t\t\t<div class=\"kboard-gallery-title\">2016 Feria Internacional de Electricidad de Ir\u00e1n (IEE)<\/div>\r\n\t\t\t<\/a>\r\n\t\t<\/div>\r\n\t\t<\/div>\r\n\t<!-- \ub9ac\uc2a4\ud2b8 \ub05d -->\r\n\t\r\n\t<!-- \ud398\uc774\uc9d5 \uc2dc\uc791 -->\r\n\t<div class=\"kboard-pagination\">\r\n\t\t<ul class=\"kboard-pagination-pages\">\r\n\t\t\t<li class=\"active\"><a href=\"?pageid=1&mod=list\" onclick=\"return false\">1<\/a><\/li><li><a href=\"?pageid=2&mod=list\">2<\/a><\/li><li class=\"next-page\"><a href=\"?pageid=2&mod=list\">\u00bb<\/a><\/li><li class=\"last-page\"><a href=\"?pageid=2&mod=list\">Last<\/a><\/li>\t\t<\/ul>\r\n\t<\/div>\r\n\t<!-- \ud398\uc774\uc9d5 \ub05d -->\r\n\t\r\n\t<form id=\"kboard-search-form\" method=\"get\" action=\"\/es\/wp-json\/wp\/v2\/pages\/49?pageid=1\">\r\n\t\t<input type=\"hidden\" name=\"mod\" value=\"list\"><input type=\"hidden\" name=\"pageid\" value=\"1\">\t\t<div class=\"kboard-search\">\r\n\t\t\t<select name=\"target\">\r\n\t\t\t\t<option value=\"\">All<\/option>\r\n\t\t\t\t<option value=\"title\">Title<\/option>\r\n\t\t\t\t<option value=\"content\">Content<\/option>\r\n\t\t\t\t<option value=\"member_display\">Author<\/option>\r\n\t\t\t<\/select>\r\n\t\t\t<input type=\"text\" name=\"keyword\" value=\"\">\r\n\t\t\t<button type=\"submit\" class=\"kboard-ocean-gallery-button-small\">Search<\/button>\r\n\t\t<\/div>\r\n\t<\/form>\r\n\t\r\n\t\t\r\n\t\t<div class=\"kboard-ocean-gallery-poweredby\">\r\n\t\t<a href=\"http:\/\/www.cosmosfarm.com\/products\/kboard\" onclick=\"window.open(this.href);return false;\" title=\"KBoard is the best community software available for WordPress\">Powered by KBoard<\/a>\r\n\t<\/div>\r\n\t<\/div>\n<\/div><\/div><\/div><\/div><\/div><\/div><\/div><\/section>\n","protected":false},"excerpt":{"rendered":"F\u00c9RIAS 2025\/11\/20 by. swindustry Electric &amp; Power Indonesia 2025 2025\/05\/01 by. swindustry Middle East Energy Dubai 2025\u00a0 2023\/07\/04 by. swindustry ELECS-Electric Energy Show 2023 2022\/08\/24 by. swindustry KOSEF, VIETNAM ETE &amp; ENERTEC Expo 2022 2020\/11\/12 by. swindustry 2019 VIETNAM ETE &amp; ENERTEC Expo 2020\/11\/12 by. swindustry Electricx Cairo 2019 2020\/11\/12 by. swindustry 2018 IEEE PES...","protected":false},"author":1,"featured_media":0,"parent":0,"menu_order":0,"comment_status":"closed","ping_status":"closed","template":"","meta":[],"_links":{"self":[{"href":"https:\/\/www.swindustry.com\/es\/wp-json\/wp\/v2\/pages\/49"}],"collection":[{"href":"https:\/\/www.swindustry.com\/es\/wp-json\/wp\/v2\/pages"}],"about":[{"href":"https:\/\/www.swindustry.com\/es\/wp-json\/wp\/v2\/types\/page"}],"author":[{"embeddable":true,"href":"https:\/\/www.swindustry.com\/es\/wp-json\/wp\/v2\/users\/1"}],"replies":[{"embeddable":true,"href":"https:\/\/www.swindustry.com\/es\/wp-json\/wp\/v2\/comments?post=49"}],"version-history":[{"count":3,"href":"https:\/\/www.swindustry.com\/es\/wp-json\/wp\/v2\/pages\/49\/revisions"}],"predecessor-version":[{"id":1156,"href":"https:\/\/www.swindustry.com\/es\/wp-json\/wp\/v2\/pages\/49\/revisions\/1156"}],"wp:attachment":[{"href":"https:\/\/www.swindustry.com\/es\/wp-json\/wp\/v2\/media?parent=49"}],"curies":[{"name":"wp","href":"https:\/\/api.w.org\/{rel}","templated":true}]}}